{"id":412,"date":"2022-08-28T23:10:30","date_gmt":"2022-08-28T23:10:30","guid":{"rendered":"https:\/\/canadamama.ca\/?page_id=412"},"modified":"2022-08-28T23:10:31","modified_gmt":"2022-08-28T23:10:31","slug":"optima","status":"publish","type":"page","link":"https:\/\/canadamama.ca\/es\/pack\/optima\/","title":{"rendered":"Paquete de servicios \"\u00f3ptimo"},"content":{"rendered":"<p>Es el m\u00e1s adecuado para quienes est\u00e1n acostumbrados a tener el control de ciertos procesos, lo que naturalmente reduce su coste en comparaci\u00f3n con el segundo conjunto de servicios \"Confort\". No incluye traslados y acompa\u00f1amiento a la reinscripci\u00f3n, visita al hospital, int\u00e9rprete para las visitas al ginec\u00f3logo\/obstetra, servicio completo de conserjer\u00eda, entrega de comestibles y compras directamente en su piso. En su lugar, se ocupar\u00e1 de su comodidad un asistente personal de interpretaci\u00f3n para fines personales (50 horas para todo el periodo).<\/p>\n\n\n\n<h2 class=\"wp-block-heading\">\u00bfQu\u00e9 servicios incluye el paquete?<\/h2>\n\n\n\n<figure class=\"wp-block-image alignleft size-full\"><img decoding=\"async\" width=\"60\" height=\"60\" src=\"https:\/\/canadamama.ca\/wp-content\/uploads\/2022\/08\/icon-pack-medicine.png\" alt=\"Medicina\" class=\"wp-image-407\"\/><\/figure>\n\n\n\n<h3 class=\"wp-block-heading\">Medicina<\/h3>\n\n\n\n<ul><li>Parto en una sala de 2 camas en presencia de un int\u00e9rprete m\u00e9dico (desde el momento del ingreso en el hospital y 2 horas despu\u00e9s del parto).<\/li><li>Conductor de urgencia para un viaje de emergencia al hospital para dar a luz (a cualquier hora del d\u00eda)<\/li><li>Anestesia (epidural para parto natural y raqu\u00eddea para ces\u00e1rea)<\/li><\/ul>\n\n\n\n<figure class=\"wp-block-image alignleft size-full\"><img decoding=\"async\" width=\"60\" height=\"60\" src=\"https:\/\/canadamama.ca\/wp-content\/uploads\/2022\/08\/icon-pack-docs.png\" alt=\"Documentos\" class=\"wp-image-408\"\/><\/figure>\n\n\n\n<h3 class=\"wp-block-heading\">Documentos<\/h3>\n\n\n\n<ul><li>Preparaci\u00f3n de todos los documentos necesarios y obtenci\u00f3n del visado para Canad\u00e1<\/li><li>Certificado canadiense y pasaporte para un ni\u00f1o. Asistencia con el papeleo del pa\u00eds de origen del progenitor actual.<\/li><\/ul>\n\n\n\n<figure class=\"wp-block-image alignleft size-full\"><img decoding=\"async\" width=\"60\" height=\"60\" src=\"https:\/\/canadamama.ca\/wp-content\/uploads\/2022\/08\/icon-pack-chat.png\" alt=\"Apoyo psicol\u00f3gico\" class=\"wp-image-409\"\/><\/figure>\n\n\n\n<h3 class=\"wp-block-heading\">Apoyo psicol\u00f3gico<\/h3>\n\n\n\n<ul><li>Apoyo psicol\u00f3gico y preparaci\u00f3n para la llegada a Canad\u00e1<\/li><li>Asistencia en la elecci\u00f3n de m\u00e9dico y hospital (pago del m\u00e9dico y de las 24 horas de hospitalizaci\u00f3n)<\/li><\/ul>\n\n\n\n<figure class=\"wp-block-image alignleft size-full\"><img decoding=\"async\" width=\"60\" height=\"60\" src=\"https:\/\/canadamama.ca\/wp-content\/uploads\/2022\/08\/icon-pack-group.png\" alt=\"Cuestiones de organizaci\u00f3n\" class=\"wp-image-410\"\/><\/figure>\n\n\n\n<h3 class=\"wp-block-heading\">Cuestiones de organizaci\u00f3n<\/h3>\n\n\n\n<ul><li>Selecci\u00f3n de la vivienda de alquiler por un agente inmobiliario autorizado, asistencia en la firma del contrato y mudanza<\/li><li>Organizaci\u00f3n de traslados al aeropuerto<\/li><li>Seleccionar un veh\u00edculo de alquiler y realizar los tr\u00e1mites necesarios<\/li><li>Cita con el pediatra<\/li><li>Puesta a disposici\u00f3n de un int\u00e9rprete asistente para uso personal<\/li><li>Traslado y acompa\u00f1amiento de un int\u00e9rprete en todas las visitas al ginec\u00f3logo-obstetra (si el m\u00e9dico es angl\u00f3fono).<\/li><\/ul>","protected":false},"excerpt":{"rendered":"<p>Es el m\u00e1s adecuado para quienes est\u00e1n acostumbrados a tener el control de ciertos procesos, lo que naturalmente reduce su coste en comparaci\u00f3n con el segundo conjunto de servicios \"Confort\". No incluye traslados y acompa\u00f1amiento al reingreso, visitas al hospital, un int\u00e9rprete para las visitas al ginec\u00f3logo\/obstetra, servicio completo de conserjer\u00eda, comestibles y compras entregados directamente en su piso. En su lugar, su [....]<\/p>","protected":false},"author":1,"featured_media":0,"parent":33,"menu_order":0,"comment_status":"closed","ping_status":"closed","template":"","meta":{"site-sidebar-layout":"default","site-content-layout":"","ast-site-content-layout":"","site-content-style":"default","site-sidebar-style":"default","ast-global-header-display":"","ast-banner-title-visibility":"","ast-main-header-display":"","ast-hfb-above-header-display":"","ast-hfb-below-header-display":"","ast-hfb-mobile-header-display":"","site-post-title":"","ast-breadcrumbs-content":"","ast-featured-img":"","footer-sml-layout":"","theme-transparent-header-meta":"","adv-header-id-meta":"","stick-header-meta":"","header-above-stick-meta":"","header-main-stick-meta":"","header-below-stick-meta":"","astra-migrate-meta-layouts":"default","ast-page-background-enabled":"default","ast-page-background-meta":{"desktop":{"background-color":"var(--ast-global-color-4)","background-image":"","background-repeat":"repeat","background-position":"center center","background-size":"auto","background-attachment":"scroll","background-type":"","background-media":"","overlay-type":"","overlay-color":"","overlay-gradient":""},"tablet":{"background-color":"","background-image":"","background-repeat":"repeat","background-position":"center center","background-size":"auto","background-attachment":"scroll","background-type":"","background-media":"","overlay-type":"","overlay-color":"","overlay-gradient":""},"mobile":{"background-color":"","background-image":"","background-repeat":"repeat","background-position":"center center","background-size":"auto","background-attachment":"scroll","background-type":"","background-media":"","overlay-type":"","overlay-color":"","overlay-gradient":""}},"ast-content-background-meta":{"desktop":{"background-color":"var(--ast-global-color-5)","background-image":"","background-repeat":"repeat","background-position":"center center","background-size":"auto","background-attachment":"scroll","background-type":"","background-media":"","overlay-type":"","overlay-color":"","overlay-gradient":""},"tablet":{"background-color":"var(--ast-global-color-5)","background-image":"","background-repeat":"repeat","background-position":"center center","background-size":"auto","background-attachment":"scroll","background-type":"","background-media":"","overlay-type":"","overlay-color":"","overlay-gradient":""},"mobile":{"background-color":"var(--ast-global-color-5)","background-image":"","background-repeat":"repeat","background-position":"center center","background-size":"auto","background-attachment":"scroll","background-type":"","background-media":"","overlay-type":"","overlay-color":"","overlay-gradient":""}},"footnotes":""},"_links":{"self":[{"href":"https:\/\/canadamama.ca\/es\/wp-json\/wp\/v2\/pages\/412"}],"collection":[{"href":"https:\/\/canadamama.ca\/es\/wp-json\/wp\/v2\/pages"}],"about":[{"href":"https:\/\/canadamama.ca\/es\/wp-json\/wp\/v2\/types\/page"}],"author":[{"embeddable":true,"href":"https:\/\/canadamama.ca\/es\/wp-json\/wp\/v2\/users\/1"}],"replies":[{"embeddable":true,"href":"https:\/\/canadamama.ca\/es\/wp-json\/wp\/v2\/comments?post=412"}],"version-history":[{"count":1,"href":"https:\/\/canadamama.ca\/es\/wp-json\/wp\/v2\/pages\/412\/revisions"}],"predecessor-version":[{"id":413,"href":"https:\/\/canadamama.ca\/es\/wp-json\/wp\/v2\/pages\/412\/revisions\/413"}],"up":[{"embeddable":true,"href":"https:\/\/canadamama.ca\/es\/wp-json\/wp\/v2\/pages\/33"}],"wp:attachment":[{"href":"https:\/\/canadamama.ca\/es\/wp-json\/wp\/v2\/media?parent=412"}],"curies":[{"name":"wp","href":"https:\/\/api.w.org\/{rel}","templated":true}]}}