{"id":406,"date":"2022-08-28T22:52:56","date_gmt":"2022-08-28T22:52:56","guid":{"rendered":"https:\/\/canadamama.ca\/?page_id=406"},"modified":"2022-08-28T22:53:19","modified_gmt":"2022-08-28T22:53:19","slug":"econom","status":"publish","type":"page","link":"https:\/\/canadamama.ca\/es\/pack\/econom\/","title":{"rendered":"Paquete econ\u00f3mico"},"content":{"rendered":"<h2 class=\"wp-block-heading\">\u00bfQu\u00e9 servicios incluye el paquete?<\/h2>\n\n\n\n<figure class=\"wp-block-image alignleft size-full\"><img decoding=\"async\" width=\"60\" height=\"60\" src=\"https:\/\/canadamama.ca\/wp-content\/uploads\/2022\/08\/icon-pack-medicine.png\" alt=\"Medicina\" class=\"wp-image-407\"\/><\/figure>\n\n\n\n<h3 class=\"wp-block-heading\">Medicina<\/h3>\n\n\n\n<ul><li>Parto en una sala de 2 camas en presencia de un int\u00e9rprete m\u00e9dico (desde el momento del ingreso en el hospital y 2 horas despu\u00e9s del parto).<\/li><li>Conductor de urgencia para un viaje de emergencia al hospital para dar a luz (a cualquier hora del d\u00eda)<\/li><\/ul>\n\n\n\n<figure class=\"wp-block-image alignleft size-full\"><img decoding=\"async\" width=\"60\" height=\"60\" src=\"https:\/\/canadamama.ca\/wp-content\/uploads\/2022\/08\/icon-pack-docs.png\" alt=\"Documentos\" class=\"wp-image-408\"\/><\/figure>\n\n\n\n<h3 class=\"wp-block-heading\">Documentos<\/h3>\n\n\n\n<ul><li>Certificado canadiense y pasaporte para un ni\u00f1o. Asistencia con el papeleo del pa\u00eds de origen del progenitor actual.<\/li><\/ul>\n\n\n\n<figure class=\"wp-block-image alignleft size-full\"><img decoding=\"async\" width=\"60\" height=\"60\" src=\"https:\/\/canadamama.ca\/wp-content\/uploads\/2022\/08\/icon-pack-chat.png\" alt=\"Apoyo psicol\u00f3gico\" class=\"wp-image-409\"\/><\/figure>\n\n\n\n<h3 class=\"wp-block-heading\">Apoyo psicol\u00f3gico<\/h3>\n\n\n\n<ul><li>Apoyo psicol\u00f3gico y preparaci\u00f3n para la llegada a Canad\u00e1<\/li><li>Asistencia en la elecci\u00f3n de m\u00e9dico y hospital (pago del m\u00e9dico y de las 24 horas de hospitalizaci\u00f3n)<\/li><\/ul>\n\n\n\n<figure class=\"wp-block-image alignleft size-full\"><img decoding=\"async\" width=\"60\" height=\"60\" src=\"https:\/\/canadamama.ca\/wp-content\/uploads\/2022\/08\/icon-pack-group.png\" alt=\"Cuestiones de organizaci\u00f3n\" class=\"wp-image-410\"\/><\/figure>\n\n\n\n<h3 class=\"wp-block-heading\">Cuestiones de organizaci\u00f3n<\/h3>\n\n\n\n<ul><li>Organizaci\u00f3n de traslados al aeropuerto<\/li><li>Cita con el pediatra<\/li><\/ul>","protected":false},"excerpt":{"rendered":"<p>\u00bfQu\u00e9 servicios incluye el paquete? Parto m\u00e9dico en una habitaci\u00f3n de 2 camas con un int\u00e9rprete m\u00e9dico (desde el momento del ingreso en el hospital y 2 horas despu\u00e9s del parto) Conductor para desplazamientos de urgencia al hospital para el parto (a cualquier hora del d\u00eda o de la noche) Documentos Registro del certificado canadiense y pasaporte para el ni\u00f1o. Asistencia con la documentaci\u00f3n del pa\u00eds de residencia actual de los padres Apoyo psicol\u00f3gico [...].<\/p>","protected":false},"author":1,"featured_media":0,"parent":33,"menu_order":0,"comment_status":"closed","ping_status":"closed","template":"","meta":{"site-sidebar-layout":"default","site-content-layout":"","ast-site-content-layout":"","site-content-style":"default","site-sidebar-style":"default","ast-global-header-display":"","ast-banner-title-visibility":"","ast-main-header-display":"","ast-hfb-above-header-display":"","ast-hfb-below-header-display":"","ast-hfb-mobile-header-display":"","site-post-title":"","ast-breadcrumbs-content":"","ast-featured-img":"","footer-sml-layout":"","theme-transparent-header-meta":"","adv-header-id-meta":"","stick-header-meta":"","header-above-stick-meta":"","header-main-stick-meta":"","header-below-stick-meta":"","astra-migrate-meta-layouts":"default","ast-page-background-enabled":"default","ast-page-background-meta":{"desktop":{"background-color":"var(--ast-global-color-4)","background-image":"","background-repeat":"repeat","background-position":"center center","background-size":"auto","background-attachment":"scroll","background-type":"","background-media":"","overlay-type":"","overlay-color":"","overlay-gradient":""},"tablet":{"background-color":"","background-image":"","background-repeat":"repeat","background-position":"center center","background-size":"auto","background-attachment":"scroll","background-type":"","background-media":"","overlay-type":"","overlay-color":"","overlay-gradient":""},"mobile":{"background-color":"","background-image":"","background-repeat":"repeat","background-position":"center center","background-size":"auto","background-attachment":"scroll","background-type":"","background-media":"","overlay-type":"","overlay-color":"","overlay-gradient":""}},"ast-content-background-meta":{"desktop":{"background-color":"var(--ast-global-color-5)","background-image":"","background-repeat":"repeat","background-position":"center center","background-size":"auto","background-attachment":"scroll","background-type":"","background-media":"","overlay-type":"","overlay-color":"","overlay-gradient":""},"tablet":{"background-color":"var(--ast-global-color-5)","background-image":"","background-repeat":"repeat","background-position":"center center","background-size":"auto","background-attachment":"scroll","background-type":"","background-media":"","overlay-type":"","overlay-color":"","overlay-gradient":""},"mobile":{"background-color":"var(--ast-global-color-5)","background-image":"","background-repeat":"repeat","background-position":"center center","background-size":"auto","background-attachment":"scroll","background-type":"","background-media":"","overlay-type":"","overlay-color":"","overlay-gradient":""}},"footnotes":""},"_links":{"self":[{"href":"https:\/\/canadamama.ca\/es\/wp-json\/wp\/v2\/pages\/406"}],"collection":[{"href":"https:\/\/canadamama.ca\/es\/wp-json\/wp\/v2\/pages"}],"about":[{"href":"https:\/\/canadamama.ca\/es\/wp-json\/wp\/v2\/types\/page"}],"author":[{"embeddable":true,"href":"https:\/\/canadamama.ca\/es\/wp-json\/wp\/v2\/users\/1"}],"replies":[{"embeddable":true,"href":"https:\/\/canadamama.ca\/es\/wp-json\/wp\/v2\/comments?post=406"}],"version-history":[{"count":1,"href":"https:\/\/canadamama.ca\/es\/wp-json\/wp\/v2\/pages\/406\/revisions"}],"predecessor-version":[{"id":411,"href":"https:\/\/canadamama.ca\/es\/wp-json\/wp\/v2\/pages\/406\/revisions\/411"}],"up":[{"embeddable":true,"href":"https:\/\/canadamama.ca\/es\/wp-json\/wp\/v2\/pages\/33"}],"wp:attachment":[{"href":"https:\/\/canadamama.ca\/es\/wp-json\/wp\/v2\/media?parent=406"}],"curies":[{"name":"wp","href":"https:\/\/api.w.org\/{rel}","templated":true}]}}