{"id":376,"date":"2022-08-28T20:43:42","date_gmt":"2022-08-28T20:43:42","guid":{"rendered":"https:\/\/canadamama.ca\/?page_id=376"},"modified":"2023-02-11T21:34:50","modified_gmt":"2023-02-11T21:34:50","slug":"car","status":"publish","type":"page","link":"https:\/\/canadamama.ca\/es\/car\/","title":{"rendered":"Alquiler de coches en Canad\u00e1"},"content":{"rendered":"<p>El principal objetivo de Canada Mama Consulting es proporcionar a sus clientes la estancia m\u00e1s c\u00f3moda en Canad\u00e1. Nos ocupamos de todo, desde los visados y los billetes de avi\u00f3n hasta la b\u00fasqueda de apartamentos acogedores y medios de transporte decentes. Berlinas ejecutivas, espaciosos monovol\u00famenes, rancheras, furgonetas, todoterrenos: s\u00f3lo se le proporcionar\u00e1n los mejores coches totalmente equipados.<\/p>\n\n\n\n<p><strong>El paquete de servicios incluye:<\/strong><\/p>\n\n\n\n<ul>\n<li>Explorar sus deseos;<\/li>\n\n\n\n<li>Supervisar el mercado y elegir la mejor opci\u00f3n;<\/li>\n\n\n\n<li>Selecci\u00f3n de modelos exclusivos, entre los que ocupan una categor\u00eda especial las rarezas y los deportivos;<\/li>\n\n\n\n<li>Entrega del coche en la direcci\u00f3n indicada por el cliente;<\/li>\n\n\n\n<li>Comprobaci\u00f3n del estado de mantenimiento y limpieza;<\/li>\n\n\n\n<li>Transporte de la m\u00e1quina una vez finalizado el alquiler;<\/li>\n\n\n\n<li>Instalaci\u00f3n de una silla de coche para ni\u00f1os (bajo petici\u00f3n);<\/li>\n\n\n\n<li>Instrucci\u00f3n sobre el funcionamiento de sistemas adicionales.<\/li>\n<\/ul>\n\n\n\n<p>El contrato de alquiler no tiene l\u00edmite de tiempo. Puede firmarse por varios d\u00edas o meses y prorrogarse seg\u00fan las necesidades. El coche alquilado est\u00e1 asegurado y equipado con navegador y dispositivo Sanpass, que permite circular por autopistas de peaje.<\/p>\n\n\n\n<p><strong>Caracter\u00edsticas del alquiler de coches:<\/strong><\/p>\n\n\n\n<ol>\n<li><strong>Fianza.<\/strong> Debe dejar una cantidad determinada como garant\u00eda de la integridad y seguridad de la propiedad.<\/li>\n\n\n\n<li><strong>Seguro.<\/strong> Como ya hemos dicho, todos los coches est\u00e1n asegurados inicialmente. Sin embargo, si se produce un siniestro asegurado, el importe gastado en reparaciones se deducir\u00e1 de la fianza.<\/li>\n\n\n\n<li><strong>Impuestos.<\/strong> Los arrendatarios de veh\u00edculos son iguales a sus propietarios. Por lo tanto, el precio puede incluir impuestos y tasas establecidos por la legislaci\u00f3n local.<\/li>\n\n\n\n<li><strong>Precio.<\/strong> La tarifa diaria depende no s\u00f3lo de la marca elegida, sino tambi\u00e9n del plazo. Cuanto m\u00e1s largo sea, m\u00e1s barata ser\u00e1 la factura al final. Un alquiler a corto plazo (igual que en el caso de la vivienda), costar\u00e1 m\u00e1s.<\/li>\n\n\n\n<li><strong>Sunpass.<\/strong> Se colocar\u00e1 en su parabrisas un dispositivo magn\u00e9tico especial que, siguiendo el principio de una tarjeta magn\u00e9tica, leer\u00e1 su dep\u00f3sito para pagar por conducir en autopistas seleccionadas.<\/li>\n<\/ol>\n\n\n\n<h2 class=\"wp-block-heading\">Coste del alquiler de coches en Canad\u00e1<\/h2>\n\n\n\n<p>Deteng\u00e1monos m\u00e1s en la cuesti\u00f3n de la pol\u00edtica de precios. La gama de modelos es bastante amplia, pero hemos podido destacar para usted las opciones m\u00e1s populares y sus costes de alquiler diarios y mensuales en diferentes segmentos de precios.<\/p>\n\n\n\n<h3 class=\"wp-block-heading\">Coches econ\u00f3micos<\/h3>\n\n\n\n<div class=\"wp-block-columns is-layout-flex wp-container-core-columns-layout-1 wp-block-columns-is-layout-flex\">\n<div class=\"wp-block-column is-layout-flow wp-block-column-is-layout-flow\">\n<figure class=\"wp-block-image size-full\"><img decoding=\"async\" width=\"244\" height=\"137\" src=\"https:\/\/canadamama.ca\/wp-content\/uploads\/2022\/08\/Dodge-Caravan.png\" alt=\"Dodge Caravan\" class=\"wp-image-147\"\/><figcaption class=\"wp-element-caption\"><strong>Dodge Caravan<\/strong><br><em>1300 $\/mes<br>60-90 $\/d\u00eda<\/em><\/figcaption><\/figure>\n<\/div>\n\n\n\n<div class=\"wp-block-column is-layout-flow wp-block-column-is-layout-flow\">\n<figure class=\"wp-block-image size-full\"><img decoding=\"async\" width=\"244\" height=\"137\" src=\"https:\/\/canadamama.ca\/wp-content\/uploads\/2022\/08\/Toyota-Camry.png\" alt=\"Toyota Camry\" class=\"wp-image-144\"\/><figcaption class=\"wp-element-caption\"><strong>Toyota Camry<\/strong><br><em>1000 $\/mes<br>30-70 $\/d\u00eda<\/em><\/figcaption><\/figure>\n<\/div>\n\n\n\n<div class=\"wp-block-column is-layout-flow wp-block-column-is-layout-flow\"><\/div>\n<\/div>\n\n\n\n<h3 class=\"wp-block-heading\">Segmento medio<\/h3>\n\n\n\n<div class=\"wp-block-columns is-layout-flex wp-container-core-columns-layout-2 wp-block-columns-is-layout-flex\">\n<div class=\"wp-block-column is-layout-flow wp-block-column-is-layout-flow\">\n<figure class=\"wp-block-image size-full\"><img decoding=\"async\" width=\"244\" height=\"137\" src=\"https:\/\/canadamama.ca\/wp-content\/uploads\/2022\/08\/Chrysler-300.png\" alt=\"Chrysler 300\" class=\"wp-image-146\"\/><figcaption class=\"wp-element-caption\"><strong>Chrysler 300<\/strong><br><em>1700 $\/mes<\/em><\/figcaption><\/figure>\n<\/div>\n\n\n\n<div class=\"wp-block-column is-layout-flow wp-block-column-is-layout-flow\"><\/div>\n\n\n\n<div class=\"wp-block-column is-layout-flow wp-block-column-is-layout-flow\"><\/div>\n<\/div>\n\n\n\n<h3 class=\"wp-block-heading\">Coches de lujo<\/h3>\n\n\n\n<div class=\"wp-block-columns is-layout-flex wp-container-core-columns-layout-3 wp-block-columns-is-layout-flex\">\n<div class=\"wp-block-column is-layout-flow wp-block-column-is-layout-flow\">\n<figure class=\"wp-block-image size-full\"><img decoding=\"async\" width=\"244\" height=\"137\" src=\"https:\/\/canadamama.ca\/wp-content\/uploads\/2022\/08\/BMW-6.png\" alt=\"BMW 6\" class=\"wp-image-145\"\/><figcaption class=\"wp-element-caption\"><strong>BMW 6<\/strong><br><em>130 $\/d\u00eda<\/em><\/figcaption><\/figure>\n<\/div>\n\n\n\n<div class=\"wp-block-column is-layout-flow wp-block-column-is-layout-flow\"><\/div>\n\n\n\n<div class=\"wp-block-column is-layout-flow wp-block-column-is-layout-flow\"><\/div>\n<\/div>\n\n\n\n<h2 class=\"wp-block-heading\">Ofertas de alquiler actuales de nuestros socios<\/h2>\n\n\n\n<figure class=\"wp-block-image size-full\"><img decoding=\"async\" width=\"828\" height=\"393\" src=\"https:\/\/canadamama.ca\/wp-content\/uploads\/2023\/02\/rent-car-dodge-grand-caravan.jpg\" alt=\"Alquilar un Dodge Gran Caravan en Canad\u00e1\" class=\"wp-image-917\" srcset=\"https:\/\/canadamama.ca\/wp-content\/uploads\/2023\/02\/rent-car-dodge-grand-caravan.jpg 828w, https:\/\/canadamama.ca\/wp-content\/uploads\/2023\/02\/rent-car-dodge-grand-caravan-710x337.jpg 710w, https:\/\/canadamama.ca\/wp-content\/uploads\/2023\/02\/rent-car-dodge-grand-caravan-768x365.jpg 768w, https:\/\/canadamama.ca\/wp-content\/uploads\/2023\/02\/rent-car-dodge-grand-caravan-18x9.jpg 18w\" sizes=\"(max-width: 828px) 100vw, 828px\" \/><figcaption class=\"wp-element-caption\">2013 Dodge Gran Caravan - $1300\/mes (seguro de 3\u00aa parte incluido)<\/figcaption><\/figure>\n\n\n\n<figure class=\"wp-block-image size-full\"><img decoding=\"async\" width=\"823\" height=\"393\" src=\"https:\/\/canadamama.ca\/wp-content\/uploads\/2023\/02\/rent-car-subaru-forester.jpg\" alt=\"Alquila un Subaru Forester en Canad\u00e1\" class=\"wp-image-918\" srcset=\"https:\/\/canadamama.ca\/wp-content\/uploads\/2023\/02\/rent-car-subaru-forester.jpg 823w, https:\/\/canadamama.ca\/wp-content\/uploads\/2023\/02\/rent-car-subaru-forester-710x339.jpg 710w, https:\/\/canadamama.ca\/wp-content\/uploads\/2023\/02\/rent-car-subaru-forester-768x367.jpg 768w, https:\/\/canadamama.ca\/wp-content\/uploads\/2023\/02\/rent-car-subaru-forester-18x9.jpg 18w\" sizes=\"(max-width: 823px) 100vw, 823px\" \/><figcaption class=\"wp-element-caption\">2013 Subaru Forester 2.5 AWD - $1200\/mes (seguro de 3\u00aa parte incluido)<\/figcaption><\/figure>\n\n\n\n<figure class=\"wp-block-image size-full\"><img decoding=\"async\" width=\"829\" height=\"398\" src=\"https:\/\/canadamama.ca\/wp-content\/uploads\/2023\/02\/rent-car-mazda-2.jpg\" alt=\"Alquila un Mazda 2 en Espa\u00f1a\" class=\"wp-image-919\" srcset=\"https:\/\/canadamama.ca\/wp-content\/uploads\/2023\/02\/rent-car-mazda-2.jpg 829w, https:\/\/canadamama.ca\/wp-content\/uploads\/2023\/02\/rent-car-mazda-2-710x341.jpg 710w, https:\/\/canadamama.ca\/wp-content\/uploads\/2023\/02\/rent-car-mazda-2-768x369.jpg 768w, https:\/\/canadamama.ca\/wp-content\/uploads\/2023\/02\/rent-car-mazda-2-18x9.jpg 18w\" sizes=\"(max-width: 829px) 100vw, 829px\" \/><figcaption class=\"wp-element-caption\">Mazda 2 2011 (Transmisi\u00f3n manual) - $1000\/mes (seguro de 3\u00aa parte incluido)<\/figcaption><\/figure>\n\n\n\n<ul>\n<li>S\u00f3lo alquiler a largo plazo (m\u00ednimo 1 mes)<\/li>\n\n\n\n<li>Entrega: Aeropuerto Pearson, Toronto, GTA, Barrie. <\/li>\n<\/ul>\n\n\n\n<h2 class=\"wp-block-heading\">Servicio de limusina<\/h2>\n\n\n\n<p>Si tiene previsto celebrar el nacimiento de un hijo o cualquier otra celebraci\u00f3n, puede aprovechar las ventajas del alquiler de limusinas. Siempre es espectacular, c\u00f3moda y muy bonita.<\/p>\n\n\n\n<p>\u00bfEn qu\u00e9 debo fijarme a la hora de elegir el mejor servicio de limusinas? El n\u00famero de plazas. Los modelos est\u00e1ndar suelen estar dise\u00f1ados para 7-9 personas. Hay variantes m\u00e1s espaciosas con iluminaci\u00f3n de ne\u00f3n, espejos y bar incorporado. Todo depende de las necesidades finales del cliente, si est\u00e1 planeando una \"fiesta sobre ruedas\" o espera un traslado c\u00f3modo y espectacular, \u00e9ste ser\u00e1 el factor determinante a la hora de elegir el tipo de coche.<\/p>\n\n\n\n<div class=\"wp-block-columns is-layout-flex wp-container-core-columns-layout-4 wp-block-columns-is-layout-flex\">\n<div class=\"wp-block-column is-layout-flow wp-block-column-is-layout-flow\">\n<figure class=\"wp-block-image size-full\"><img decoding=\"async\" width=\"357\" height=\"119\" src=\"https:\/\/canadamama.ca\/wp-content\/uploads\/2022\/08\/Lincoln-Town-Car.png\" alt=\"Lincoln Town Car\" class=\"wp-image-143\"\/><figcaption class=\"wp-element-caption\">Lincoln Town Car<\/figcaption><\/figure>\n<\/div>\n\n\n\n<div class=\"wp-block-column is-layout-flow wp-block-column-is-layout-flow\">\n<figure class=\"wp-block-image size-full\"><img decoding=\"async\" width=\"357\" height=\"119\" src=\"https:\/\/canadamama.ca\/wp-content\/uploads\/2022\/08\/Lincoln-MKT.png\" alt=\"Lincoln MKT\" class=\"wp-image-142\"\/><figcaption class=\"wp-element-caption\">Lincoln MKT<\/figcaption><\/figure>\n<\/div>\n\n\n\n<div class=\"wp-block-column is-layout-flow wp-block-column-is-layout-flow\">\n<figure class=\"wp-block-image size-full\"><img decoding=\"async\" width=\"357\" height=\"119\" src=\"https:\/\/canadamama.ca\/wp-content\/uploads\/2022\/08\/Cadillac.png\" alt=\"Cadillac\" class=\"wp-image-141\"\/><figcaption class=\"wp-element-caption\">Cadillac<\/figcaption><\/figure>\n<\/div>\n<\/div>\n\n\n\n<p>Alquilar un coche ejecutivo es un asunto muy delicado. No se moleste con semejante l\u00edo y conf\u00ede en los profesionales de Canada Mama Consulting.<\/p>\n\n\n\n<p><strong>Ventajas de cooperar con nosotros:<\/strong><\/p>\n\n\n\n<ul>\n<li>Gran variedad de modelos y marcas de renombre mundial;<\/li>\n\n\n\n<li>Impecable aspecto y estado t\u00e9cnico del coche;<\/li>\n\n\n\n<li>Conductores experimentados y con tacto;<\/li>\n\n\n\n<li>Coste agradable;<\/li>\n\n\n\n<li>Alta calidad de servicio.<\/li>\n\n\n\n<li>Haremos que su celebraci\u00f3n sea elegante y lujosa.<\/li>\n<\/ul>\n\n\n\n<p>Si sigue teniendo dudas, puede ponerse en contacto con nuestros gestores de la forma que le resulte m\u00e1s c\u00f3moda. Le ayudar\u00e1n a decidir su elecci\u00f3n y le proporcionar\u00e1n apoyo informativo cualificado.<\/p>","protected":false},"excerpt":{"rendered":"<p>El principal objetivo de Canada Mama Consulting es proporcionar a sus clientes la estancia m\u00e1s c\u00f3moda en Canad\u00e1. Nos ocupamos de todo, desde los visados y los billetes de avi\u00f3n hasta la b\u00fasqueda de apartamentos acogedores y medios de transporte decentes. Berlinas ejecutivas, espaciosos monovol\u00famenes, station wagon, furgonetas, todoterrenos - se le proporcionar\u00e1n s\u00f3lo los mejores coches con equipamiento completo. El paquete de servicios incluye: Contrato de alquiler [...].<\/p>","protected":false},"author":1,"featured_media":354,"parent":0,"menu_order":0,"comment_status":"closed","ping_status":"closed","template":"","meta":{"site-sidebar-layout":"default","site-content-layout":"","ast-site-content-layout":"","site-content-style":"default","site-sidebar-style":"default","ast-global-header-display":"","ast-banner-title-visibility":"","ast-main-header-display":"","ast-hfb-above-header-display":"","ast-hfb-below-header-display":"","ast-hfb-mobile-header-display":"","site-post-title":"","ast-breadcrumbs-content":"","ast-featured-img":"","footer-sml-layout":"","theme-transparent-header-meta":"","adv-header-id-meta":"","stick-header-meta":"","header-above-stick-meta":"","header-main-stick-meta":"","header-below-stick-meta":"","astra-migrate-meta-layouts":"default","ast-page-background-enabled":"default","ast-page-background-meta":{"desktop":{"background-color":"var(--ast-global-color-4)","background-image":"","background-repeat":"repeat","background-position":"center center","background-size":"auto","background-attachment":"scroll","background-type":"","background-media":"","overlay-type":"","overlay-color":"","overlay-gradient":""},"tablet":{"background-color":"","background-image":"","background-repeat":"repeat","background-position":"center center","background-size":"auto","background-attachment":"scroll","background-type":"","background-media":"","overlay-type":"","overlay-color":"","overlay-gradient":""},"mobile":{"background-color":"","background-image":"","background-repeat":"repeat","background-position":"center center","background-size":"auto","background-attachment":"scroll","background-type":"","background-media":"","overlay-type":"","overlay-color":"","overlay-gradient":""}},"ast-content-background-meta":{"desktop":{"background-color":"var(--ast-global-color-5)","background-image":"","background-repeat":"repeat","background-position":"center center","background-size":"auto","background-attachment":"scroll","background-type":"","background-media":"","overlay-type":"","overlay-color":"","overlay-gradient":""},"tablet":{"background-color":"var(--ast-global-color-5)","background-image":"","background-repeat":"repeat","background-position":"center center","background-size":"auto","background-attachment":"scroll","background-type":"","background-media":"","overlay-type":"","overlay-color":"","overlay-gradient":""},"mobile":{"background-color":"var(--ast-global-color-5)","background-image":"","background-repeat":"repeat","background-position":"center center","background-size":"auto","background-attachment":"scroll","background-type":"","background-media":"","overlay-type":"","overlay-color":"","overlay-gradient":""}},"footnotes":""},"_links":{"self":[{"href":"https:\/\/canadamama.ca\/es\/wp-json\/wp\/v2\/pages\/376"}],"collection":[{"href":"https:\/\/canadamama.ca\/es\/wp-json\/wp\/v2\/pages"}],"about":[{"href":"https:\/\/canadamama.ca\/es\/wp-json\/wp\/v2\/types\/page"}],"author":[{"embeddable":true,"href":"https:\/\/canadamama.ca\/es\/wp-json\/wp\/v2\/users\/1"}],"replies":[{"embeddable":true,"href":"https:\/\/canadamama.ca\/es\/wp-json\/wp\/v2\/comments?post=376"}],"version-history":[{"count":3,"href":"https:\/\/canadamama.ca\/es\/wp-json\/wp\/v2\/pages\/376\/revisions"}],"predecessor-version":[{"id":922,"href":"https:\/\/canadamama.ca\/es\/wp-json\/wp\/v2\/pages\/376\/revisions\/922"}],"wp:featuredmedia":[{"embeddable":true,"href":"https:\/\/canadamama.ca\/es\/wp-json\/wp\/v2\/media\/354"}],"wp:attachment":[{"href":"https:\/\/canadamama.ca\/es\/wp-json\/wp\/v2\/media?parent=376"}],"curies":[{"name":"wp","href":"https:\/\/api.w.org\/{rel}","templated":true}]}}