{"id":370,"date":"2022-08-28T14:29:33","date_gmt":"2022-08-28T14:29:33","guid":{"rendered":"https:\/\/canadamama.ca\/?page_id=370"},"modified":"2022-09-03T10:43:50","modified_gmt":"2022-09-03T10:43:50","slug":"oformlenie-vtorogo-grazhdanstva","status":"publish","type":"page","link":"https:\/\/canadamama.ca\/es\/oformlenie-vtorogo-grazhdanstva\/","title":{"rendered":"Obtener la nacionalidad canadiense por segunda vez"},"content":{"rendered":"<p>Con Canada Mama Consulting, puede tramitar pasaportes, visados y otros documentos sin esperar cita y en el menor tiempo posible.<\/p>\n\n\n\n<p><strong>Canad\u00e1 Mama Consulting ofrece:<\/strong><\/p>\n\n\n\n<ol><li>Expedici\u00f3n urgente de pasaportes rusos;<\/li><li>Autenticaci\u00f3n de documentos;<\/li><li>Legalizaci\u00f3n de documentos (especialmente certificados de nacimiento);<\/li><li>Ciudadan\u00eda rusa;<\/li><li>Ciudadan\u00eda y pasaporte ucranianos.<\/li><\/ol>\n\n\n\n<p>El proceso de tramitaci\u00f3n comienza inmediatamente despu\u00e9s de recibir de usted todos los datos necesarios para el procedimiento;<\/p>\n\n\n\n<p>No tiene que desplazarse a la oficina consular para presentar y recibir los documentos, podemos hacerlo nosotros mismos con su poder notarial.<\/p>\n\n\n\n<p>Nuestra empresa hace todo lo posible para que el proceso de tramitaci\u00f3n sea lo m\u00e1s c\u00f3modo y de alta calidad, por eso s\u00f3lo trabajamos con profesionales canadienses para obtener resultados:<\/p>\n\n\n\n<ul><li>sin esperas ni desplazamientos;<\/li><li>con el archivo y la recepci\u00f3n de documentos por correo;<\/li><li>lo antes posible.<\/li><\/ul>\n\n\n\n<p>Si solicita la segunda nacionalidad por su cuenta o utilizando los servicios de muchos de nuestros competidores, puede encontrarse con un momento muy desagradable: largos plazos. Despu\u00e9s de todo, si realiza la solicitud a trav\u00e9s de la embajada rusa de Canad\u00e1, el proceso puede durar 3 o incluso 5 meses, y esto no es un gasto peque\u00f1o, teniendo en cuenta que usted vive en Canad\u00e1 todo este tiempo.<\/p>\n\n\n\n<p>Trabajando con Canada Mama Consulting no solo ahorrar\u00e1 dinero, \u00a1sino tambi\u00e9n tiempo! Tramitaremos su segunda nacionalidad en tan solo dos semanas sin burocracia, nervios ni presencia personal.<\/p>\n\n\n\n<h2 class=\"wp-block-heading\">Autenticaci\u00f3n de documentos<\/h2>\n\n\n\n<p><strong>Autenticaci\u00f3n de documentos<\/strong> - un formulario internacional normalizado para rellenar informaci\u00f3n sobre la legalidad de un documento. Canada Mama Consulting ofrece la autenticaci\u00f3n de documentos sin presencia personal en el menor tiempo posible.<\/p>\n\n\n\n<blockquote class=\"wp-block-quote\"><p>La autenticaci\u00f3n de documentos tarda entre 2 y 3 semanas.<br>El coste de la autenticaci\u00f3n de documentos es - de 150$<\/p><\/blockquote>\n\n\n\n<h2 class=\"wp-block-heading\">Legalizaci\u00f3n de documentos<\/h2>\n\n\n\n<p>Proporcionamos a nuestros clientes cualquier tipo de asistencia en el \u00e1mbito de la legalizaci\u00f3n de documentos para Canad\u00e1, asegur\u00e1ndonos de que no cometa ning\u00fan error en este asunto.<\/p>\n\n\n\n<p>La legalizaci\u00f3n consular es un procedimiento m\u00e1s largo en comparaci\u00f3n con la autenticaci\u00f3n de documentos, que incluye la certificaci\u00f3n del documento en los organismos autorizados del Ministerio de Justicia, los organismos del Ministerio de Asuntos Exteriores y, a continuaci\u00f3n, en el consulado del pa\u00eds de destino. Hay que tener en cuenta que el documento s\u00f3lo tendr\u00e1 validez legal en el territorio del pa\u00eds cuyo sello consular figure en \u00e9l.<\/p>\n\n\n\n<p>Tambi\u00e9n hay que recordar que no s\u00f3lo los documentos expedidos en Canad\u00e1 est\u00e1n sujetos a legalizaci\u00f3n consular para su uso en la Federaci\u00f3n Rusa, sino tambi\u00e9n los documentos de otros pa\u00edses (incluida Rusia) para su uso en Canad\u00e1.<\/p>\n\n\n\n<blockquote class=\"wp-block-quote\"><p>Plazo de tramitaci\u00f3n de la legalizaci\u00f3n de documentos: 1-2 semanas.<br>Gastos de tramitaci\u00f3n - a partir de 400$<\/p><\/blockquote>\n\n\n\n<p><em>Especifique el n\u00famero y el nombre de los documentos que desea legalizar y calcularemos su opci\u00f3n con el coste y las condiciones \u00f3ptimas.<\/em><\/p>\n\n\n\n<h2 class=\"wp-block-heading\">Nacionalidad rusa y expedici\u00f3n del pasaporte ruso<\/h2>\n\n\n\n<figure class=\"wp-block-image alignleft size-full\"><img decoding=\"async\" width=\"220\" height=\"157\" src=\"https:\/\/canadamama.ca\/wp-content\/uploads\/2022\/08\/Pasport-grazhdanina-RF.png\" alt=\"Pasaporte de un ciudadano de la Federaci\u00f3n de Rusia\" class=\"wp-image-155\"\/><\/figure>\n\n\n\n<p>Expedici\u00f3n de pasaportes durante 5 a\u00f1os para adultos y ni\u00f1os mayores de 14 a\u00f1os.<\/p>\n\n\n\n<p>Tiempo de tramitaci\u00f3n - a partir de 2 semanas (si tiene un pasaporte interno original v\u00e1lido de la Federaci\u00f3n Rusa).<\/p>\n\n\n\n<p>Registro de pasaportes para menores de 14 a\u00f1os.<\/p>\n\n\n\n<p>Registro de la nacionalidad rusa de los hijos nacidos en Canad\u00e1.<\/p>\n\n\n\n<p>Registro de nuevos pasaportes internos de la Federaci\u00f3n Rusa al cumplir 14, 20 y 45 a\u00f1os de edad, as\u00ed como al cambiar de nombre\/apellido en el extranjero.<\/p>\n\n\n\n<blockquote class=\"wp-block-quote\"><p>Plazo de tramitaci\u00f3n: 2 semanas<br>Coste de la tramitaci\u00f3n de la nacionalidad y el pasaporte - a partir de 1200$<\/p><\/blockquote>\n\n\n\n<h2 class=\"wp-block-heading\">Nacionalidad ucraniana y expedici\u00f3n del pasaporte ucraniano<\/h2>\n\n\n\n<figure class=\"wp-block-image alignleft size-full\"><img decoding=\"async\" width=\"220\" height=\"157\" src=\"https:\/\/canadamama.ca\/wp-content\/uploads\/2022\/08\/Pasport-grazhdanina-Ukrainy.png\" alt=\"Pasaporte de un ciudadano de Ucrania\" class=\"wp-image-154\"\/><\/figure>\n\n\n\n<p>Expedici\u00f3n de pasaportes biom\u00e9tricos para ciudadanos menores de 16 a\u00f1os durante un periodo de 4 a\u00f1os;<\/p>\n\n\n\n<p>Expedici\u00f3n de un pasaporte biom\u00e9trico a los ciudadanos mayores de 16 a\u00f1os por un periodo de 10 a\u00f1os;<\/p>\n\n\n\n<p>Registro de la nacionalidad ucraniana de los hijos nacidos en Canad\u00e1.<\/p>\n\n\n\n<p>Registro de nuevos pasaportes internos de Ucrania al cumplir 14, 20 y 45 a\u00f1os de edad, as\u00ed como cambio de nombre\/apellido en el extranjero.<\/p>\n\n\n\n<blockquote class=\"wp-block-quote\"><p>El plazo de tramitaci\u00f3n es de 2 semanas.<br>Coste de la tramitaci\u00f3n de la nacionalidad y el pasaporte - a partir de 1200$<\/p><\/blockquote>","protected":false},"excerpt":{"rendered":"<p>Con Canada Mama Consulting podr\u00e1 tramitar pasaportes, visados y otros documentos sin esperar cita y en el menor tiempo posible. Canada Mama Consulting ofrece: Tramitaci\u00f3n urgente de pasaportes rusos; Autenticaci\u00f3n de documentos; Legalizaci\u00f3n de documentos (especialmente certificado de nacimiento); Ciudadan\u00eda rusa; Ciudadan\u00eda y pasaporte ucranianos. La tramitaci\u00f3n de documentos comienza inmediatamente despu\u00e9s de recibir su [...].<\/p>","protected":false},"author":1,"featured_media":352,"parent":0,"menu_order":0,"comment_status":"closed","ping_status":"closed","template":"","meta":{"site-sidebar-layout":"default","site-content-layout":"","ast-site-content-layout":"","site-content-style":"default","site-sidebar-style":"default","ast-global-header-display":"","ast-banner-title-visibility":"","ast-main-header-display":"","ast-hfb-above-header-display":"","ast-hfb-below-header-display":"","ast-hfb-mobile-header-display":"","site-post-title":"","ast-breadcrumbs-content":"","ast-featured-img":"","footer-sml-layout":"","theme-transparent-header-meta":"","adv-header-id-meta":"","stick-header-meta":"","header-above-stick-meta":"","header-main-stick-meta":"","header-below-stick-meta":"","astra-migrate-meta-layouts":"default","ast-page-background-enabled":"default","ast-page-background-meta":{"desktop":{"background-color":"var(--ast-global-color-4)","background-image":"","background-repeat":"repeat","background-position":"center center","background-size":"auto","background-attachment":"scroll","background-type":"","background-media":"","overlay-type":"","overlay-color":"","overlay-gradient":""},"tablet":{"background-color":"","background-image":"","background-repeat":"repeat","background-position":"center center","background-size":"auto","background-attachment":"scroll","background-type":"","background-media":"","overlay-type":"","overlay-color":"","overlay-gradient":""},"mobile":{"background-color":"","background-image":"","background-repeat":"repeat","background-position":"center center","background-size":"auto","background-attachment":"scroll","background-type":"","background-media":"","overlay-type":"","overlay-color":"","overlay-gradient":""}},"ast-content-background-meta":{"desktop":{"background-color":"var(--ast-global-color-5)","background-image":"","background-repeat":"repeat","background-position":"center center","background-size":"auto","background-attachment":"scroll","background-type":"","background-media":"","overlay-type":"","overlay-color":"","overlay-gradient":""},"tablet":{"background-color":"var(--ast-global-color-5)","background-image":"","background-repeat":"repeat","background-position":"center center","background-size":"auto","background-attachment":"scroll","background-type":"","background-media":"","overlay-type":"","overlay-color":"","overlay-gradient":""},"mobile":{"background-color":"var(--ast-global-color-5)","background-image":"","background-repeat":"repeat","background-position":"center center","background-size":"auto","background-attachment":"scroll","background-type":"","background-media":"","overlay-type":"","overlay-color":"","overlay-gradient":""}},"footnotes":""},"_links":{"self":[{"href":"https:\/\/canadamama.ca\/es\/wp-json\/wp\/v2\/pages\/370"}],"collection":[{"href":"https:\/\/canadamama.ca\/es\/wp-json\/wp\/v2\/pages"}],"about":[{"href":"https:\/\/canadamama.ca\/es\/wp-json\/wp\/v2\/types\/page"}],"author":[{"embeddable":true,"href":"https:\/\/canadamama.ca\/es\/wp-json\/wp\/v2\/users\/1"}],"replies":[{"embeddable":true,"href":"https:\/\/canadamama.ca\/es\/wp-json\/wp\/v2\/comments?post=370"}],"version-history":[{"count":2,"href":"https:\/\/canadamama.ca\/es\/wp-json\/wp\/v2\/pages\/370\/revisions"}],"predecessor-version":[{"id":372,"href":"https:\/\/canadamama.ca\/es\/wp-json\/wp\/v2\/pages\/370\/revisions\/372"}],"wp:featuredmedia":[{"embeddable":true,"href":"https:\/\/canadamama.ca\/es\/wp-json\/wp\/v2\/media\/352"}],"wp:attachment":[{"href":"https:\/\/canadamama.ca\/es\/wp-json\/wp\/v2\/media?parent=370"}],"curies":[{"name":"wp","href":"https:\/\/api.w.org\/{rel}","templated":true}]}}