{"id":362,"date":"2022-08-28T14:13:50","date_gmt":"2022-08-28T14:13:50","guid":{"rendered":"https:\/\/canadamama.ca\/?page_id=362"},"modified":"2022-09-03T12:46:38","modified_gmt":"2022-09-03T12:46:38","slug":"plastic-surgery","status":"publish","type":"page","link":"https:\/\/canadamama.ca\/es\/plastic-surgery\/","title":{"rendered":"Cirug\u00eda pl\u00e1stica en Canad\u00e1"},"content":{"rendered":"<p>Las personas que se esfuerzan por estar siempre j\u00f3venes y atractivas independientemente de su edad recurren inevitablemente a la medicina pl\u00e1stica. Esta pr\u00e1ctica se conoce desde los tiempos de la antigua India y China, cuando se hicieron los primeros intentos de eliminar los defectos de la cara y el cuerpo, para corregir la propia apariencia.<\/p>\n\n\n\n<p>Canad\u00e1 figura merecidamente entre los principales cirujanos pl\u00e1sticos del mundo. Aqu\u00ed se han reunido los mejores profesionales que le devolver\u00e1n la confianza en s\u00ed mismo y la alegr\u00eda de vivir. La \"cirug\u00eda est\u00e9tica\" moderna no ve barreras ante s\u00ed. Hoy en d\u00eda es posible corregir casi cualquier defecto f\u00edsico.<\/p>\n\n\n\n<h2 class=\"wp-block-heading\">\u00bfQu\u00e9 tipos de servicios tiene a su disposici\u00f3n?<\/h2>\n\n\n\n<h3 class=\"wp-block-heading\">Rinoplastia<\/h3>\n\n\n\n<figure class=\"wp-block-image size-full\"><img decoding=\"async\" width=\"810\" height=\"450\" src=\"https:\/\/canadamama.ca\/wp-content\/uploads\/2022\/08\/Rinoplastika.jpg\" alt=\"Rinoplastia\" class=\"wp-image-161\" title=\"Rinoplastia\" srcset=\"https:\/\/canadamama.ca\/wp-content\/uploads\/2022\/08\/Rinoplastika.jpg 810w, https:\/\/canadamama.ca\/wp-content\/uploads\/2022\/08\/Rinoplastika-710x394.jpg 710w, https:\/\/canadamama.ca\/wp-content\/uploads\/2022\/08\/Rinoplastika-768x427.jpg 768w\" sizes=\"(max-width: 810px) 100vw, 810px\" \/><\/figure>\n\n\n\n<p>La remodelaci\u00f3n de la nariz es la manipulaci\u00f3n est\u00e9tica m\u00e1s popular. Los especialistas canadienses le ayudar\u00e1n a olvidarse de los defectos cong\u00e9nitos o postraum\u00e1ticos, as\u00ed como a llevar la forma o el tama\u00f1o de su nariz al ideal. Por lo general, el resultado completo puede apreciarse al cabo de 6-8 meses. Sin embargo, justo antes de la operaci\u00f3n, gracias a las posibilidades ilimitadas del modelado por ordenador, m\u00e9dicos experimentados le mostrar\u00e1n la imagen final esperada.<\/p>\n\n\n\n<h3 class=\"wp-block-heading\">Mamoplastia<\/h3>\n\n\n\n<figure class=\"wp-block-image size-full\"><img decoding=\"async\" width=\"810\" height=\"450\" src=\"https:\/\/canadamama.ca\/wp-content\/uploads\/2022\/08\/Mammoplastyka.jpg\" alt=\"Mamoplastia\" class=\"wp-image-160\" title=\"Mamoplastia\" srcset=\"https:\/\/canadamama.ca\/wp-content\/uploads\/2022\/08\/Mammoplastyka.jpg 810w, https:\/\/canadamama.ca\/wp-content\/uploads\/2022\/08\/Mammoplastyka-710x394.jpg 710w, https:\/\/canadamama.ca\/wp-content\/uploads\/2022\/08\/Mammoplastyka-768x427.jpg 768w\" sizes=\"(max-width: 810px) 100vw, 810px\" \/><\/figure>\n\n\n\n<p>Los pechos son una parte muy importante del cuerpo de la mujer, no s\u00f3lo desde el punto de vista biol\u00f3gico, sino tambi\u00e9n est\u00e9tico. Muchas mujeres, especialmente despu\u00e9s de la lactancia, sienten cierta incomodidad con su forma, tama\u00f1o y aspecto. Esto puede corregirse f\u00e1cilmente con una mamoplastia. Los cirujanos locales le proporcionar\u00e1n \u00fanicamente los implantes anat\u00f3micos m\u00e1s modernos, que tendr\u00e1n un aspecto lo m\u00e1s natural y eficaz posible. Adem\u00e1s, garantizan un alto nivel de fiabilidad y respeto por el medio ambiente.<\/p>\n\n\n\n<h3 class=\"wp-block-heading\">Blefplastia<\/h3>\n\n\n\n<figure class=\"wp-block-image size-full\"><img decoding=\"async\" width=\"810\" height=\"450\" src=\"https:\/\/canadamama.ca\/wp-content\/uploads\/2022\/08\/Blefplastika.jpg\" alt=\"Blefplastia\" class=\"wp-image-159\" title=\"Blefplastia\" srcset=\"https:\/\/canadamama.ca\/wp-content\/uploads\/2022\/08\/Blefplastika.jpg 810w, https:\/\/canadamama.ca\/wp-content\/uploads\/2022\/08\/Blefplastika-710x394.jpg 710w, https:\/\/canadamama.ca\/wp-content\/uploads\/2022\/08\/Blefplastika-768x427.jpg 768w\" sizes=\"(max-width: 810px) 100vw, 810px\" \/><\/figure>\n\n\n\n<p>Eliminaci\u00f3n de arrugas y bolsas bajo los ojos, rejuvenecimiento, correcci\u00f3n del p\u00e1rpado superior, ensanchamiento del corte de los ojos - \u00e9stas son las maravillas de la cirug\u00eda de p\u00e1rpados. Despu\u00e9s de ella, su rostro brillar\u00e1 con frescura y sus ojos tendr\u00e1n un brillo alegre. Al mismo tiempo, si le da miedo el bistur\u00ed, puede conformarse con la tecnolog\u00eda l\u00e1ser, que no es menos eficaz. La blefplastia combinada con otros procedimientos rejuvenecedores le devolver\u00e1 al menos 10-15 a\u00f1os.<\/p>\n\n\n\n<h3 class=\"wp-block-heading\">Lifting facial<\/h3>\n\n\n\n<figure class=\"wp-block-image size-full\"><img decoding=\"async\" width=\"810\" height=\"450\" src=\"https:\/\/canadamama.ca\/wp-content\/uploads\/2022\/08\/saiflifting.jpg\" alt=\"Lifting facial\" class=\"wp-image-158\" title=\"Lifting facial\" srcset=\"https:\/\/canadamama.ca\/wp-content\/uploads\/2022\/08\/saiflifting.jpg 810w, https:\/\/canadamama.ca\/wp-content\/uploads\/2022\/08\/saiflifting-710x394.jpg 710w, https:\/\/canadamama.ca\/wp-content\/uploads\/2022\/08\/saiflifting-768x427.jpg 768w\" sizes=\"(max-width: 810px) 100vw, 810px\" \/><\/figure>\n\n\n\n<p>Los a\u00f1os dejan inevitablemente arrugas y pliegues en nuestro rostro, y la piel pierde su elasticidad. Un lifting enga\u00f1ar\u00e1 al tiempo y dar\u00e1 a su piel un aspecto juvenil. Se olvidar\u00e1 de la segunda barbilla, las arrugas y los p\u00e1rpados ca\u00eddos. Sin puntos. S\u00f3lo 2-3 semanas de rehabilitaci\u00f3n y podr\u00e1 volver a su rutina diaria.<\/p>\n\n\n\n<h3 class=\"wp-block-heading\">Gluteoplastia<\/h3>\n\n\n\n<figure class=\"wp-block-image size-full\"><img decoding=\"async\" width=\"810\" height=\"450\" src=\"https:\/\/canadamama.ca\/wp-content\/uploads\/2022\/08\/Glyuteoplastika.jpg\" alt=\"Gluteoplastia\" class=\"wp-image-157\" title=\"Gluteoplastia\" srcset=\"https:\/\/canadamama.ca\/wp-content\/uploads\/2022\/08\/Glyuteoplastika.jpg 810w, https:\/\/canadamama.ca\/wp-content\/uploads\/2022\/08\/Glyuteoplastika-710x394.jpg 710w, https:\/\/canadamama.ca\/wp-content\/uploads\/2022\/08\/Glyuteoplastika-768x427.jpg 768w\" sizes=\"(max-width: 810px) 100vw, 810px\" \/><\/figure>\n\n\n\n<p>Se trata de un conjunto de medidas dise\u00f1adas para conseguir que sus gl\u00fateos asim\u00e9tricos, ca\u00eddos o planos est\u00e9n firmes y tensos. Los implantes de silicona le proporcionar\u00e1n unos muslos y gl\u00fateos apetecibles. Parecen completamente naturales desde todos los \u00e1ngulos. El postoperatorio durar\u00e1 dos meses, pero despu\u00e9s podr\u00e1 conquistar las playas con bikinis a la moda.<\/p>\n\n\n\n<h3 class=\"wp-block-heading\">Cosmet\u00f3logos y dermat\u00f3logos<\/h3>\n\n\n\n<figure class=\"wp-block-image size-full\"><img decoding=\"async\" width=\"810\" height=\"450\" src=\"https:\/\/canadamama.ca\/wp-content\/uploads\/2022\/08\/Kosmetologiya-dermatologiya.jpg\" alt=\"Cosmet\u00f3logos y dermat\u00f3logos\" class=\"wp-image-156\" title=\"Cosmet\u00f3logos y dermat\u00f3logos\" srcset=\"https:\/\/canadamama.ca\/wp-content\/uploads\/2022\/08\/Kosmetologiya-dermatologiya.jpg 810w, https:\/\/canadamama.ca\/wp-content\/uploads\/2022\/08\/Kosmetologiya-dermatologiya-710x394.jpg 710w, https:\/\/canadamama.ca\/wp-content\/uploads\/2022\/08\/Kosmetologiya-dermatologiya-768x427.jpg 768w\" sizes=\"(max-width: 810px) 100vw, 810px\" \/><\/figure>\n\n\n\n<p>Una piel sana y tersa es el principal signo de que su cuerpo est\u00e1 en excelentes condiciones. Por lo tanto, requiere cuidados adecuados y regulares. Los aparatos y cosm\u00e9ticos ultramodernos le ayudar\u00e1n a estar bella y cuidada. Aqu\u00ed le ofrecer\u00e1n las mascarillas, masajes y preparados m\u00e1s eficaces que pueden hacer verdadera magia.<\/p>\n\n\n\n<h2 class=\"wp-block-heading\">\u00bfPor qu\u00e9 recomendamos la cirug\u00eda pl\u00e1stica en Canad\u00e1?<\/h2>\n\n\n\n<ul><li>Tecnolog\u00eda innovadora;<\/li><li>Seguridad impecable y control minucioso;<\/li><li>Garant\u00eda de calidad y trabajo diligente;<\/li><li>Brillante reputaci\u00f3n;<\/li><li>\u00d3ptima relaci\u00f3n calidad-precio;<\/li><li>Tasa de fallos m\u00ednima;<\/li><li>El menor tiempo de rehabilitaci\u00f3n.<\/li><\/ul>\n\n\n\n<p>\"Canada Mama Consulting\" est\u00e1 preparada para concertar su cita con los mejores cirujanos pl\u00e1sticos del pa\u00eds que ponen su experiencia y profesionalidad al servicio de su belleza.<\/p>\n\n\n\n<p><strong>Nuestros servicios incluyen:<\/strong><\/p>\n\n\n\n<ul><li>Apoyo para visados y transporte;<\/li><li>Selecci\u00f3n de especialistas;<\/li><li>Contrato con la cl\u00ednica;<\/li><li>Alquiler de casas;<\/li><li>Escolta;<\/li><li>Traducci\u00f3n;<\/li><li>Asesoramiento y apoyo informativo 24 horas al d\u00eda, 7 d\u00edas a la semana.<\/li><\/ul>","protected":false},"excerpt":{"rendered":"<p>Las personas que se esfuerzan por estar siempre j\u00f3venes y atractivas independientemente de su edad recurren inevitablemente a la medicina pl\u00e1stica. Esta pr\u00e1ctica se conoce desde los tiempos de la antigua India y China, cuando se hicieron los primeros intentos de eliminar los defectos de la cara y el cuerpo y corregir la propia apariencia. Canad\u00e1 figura merecidamente entre los l\u00edderes de la cirug\u00eda pl\u00e1stica mundial. Aqu\u00ed hemos reunido a los mejores profesionales que le devolver\u00e1n la confianza [...].<\/p>","protected":false},"author":1,"featured_media":351,"parent":0,"menu_order":0,"comment_status":"closed","ping_status":"closed","template":"","meta":{"site-sidebar-layout":"default","site-content-layout":"","ast-site-content-layout":"","site-content-style":"default","site-sidebar-style":"default","ast-global-header-display":"","ast-banner-title-visibility":"","ast-main-header-display":"","ast-hfb-above-header-display":"","ast-hfb-below-header-display":"","ast-hfb-mobile-header-display":"","site-post-title":"","ast-breadcrumbs-content":"","ast-featured-img":"","footer-sml-layout":"","theme-transparent-header-meta":"","adv-header-id-meta":"","stick-header-meta":"","header-above-stick-meta":"","header-main-stick-meta":"","header-below-stick-meta":"","astra-migrate-meta-layouts":"default","ast-page-background-enabled":"default","ast-page-background-meta":{"desktop":{"background-color":"var(--ast-global-color-4)","background-image":"","background-repeat":"repeat","background-position":"center center","background-size":"auto","background-attachment":"scroll","background-type":"","background-media":"","overlay-type":"","overlay-color":"","overlay-gradient":""},"tablet":{"background-color":"","background-image":"","background-repeat":"repeat","background-position":"center center","background-size":"auto","background-attachment":"scroll","background-type":"","background-media":"","overlay-type":"","overlay-color":"","overlay-gradient":""},"mobile":{"background-color":"","background-image":"","background-repeat":"repeat","background-position":"center center","background-size":"auto","background-attachment":"scroll","background-type":"","background-media":"","overlay-type":"","overlay-color":"","overlay-gradient":""}},"ast-content-background-meta":{"desktop":{"background-color":"var(--ast-global-color-5)","background-image":"","background-repeat":"repeat","background-position":"center center","background-size":"auto","background-attachment":"scroll","background-type":"","background-media":"","overlay-type":"","overlay-color":"","overlay-gradient":""},"tablet":{"background-color":"var(--ast-global-color-5)","background-image":"","background-repeat":"repeat","background-position":"center center","background-size":"auto","background-attachment":"scroll","background-type":"","background-media":"","overlay-type":"","overlay-color":"","overlay-gradient":""},"mobile":{"background-color":"var(--ast-global-color-5)","background-image":"","background-repeat":"repeat","background-position":"center center","background-size":"auto","background-attachment":"scroll","background-type":"","background-media":"","overlay-type":"","overlay-color":"","overlay-gradient":""}},"footnotes":""},"_links":{"self":[{"href":"https:\/\/canadamama.ca\/es\/wp-json\/wp\/v2\/pages\/362"}],"collection":[{"href":"https:\/\/canadamama.ca\/es\/wp-json\/wp\/v2\/pages"}],"about":[{"href":"https:\/\/canadamama.ca\/es\/wp-json\/wp\/v2\/types\/page"}],"author":[{"embeddable":true,"href":"https:\/\/canadamama.ca\/es\/wp-json\/wp\/v2\/users\/1"}],"replies":[{"embeddable":true,"href":"https:\/\/canadamama.ca\/es\/wp-json\/wp\/v2\/comments?post=362"}],"version-history":[{"count":1,"href":"https:\/\/canadamama.ca\/es\/wp-json\/wp\/v2\/pages\/362\/revisions"}],"predecessor-version":[{"id":363,"href":"https:\/\/canadamama.ca\/es\/wp-json\/wp\/v2\/pages\/362\/revisions\/363"}],"wp:featuredmedia":[{"embeddable":true,"href":"https:\/\/canadamama.ca\/es\/wp-json\/wp\/v2\/media\/351"}],"wp:attachment":[{"href":"https:\/\/canadamama.ca\/es\/wp-json\/wp\/v2\/media?parent=362"}],"curies":[{"name":"wp","href":"https:\/\/api.w.org\/{rel}","templated":true}]}}