{"id":359,"date":"2022-08-28T14:09:47","date_gmt":"2022-08-28T14:09:47","guid":{"rendered":"https:\/\/canadamama.ca\/?page_id=359"},"modified":"2023-08-16T17:34:53","modified_gmt":"2023-08-16T17:34:53","slug":"stem-cell-therapy","status":"publish","type":"page","link":"https:\/\/canadamama.ca\/es\/stem-cell-therapy\/","title":{"rendered":"Terapia celular en Canad\u00e1"},"content":{"rendered":"<p>La salud de nuestros familiares y amigos es quiz\u00e1 lo m\u00e1s importante en la vida. La sangre del cord\u00f3n umbilical extra\u00edda al nacer puede resolver graves problemas con diversas enfermedades graves. Se trata de un material \u00fanico, que es el futuro y el progreso de la medicina mundial.<\/p>\n\n\n\n<p>En los \u00faltimos a\u00f1os, los cient\u00edficos m\u00e9dicos han hecho un gran avance en el desarrollo de la medicina regenerativa. Han aprendido a aislar c\u00e9lulas madre directamente del propio tejido del cord\u00f3n umbilical. Este m\u00e9todo multiplica por varios miles el volumen potencial de microc\u00e9lulas que conservan su viabilidad.<\/p>\n\n\n\n<p><strong>\u00bfQu\u00e9 es la sangre del cord\u00f3n umbilical?<\/strong><\/p>\n\n\n\n<p>Tras el nacimiento del beb\u00e9, la placenta y la vena umbilical conservan restos de sangre. Es muy importante desde el punto de vista m\u00e9dico, ya que tiene c\u00e9lulas madre en su composici\u00f3n, que se utilizan en el tratamiento de diversas enfermedades. Se recogen inmediatamente despu\u00e9s del parto, y el procedimiento en s\u00ed es absolutamente seguro y no conlleva ning\u00fan riesgo para la madre y el beb\u00e9.<\/p>\n\n\n\n<p>Los tejidos recogidos se congelan y almacenan en un criobanco. En 15 a\u00f1os pueden descongelarse con \u00e9xito sin que pierdan sus caracter\u00edsticas. Hoy en d\u00eda hay m\u00e1s de 80 enfermedades que pueden curarse de este modo. Aunque hace 10-20 a\u00f1os esto era impensable.<\/p>\n\n\n\n<h2 class=\"wp-block-heading\">Cu\u00e1l es el valor de las c\u00e9lulas madre<\/h2>\n\n\n\n<figure class=\"wp-block-image size-full\"><img decoding=\"async\" width=\"810\" height=\"450\" src=\"https:\/\/canadamama.ca\/wp-content\/uploads\/2022\/08\/benefits-of-harvesting-stem-cells.jpg\" alt=\"Beneficios de la extracci\u00f3n de c\u00e9lulas madre\" class=\"wp-image-360\" srcset=\"https:\/\/canadamama.ca\/wp-content\/uploads\/2022\/08\/benefits-of-harvesting-stem-cells.jpg 810w, https:\/\/canadamama.ca\/wp-content\/uploads\/2022\/08\/benefits-of-harvesting-stem-cells-710x394.jpg 710w, https:\/\/canadamama.ca\/wp-content\/uploads\/2022\/08\/benefits-of-harvesting-stem-cells-768x427.jpg 768w\" sizes=\"(max-width: 810px) 100vw, 810px\" \/><\/figure>\n\n\n\n<ol>\n<li>Es un recurso ideal que se utiliza en la restauraci\u00f3n nerviosa y muscular;<\/li>\n\n\n\n<li>Poseen la propiedad de reproducci\u00f3n y autorreproducci\u00f3n, as\u00ed como la capacidad de diferenciarse y transformarse en cualquier tipo de tejidos del cuerpo humano.<\/li>\n\n\n\n<li>Es una gran cura para las enfermedades inmunitarias y los da\u00f1os cerebrales.<\/li>\n\n\n\n<li>Es la \u00fanica cura para la par\u00e1lisis cerebral y la diabetes de tipo 1.<\/li>\n<\/ol>\n\n\n\n<p>Estas investigaciones abren una v\u00eda de tratamiento categ\u00f3ricamente nueva. Mientras que antes muchas lesiones de los sistemas vitales se consideraban irreversibles, hoy pueden \"repararse\" con parches de c\u00e9lulas madre. Por supuesto, la probabilidad de que un beb\u00e9 que naci\u00f3 perfectamente sano necesite un trasplante de este tipo dentro de 10 a\u00f1os es relativamente baja. Sin embargo, sigue habiendo ciertos riesgos para \u00e9l y sus familiares.<\/p>\n\n\n\n<p><strong>Las estad\u00edsticas de injerto de c\u00e9lulas madre tras el trasplante son las siguientes:<\/strong><\/p>\n\n\n\n<ul>\n<li>Del propio ni\u00f1o - 100%<\/li>\n\n\n\n<li>De un donante no nativo - 32%;<\/li>\n\n\n\n<li>De un hermano - 75%.<\/li>\n<\/ul>\n\n\n\n<p>Las c\u00e9lulas del donante son necesarias en una de cada 217 personas y arraigan en 511 casosTP3T. Los m\u00e9dicos est\u00e1n de acuerdo y recomiendan encarecidamente la sangre del cord\u00f3n umbilical de un familiar para este fin. Utilizar sus materiales biol\u00f3gicos aumenta la probabilidad de compatibilidad familiar y de injerto a 85%. Por eso es muy importante conservar la sangre del cord\u00f3n umbilical al nacer.<\/p>\n\n\n\n<p>\"Canada Mama Consulting\" trabaja con dos de las cl\u00ednicas m\u00e1s progresistas de Canad\u00e1. En ellas se est\u00e1n desarrollando con \u00e9xito proyectos que permiten conservar las c\u00e9lulas madre de los reci\u00e9n nacidos y, en caso necesario, trasplantarlas. La elecci\u00f3n del banco depende siempre de los padres. Las organizaciones m\u00e1s fiables, con amplia experiencia y una reputaci\u00f3n positiva estable, est\u00e1n a su servicio:<\/p>\n\n\n\n<ul>\n<li><strong>Insception Lifebank<\/strong> - es uno de los mayores criobancos de Canad\u00e1. Lleva funcionando m\u00e1s de 20 a\u00f1os, durante los cuales su personal ha recogido aproximadamente 72.000 muestras de tejidos. Esta cifra es la m\u00e1s alta del pa\u00eds.<\/li>\n\n\n\n<li><strong>C\u00e9lulas para la vida<\/strong> - Criobanco, situado en el Hospital General de Toronto, con seguridad 24 horas y capacidad de reserva de emergencia. Caracterizado por el m\u00e1s alto nivel de acreditaci\u00f3n y una calidad de muestreo impecable.<\/li>\n\n\n\n<li><strong>Banco de sangre del cord\u00f3n umbilical CReATe<\/strong> - ofrece una gama completa de servicios de vanguardia prestados por un equipo altamente cualificado de aut\u00e9nticos expertos.<\/li>\n<\/ul>\n\n\n\n<p><strong>Proceso de recogida de datos:<\/strong><\/p>\n\n\n\n<ul>\n<li>Tras inscribirse, recibir\u00e1 un kit personalizado que no olvidar\u00e1 llevarse a la maternidad;<\/li>\n\n\n\n<li>El procedimiento es totalmente indoloro y lo realizar\u00e1n profesionales experimentados (ginec\u00f3logo o matrona).<\/li>\n\n\n\n<li>Se produce en cualquier parto: vaginal (natural) o ces\u00e1rea.<\/li>\n\n\n\n<li>Una vez finalizadas todas las manipulaciones, el cord\u00f3n umbilical y el tejido se enviar\u00e1n para su procesamiento y almacenamiento.<\/li>\n<\/ul>\n\n\n\n<p>La ciencia no se detiene. Los cient\u00edficos trabajan constantemente para desarrollar el potencial de las c\u00e9lulas madre. Es bastante realista que en un futuro pr\u00f3ximo se ampl\u00ede la lista de dolencias que pueden superarse con la ayuda de este componente excepcional.<\/p>\n\n\n\n<p>Si desea m\u00e1s informaci\u00f3n sobre los programas actuales de sangre de cord\u00f3n umbilical en cl\u00ednicas canadienses, p\u00f3ngase en contacto con nuestros gestores. Siempre estamos dispuestos a ayudarle a tomar una decisi\u00f3n informada y a elegir la mejor opci\u00f3n.<\/p>","protected":false},"excerpt":{"rendered":"<p>La salud de nuestros familiares y amigos es quiz\u00e1 lo m\u00e1s importante en la vida. La sangre del cord\u00f3n umbilical extra\u00edda al nacer puede resolver graves problemas con diversas enfermedades graves. Se trata de un material \u00fanico, que es el futuro y el progreso de la medicina mundial. En los \u00faltimos a\u00f1os, los m\u00e9dicos han hecho un gran avance en el desarrollo de la direcci\u00f3n regenerativa. Han aprendido a aislar directamente las c\u00e9lulas madre [...].<\/p>","protected":false},"author":1,"featured_media":356,"parent":0,"menu_order":0,"comment_status":"closed","ping_status":"closed","template":"","meta":{"site-sidebar-layout":"default","site-content-layout":"","ast-site-content-layout":"","site-content-style":"default","site-sidebar-style":"default","ast-global-header-display":"","ast-banner-title-visibility":"","ast-main-header-display":"","ast-hfb-above-header-display":"","ast-hfb-below-header-display":"","ast-hfb-mobile-header-display":"","site-post-title":"","ast-breadcrumbs-content":"","ast-featured-img":"","footer-sml-layout":"","theme-transparent-header-meta":"","adv-header-id-meta":"","stick-header-meta":"","header-above-stick-meta":"","header-main-stick-meta":"","header-below-stick-meta":"","astra-migrate-meta-layouts":"default","ast-page-background-enabled":"default","ast-page-background-meta":{"desktop":{"background-color":"var(--ast-global-color-4)","background-image":"","background-repeat":"repeat","background-position":"center center","background-size":"auto","background-attachment":"scroll","background-type":"","background-media":"","overlay-type":"","overlay-color":"","overlay-gradient":""},"tablet":{"background-color":"","background-image":"","background-repeat":"repeat","background-position":"center center","background-size":"auto","background-attachment":"scroll","background-type":"","background-media":"","overlay-type":"","overlay-color":"","overlay-gradient":""},"mobile":{"background-color":"","background-image":"","background-repeat":"repeat","background-position":"center center","background-size":"auto","background-attachment":"scroll","background-type":"","background-media":"","overlay-type":"","overlay-color":"","overlay-gradient":""}},"ast-content-background-meta":{"desktop":{"background-color":"var(--ast-global-color-5)","background-image":"","background-repeat":"repeat","background-position":"center center","background-size":"auto","background-attachment":"scroll","background-type":"","background-media":"","overlay-type":"","overlay-color":"","overlay-gradient":""},"tablet":{"background-color":"var(--ast-global-color-5)","background-image":"","background-repeat":"repeat","background-position":"center center","background-size":"auto","background-attachment":"scroll","background-type":"","background-media":"","overlay-type":"","overlay-color":"","overlay-gradient":""},"mobile":{"background-color":"var(--ast-global-color-5)","background-image":"","background-repeat":"repeat","background-position":"center center","background-size":"auto","background-attachment":"scroll","background-type":"","background-media":"","overlay-type":"","overlay-color":"","overlay-gradient":""}},"footnotes":""},"_links":{"self":[{"href":"https:\/\/canadamama.ca\/es\/wp-json\/wp\/v2\/pages\/359"}],"collection":[{"href":"https:\/\/canadamama.ca\/es\/wp-json\/wp\/v2\/pages"}],"about":[{"href":"https:\/\/canadamama.ca\/es\/wp-json\/wp\/v2\/types\/page"}],"author":[{"embeddable":true,"href":"https:\/\/canadamama.ca\/es\/wp-json\/wp\/v2\/users\/1"}],"replies":[{"embeddable":true,"href":"https:\/\/canadamama.ca\/es\/wp-json\/wp\/v2\/comments?post=359"}],"version-history":[{"count":3,"href":"https:\/\/canadamama.ca\/es\/wp-json\/wp\/v2\/pages\/359\/revisions"}],"predecessor-version":[{"id":1199,"href":"https:\/\/canadamama.ca\/es\/wp-json\/wp\/v2\/pages\/359\/revisions\/1199"}],"wp:featuredmedia":[{"embeddable":true,"href":"https:\/\/canadamama.ca\/es\/wp-json\/wp\/v2\/media\/356"}],"wp:attachment":[{"href":"https:\/\/canadamama.ca\/es\/wp-json\/wp\/v2\/media?parent=359"}],"curies":[{"name":"wp","href":"https:\/\/api.w.org\/{rel}","templated":true}]}}