{"id":33,"date":"2022-07-04T23:47:31","date_gmt":"2022-07-04T23:47:31","guid":{"rendered":"https:\/\/canadamama.ca\/?page_id=33"},"modified":"2026-03-31T11:05:25","modified_gmt":"2026-03-31T11:05:25","slug":"pack","status":"publish","type":"page","link":"https:\/\/canadamama.ca\/es\/pack\/","title":{"rendered":"El coste del parto en Canad\u00e1"},"content":{"rendered":"<figure class=\"wp-block-table price-table\"><table><thead><tr><td><\/td><td>Econom\u00eda<\/td><td>\u00d3ptimo<\/td><td>Confort<\/td><\/tr><tr><td><\/td><td>US$15900<\/td><td>US$19900<\/td><td>US$23900<\/td><\/tr><tr><td><\/td><td>El conjunto m\u00ednimo de servicios que necesita<\/td><td>La mejor combinaci\u00f3n de coste y calidad de servicio<\/td><td>Para los que aprecian el confort, la calidad y el servicio de conserjer\u00eda<\/td><\/tr><\/thead><tbody><tr><td>Preparaci\u00f3n de todos los documentos necesarios y obtenci\u00f3n del visado para Canad\u00e1<\/td><td><em class=\"minus\">&#8212;<\/em><\/td><td><em class=\"plus\">+<\/em><\/td><td><em class=\"plus\">+<\/em><\/td><\/tr><tr><td>Apoyo psicol\u00f3gico y preparaci\u00f3n para la llegada a Canad\u00e1<\/td><td><em class=\"plus\">+<\/em><\/td><td><em class=\"plus\">+<\/em><\/td><td><em class=\"plus\">+<\/em><\/td><\/tr><tr><td>Selecci\u00f3n de la vivienda de alquiler por un agente inmobiliario autorizado, asistencia en la firma del contrato y mudanza<\/td><td><em class=\"minus\">&#8212;<\/em><\/td><td><em class=\"plus\">+<\/em><\/td><td><em class=\"plus\">+<\/em><\/td><\/tr><tr><td>Organizaci\u00f3n de traslados al aeropuerto<\/td><td><em class=\"minus\">&#8212;<\/em><\/td><td><em class=\"plus\">+<\/em><\/td><td><em class=\"plus\">+<\/em><\/td><\/tr><tr><td>Seleccionar un veh\u00edculo de alquiler y realizar los tr\u00e1mites necesarios<\/td><td><em class=\"minus\">&#8212;<\/em><\/td><td><em class=\"minus\">&#8212;<\/em><\/td><td><em class=\"plus\">+<\/em><\/td><\/tr><tr><td>Elecci\u00f3n de hospital (1 d\u00eda incluido)<\/td><td><em class=\"plus\">+<\/em><\/td><td><em class=\"plus\">+<\/em><\/td><td><em class=\"plus\">+<\/em><\/td><\/tr><tr><td>Ayuda para elegir m\u00e9dico y hospital (m\u00e9dicos que trabajan directamente con Canada Mama Consulting).<\/td><td><em class=\"plus\">+<\/em><\/td><td><em class=\"plus\">+<\/em><\/td><td><em class=\"plus\">+<\/em><\/td><\/tr><tr><td>Selecci\u00f3n de una empresa de personal dom\u00e9stico (previa solicitud)<\/td><td><em class=\"minus\">&#8212;<\/em><\/td><td><em class=\"minus\">&#8212;<\/em><\/td><td><em class=\"plus\">+<\/em><\/td><\/tr><tr><td>Traslado y acompa\u00f1amiento para la visita al hospital<\/td><td><em class=\"minus\">&#8212;<\/em><\/td><td><em class=\"minus\">&#8212;<\/em><\/td><td><em class=\"plus\">+<\/em><\/td><\/tr><tr><td>Cita con el pediatra<\/td><td><em class=\"plus\">+<\/em><\/td><td><em class=\"plus\">+<\/em><\/td><td><em class=\"plus\">+<\/em><\/td><\/tr><tr><td>Traslado e int\u00e9rprete acompa\u00f1ante para todas las visitas al ginec\u00f3logo-obstetra<\/td><td><em class=\"minus\">&#8212;<\/em><\/td><td><em class=\"plus\">+<\/em><\/td><td><em class=\"plus\">+<\/em><\/td><\/tr><tr><td>Conductor de urgencia para un viaje de emergencia al hospital para dar a luz (a cualquier hora del d\u00eda)<\/td><td><em class=\"minus\">&#8212;<\/em><\/td><td><em class=\"plus\">+<\/em><\/td><td><em class=\"plus\">+<\/em><\/td><\/tr><tr><td>Parto en una sala de 2 camas en presencia de un int\u00e9rprete m\u00e9dico (desde el momento del ingreso en el hospital y 2 horas despu\u00e9s del parto).<\/td><td><em class=\"plus\">+<\/em><\/td><td><em class=\"plus\">+<\/em><\/td><td><em class=\"plus\">+<\/em><\/td><\/tr><tr><td>Parto en una sala VIP en presencia de un int\u00e9rprete m\u00e9dico (desde el ingreso en el hospital hasta el alta).<\/td><td><em class=\"minus\">&#8212;<\/em><\/td><td><em class=\"minus\">&#8212;<\/em><\/td><td><em class=\"plus\">+<\/em><\/td><\/tr><tr><td>Parto por ces\u00e1rea<\/td><td><em class=\"minus\">&#8212;<\/em><\/td><td><em class=\"minus\">&#8212;<\/em><\/td><td><em class=\"minus\">&#8212;<\/em><\/td><\/tr><tr><td>Anestesia (epidural para parto natural y raqu\u00eddea para ces\u00e1rea)<\/td><td><em class=\"minus\">&#8212;<\/em><\/td><td><em class=\"minus\">&#8212;<\/em><\/td><td><em class=\"plus\">+<\/em><\/td><\/tr><tr><td>Examen y cuidados del beb\u00e9, pruebas en el hospital<\/td><td><em class=\"minus\">&#8212;<\/em><\/td><td><em class=\"minus\">&#8212;<\/em><\/td><td><em class=\"plus\">+<\/em><\/td><\/tr><tr><td>20 horas de su int\u00e9rprete asistente personal<\/td><td><em class=\"minus\">&#8212;<\/em><\/td><td><em class=\"minus\">&#8212;<\/em><\/td><td><em class=\"plus\">+<\/em><\/td><\/tr><tr><td>Ayuda para seleccionar y comprar los art\u00edculos necesarios para un reci\u00e9n nacido<\/td><td><em class=\"minus\">&#8212;<\/em><\/td><td><em class=\"minus\">&#8212;<\/em><\/td><td><em class=\"plus\">+<\/em><\/td><\/tr><tr><td>Servicio completo de conserjer\u00eda: asesoramiento en compras para toda la familia, organizaci\u00f3n de viajes por Canad\u00e1, reserva y compra de billetes para excursiones, etc.<\/td><td><em class=\"minus\">&#8212;<\/em><\/td><td><em class=\"minus\">&#8212;<\/em><\/td><td><em class=\"plus\">+<\/em><\/td><\/tr><tr><td>Certificado canadiense y pasaporte para un ni\u00f1o. Asistencia con el papeleo del pa\u00eds de origen del progenitor actual.<\/td><td><em class=\"plus\">+<\/em><\/td><td><em class=\"plus\">+<\/em><\/td><td><em class=\"plus\">+<\/em><\/td><\/tr><tr><td>Registro de la segunda nacionalidad (Rusia, Ucrania)<\/td><td><em class=\"minus\">&#8212;<\/em><\/td><td><em class=\"plus\">+<\/em><\/td><td><em class=\"plus\">+<\/em><\/td><\/tr><\/tbody><\/table><figcaption class=\"wp-element-caption\">* El alojamiento se encuentra meses antes de que te marches a Canad\u00e1. Cuanto antes contrates con una empresa, m\u00e1s tiempo tendremos para encontrarte un lugar donde vivir.<br>* Estaremos encantados de escuchar y cumplir sus deseos adicionales. Los servicios individuales para usted y su beb\u00e9 no incluidos en el paquete se reservan y pagan por adelantado.<\/figcaption><\/figure>\n\n\n\n<div style=\"height:60px\" aria-hidden=\"true\" class=\"wp-block-spacer\"><\/div>\n\n\n\n<h2 class=\"wp-block-heading\">Costes adicionales<\/h2>\n\n\n\n<figure class=\"wp-block-table extra-services\"><table><thead><tr><td><strong>Nombre del servicio<\/strong><\/td><td><strong>Coste *<\/strong><\/td><\/tr><\/thead><tbody><tr><td>Parto por ces\u00e1rea<\/td><td>$5000-7000<\/td><\/tr><tr><td>Anestesia epidural<\/td><td>$1500<\/td><\/tr><tr><td>Asistente quir\u00fargico<\/td><td>$1500<\/td><\/tr><tr><td>Un pediatra del hospital<\/td><td>$500<\/td><\/tr><tr><td>Pediatra en la policl\u00ednica infantil<\/td><td>$100<\/td><\/tr><tr><td>Neonatolog\u00eda<\/td><td>$3000-4000<\/td><\/tr><tr><td>Circuncisi\u00f3n en el hospital<\/td><td>$500<\/td><\/tr><tr><td>24 horas m\u00e1s en el hospital<\/td><td>$3000-4000<\/td><\/tr><tr><td>Visita de control al hospital<\/td><td>$400-500<\/td><\/tr><tr><td>Una visita al ambulatorio<\/td><td>$60-80<\/td><\/tr><tr><td>Consulta inicial con un ginec\u00f3logo-obstetra<\/td><td>$200-400<\/td><\/tr><tr><td>Int\u00e9rprete m\u00e9dico<\/td><td>$40\/hora<\/td><\/tr><tr><td>Ni\u00f1era<\/td><td>$20\/hora<\/td><\/tr><tr><td>Alojamiento en un piso de 2 habitaciones<\/td><td>\u043e\u0442 $2000<\/td><\/tr><tr><td>Alquiler de coches<\/td><td>$600-800\/mes<\/td><\/tr><tr><td>Tel\u00e9fono<\/td><td>$50\/\u043c\u0435\u0441\u044f\u0446<\/td><\/tr><tr><td>Servicios de personal m\u00e9dico para el ni\u00f1o en el hospital, pruebas, cribado<\/td><td>$1900<\/td><\/tr><\/tbody><\/table><figcaption class=\"wp-element-caption\">* El tiempo de espera para una cita m\u00e9dica es el tiempo de trabajo del int\u00e9rprete. Tenga en cuenta que los precios indicados en la lista de precios no incluyen el IVA 13%.<br>* El pago de los servicios m\u00e9dicos y de servicios es posible mediante transferencia bancaria, tarjeta de cr\u00e9dito o en efectivo.<\/figcaption><\/figure>\n\n\n\n<div style=\"height:60px\" aria-hidden=\"true\" class=\"wp-block-spacer\"><\/div>","protected":false},"excerpt":{"rendered":"<p>\u042d\u043a\u043e\u043d\u043e\u043c \u041e\u043f\u0442\u0438\u043c\u0430\u043b\u044c\u043d\u044b\u0439 \u041a\u043e\u043c\u0444\u043e\u0440\u0442 US$15900 US$19900 US$23900 \u041c\u0438\u043d\u0438\u043c\u0430\u043b\u044c\u043d\u044b\u0439 \u043d\u0430\u0431\u043e\u0440 \u043d\u0435\u043e\u0431\u0445\u043e\u0434\u0438\u043c\u044b\u0445 \u0434\u043b\u044f \u0432\u0430\u0441 \u0443\u0441\u043b\u0443\u0433 \u041b\u0443\u0447\u0448\u0435\u0435 \u0441\u043e\u0447\u0435\u0442\u0430\u043d\u0438\u0435 \u0441\u0442\u043e\u0438\u043c\u043e\u0441\u0442\u0438 \u0438 \u043a\u0430\u0447\u0435\u0441\u0442\u0432\u0430 \u043e\u0431\u0441\u043b\u0443\u0436\u0438\u0432\u0430\u043d\u0438\u044f \u0414\u043b\u044f \u0442\u0435\u0445, \u043a\u0442\u043e \u0446\u0435\u043d\u0438\u0442 \u043a\u043e\u043c\u0444\u043e\u0440\u0442, \u043a\u0430\u0447\u0435\u0441\u0442\u0432\u043e \u0438 \u043a\u043e\u043d\u0441\u044c\u0435\u0440\u0436 \u0441\u0435\u0440\u0432\u0438\u0441 \u041f\u043e\u0434\u0433\u043e\u0442\u043e\u0432\u043a\u0430 \u0432\u0441\u0435\u0445 \u043d\u0435\u043e\u0431\u0445\u043e\u0434\u0438\u043c\u044b\u0445 \u0434\u043e\u043a\u0443\u043c\u0435\u043d\u0442\u043e\u0432 \u0438 \u043f\u043e\u043b\u0443\u0447\u0435\u043d\u0438\u0435 \u0432\u0438\u0437\u044b \u0432 \u041a\u0430\u043d\u0430\u0434\u0443 &#8212; + + \u041a\u043e\u043d\u0441\u0443\u043b\u044c\u0442\u0430\u0446\u0438\u043e\u043d\u043d\u0430\u044f \u043f\u043e\u0434\u0434\u0435\u0440\u0436\u043a\u0430 \u0438 \u043f\u043e\u0434\u0433\u043e\u0442\u043e\u0432\u043a\u0430 \u043a \u043f\u0440\u0438\u0435\u0437\u0434\u0443 \u0432 \u041a\u0430\u043d\u0430\u0434\u0443 + + + \u041f\u043e\u0434\u0431\u043e\u0440 \u0436\u0438\u043b\u044c\u044f \u0432 \u0430\u0440\u0435\u043d\u0434\u0443 \u043b\u0438\u0446\u0435\u043d\u0437\u0438\u0440\u043e\u0432\u0430\u043d\u043d\u044b\u043c [&hellip;]<\/p>","protected":false},"author":1,"featured_media":0,"parent":0,"menu_order":0,"comment_status":"closed","ping_status":"closed","template":"","meta":{"site-sidebar-layout":"no-sidebar","site-content-layout":"","ast-site-content-layout":"default","site-content-style":"default","site-sidebar-style":"default","ast-global-header-display":"","ast-banner-title-visibility":"","ast-main-header-display":"","ast-hfb-above-header-display":"","ast-hfb-below-header-display":"","ast-hfb-mobile-header-display":"","site-post-title":"","ast-breadcrumbs-content":"","ast-featured-img":"","footer-sml-layout":"","theme-transparent-header-meta":"","adv-header-id-meta":"","stick-header-meta":"","header-above-stick-meta":"","header-main-stick-meta":"","header-below-stick-meta":"","astra-migrate-meta-layouts":"set","ast-page-background-enabled":"default","ast-page-background-meta":{"desktop":{"background-color":"var(--ast-global-color-4)","background-image":"","background-repeat":"repeat","background-position":"center center","background-size":"auto","background-attachment":"scroll","background-type":"","background-media":"","overlay-type":"","overlay-color":"","overlay-gradient":""},"tablet":{"background-color":"","background-image":"","background-repeat":"repeat","background-position":"center center","background-size":"auto","background-attachment":"scroll","background-type":"","background-media":"","overlay-type":"","overlay-color":"","overlay-gradient":""},"mobile":{"background-color":"","background-image":"","background-repeat":"repeat","background-position":"center center","background-size":"auto","background-attachment":"scroll","background-type":"","background-media":"","overlay-type":"","overlay-color":"","overlay-gradient":""}},"ast-content-background-meta":{"desktop":{"background-color":"var(--ast-global-color-5)","background-image":"","background-repeat":"repeat","background-position":"center center","background-size":"auto","background-attachment":"scroll","background-type":"","background-media":"","overlay-type":"","overlay-color":"","overlay-gradient":""},"tablet":{"background-color":"var(--ast-global-color-5)","background-image":"","background-repeat":"repeat","background-position":"center center","background-size":"auto","background-attachment":"scroll","background-type":"","background-media":"","overlay-type":"","overlay-color":"","overlay-gradient":""},"mobile":{"background-color":"var(--ast-global-color-5)","background-image":"","background-repeat":"repeat","background-position":"center center","background-size":"auto","background-attachment":"scroll","background-type":"","background-media":"","overlay-type":"","overlay-color":"","overlay-gradient":""}},"footnotes":""},"_links":{"self":[{"href":"https:\/\/canadamama.ca\/es\/wp-json\/wp\/v2\/pages\/33"}],"collection":[{"href":"https:\/\/canadamama.ca\/es\/wp-json\/wp\/v2\/pages"}],"about":[{"href":"https:\/\/canadamama.ca\/es\/wp-json\/wp\/v2\/types\/page"}],"author":[{"embeddable":true,"href":"https:\/\/canadamama.ca\/es\/wp-json\/wp\/v2\/users\/1"}],"replies":[{"embeddable":true,"href":"https:\/\/canadamama.ca\/es\/wp-json\/wp\/v2\/comments?post=33"}],"version-history":[{"count":16,"href":"https:\/\/canadamama.ca\/es\/wp-json\/wp\/v2\/pages\/33\/revisions"}],"predecessor-version":[{"id":3067,"href":"https:\/\/canadamama.ca\/es\/wp-json\/wp\/v2\/pages\/33\/revisions\/3067"}],"wp:attachment":[{"href":"https:\/\/canadamama.ca\/es\/wp-json\/wp\/v2\/media?parent=33"}],"curies":[{"name":"wp","href":"https:\/\/api.w.org\/{rel}","templated":true}]}}