{"id":249,"date":"2022-08-26T21:33:52","date_gmt":"2022-08-26T21:33:52","guid":{"rendered":"https:\/\/canadamama.ca\/?page_id=249"},"modified":"2022-09-03T12:15:44","modified_gmt":"2022-09-03T12:15:44","slug":"eko","status":"publish","type":"page","link":"https:\/\/canadamama.ca\/es\/eko\/","title":{"rendered":"FIV en Canad\u00e1"},"content":{"rendered":"<p>El proceso de inseminaci\u00f3n artificial es muy complicado y emocionante. Antes de decidirse a hacerlo, es importante saber qu\u00e9 esperar y qu\u00e9 no. Se trata de una oportunidad \u00fanica de continuar con su apellido para aquellos a los que la naturaleza ha privado de tal oportunidad. Hoy en d\u00eda, una de cada cinco parejas no puede dar a luz y tener un hijo por s\u00ed sola por medios naturales. La tecnolog\u00eda moderna acude en su ayuda, d\u00e1ndoles literalmente la esperanza de una nueva vida.<\/p>\n\n\n\n<figure class=\"wp-block-image size-full\"><img decoding=\"async\" width=\"810\" height=\"450\" src=\"https:\/\/canadamama.ca\/wp-content\/uploads\/2022\/08\/artificial-insemination-in-canada.jpg\" alt=\"Inseminaci\u00f3n artificial en Canad\u00e1\" class=\"wp-image-251\" srcset=\"https:\/\/canadamama.ca\/wp-content\/uploads\/2022\/08\/artificial-insemination-in-canada.jpg 810w, https:\/\/canadamama.ca\/wp-content\/uploads\/2022\/08\/artificial-insemination-in-canada-710x394.jpg 710w, https:\/\/canadamama.ca\/wp-content\/uploads\/2022\/08\/artificial-insemination-in-canada-768x427.jpg 768w\" sizes=\"(max-width: 810px) 100vw, 810px\" \/><\/figure>\n\n\n\n<h2 class=\"wp-block-heading\">Inseminaci\u00f3n artificial en Canad\u00e1<\/h2>\n\n\n\n<p>La fecundaci\u00f3n in vitro (FIV) no es una novedad. Esta pr\u00e1ctica se practicaba hace 30-40 a\u00f1os. Cada a\u00f1o es m\u00e1s popular y se desarrolla en muchos pa\u00edses del mundo, pero se considera que los m\u00e1s eficaces a este respecto son Estados Unidos y Canad\u00e1.<\/p>\n\n\n\n<p><strong>\u00bfCu\u00e1l es la esencia del procedimiento?<\/strong><\/p>\n\n\n\n<p>Es muy sencillo: la concepci\u00f3n normal se sustituye por un proceso m\u00e9dico similar en un entorno completamente est\u00e9ril. El embri\u00f3n se vigila en una incubadora durante cierto tiempo. Despu\u00e9s se coloca en el cuerpo de la mujer, donde debe crecer y desarrollarse. Puede ser gestado directamente por la propia usuaria o por una madre de alquiler (si est\u00e1 indicado).<\/p>\n\n\n\n<p>A pesar de la profesionalidad y las impecables recomendaciones de los m\u00e9dicos, la FIV puede tener algunas complicaciones. Entre ellas est\u00e1n el s\u00edndrome de hiperestimulaci\u00f3n ov\u00e1rica, los riesgos quir\u00fargicos y psicol\u00f3gicos, los embarazos m\u00faltiples y la amenaza de aborto. La tarea de los m\u00e9dicos es minimizar la probabilidad de factores negativos y garantizar un resultado positivo.<\/p>\n\n\n\n<p>\"Canada Mama Consulting\" le ofrece inseminaci\u00f3n artificial en los mejores hospitales canadienses. Especialistas experimentados estar\u00e1n a su servicio y har\u00e1n todo lo posible para que su sue\u00f1o de ser padres se haga realidad.<\/p>\n\n\n\n<figure class=\"wp-block-image size-full\"><img decoding=\"async\" width=\"810\" height=\"450\" src=\"https:\/\/canadamama.ca\/wp-content\/uploads\/2022\/08\/ultrasound-procedure.jpg\" alt=\"Uzi en Canad\u00e1\" class=\"wp-image-252\" srcset=\"https:\/\/canadamama.ca\/wp-content\/uploads\/2022\/08\/ultrasound-procedure.jpg 810w, https:\/\/canadamama.ca\/wp-content\/uploads\/2022\/08\/ultrasound-procedure-710x394.jpg 710w, https:\/\/canadamama.ca\/wp-content\/uploads\/2022\/08\/ultrasound-procedure-768x427.jpg 768w\" sizes=\"(max-width: 810px) 100vw, 810px\" \/><\/figure>\n\n\n\n<p><strong>\u00bfPor qu\u00e9 elegir Canad\u00e1?<\/strong><\/p>\n\n\n\n<ul><li>Los canadienses trabajan constantemente para desarrollar sus conocimientos en este campo. Aqu\u00ed encontrar\u00e1 los \u00faltimos equipos, t\u00e9cnicas avanzadas y protocolos.<\/li><li>La atenci\u00f3n al paciente es una prioridad absoluta. Antes de la operaci\u00f3n, se le realizar\u00e1 un examen exhaustivo y se le proporcionar\u00e1 informaci\u00f3n completa sobre su estado de salud para determinar el mejor tipo de tratamiento para usted en el futuro.<\/li><li>Enfoque personalizado adaptado a las peculiaridades de la situaci\u00f3n.<\/li><li>Garant\u00eda de privacidad.<\/li><li>Seguro de Fracaso.<\/li><\/ul>\n\n\n\n<p>La FIV en cl\u00ednicas canadienses ejemplares ha dado a muchas parejas felices con problemas reproductivos la oportunidad de ser padres. Ahora la edad y los diagn\u00f3sticos ya no son un criterio. Otro argumento de peso a favor de los hospitales locales ser\u00e1 el clima favorable, que, combinado con la infraestructura de la ciudad, contribuir\u00e1 a la comodidad y a un estado de \u00e1nimo positivo.<\/p>\n\n\n\n<p>Nuestra empresa est\u00e1 dispuesta a ocuparse de todas las cuestiones organizativas. Apoy\u00e1ndonos en nuestra vasta experiencia, nos ocuparemos de la elecci\u00f3n del hospital para que usted tenga la garant\u00eda de caer en las manos seguras de aut\u00e9nticos maestros en su oficio. Le prestamos apoyo en todas las etapas, desde los tr\u00e1mites, los vuelos y el alquiler de alojamiento hasta el \u00e9xito del parto y el regreso a casa.<\/p>\n\n\n\n<p>La trayectoria vital de cada persona es \u00fanica. Nadie sabe lo que nos espera a la vuelta de la esquina. Nos esforzamos por alcanzar metas diferentes y profesamos principios distintos, pero a todos nos une el deseo de sentir la alegr\u00eda de la paternidad y la maternidad. \u00c9ste es quiz\u00e1 el instinto m\u00e1s fuerte de todos.<\/p>\n\n\n\n<p>Por desgracia, la naturaleza ha ordenado de tal manera que no todo el mundo puede realizarse en este sentido. Los casos de infertilidad no son raros hoy en d\u00eda. Seg\u00fan las \u00faltimas estad\u00edsticas, hay 15 parejas inf\u00e9rtiles por cada 100.<\/p>\n\n\n\n<p>La ciencia ha desmentido hace tiempo cualquier mito o rumor sobre la inferioridad de los ni\u00f1os nacidos de esta forma. Lo \u00fanico que distingue la FIV de la concepci\u00f3n natural es el entorno en el que se produce la fusi\u00f3n celular. M\u00e1s all\u00e1, todo es id\u00e9ntico. Est\u00e1 demostrado que la concepci\u00f3n artificial no aumenta el riesgo de anomal\u00edas cong\u00e9nitas. No tiene nada que temer.<\/p>\n\n\n\n<figure class=\"wp-block-image size-full\"><img decoding=\"async\" width=\"810\" height=\"450\" src=\"https:\/\/canadamama.ca\/wp-content\/uploads\/2022\/08\/newborn-baby.jpg\" alt=\"Reci\u00e9n nacido\" class=\"wp-image-253\" srcset=\"https:\/\/canadamama.ca\/wp-content\/uploads\/2022\/08\/newborn-baby.jpg 810w, https:\/\/canadamama.ca\/wp-content\/uploads\/2022\/08\/newborn-baby-710x394.jpg 710w, https:\/\/canadamama.ca\/wp-content\/uploads\/2022\/08\/newborn-baby-768x427.jpg 768w\" sizes=\"(max-width: 810px) 100vw, 810px\" \/><\/figure>\n\n\n\n<p>\"Canada Mama Consulting lleva muchos a\u00f1os organizando partos en Canad\u00e1. Nos alegramos de que la fecundaci\u00f3n in vitro en los mejores hospitales de Toronto ocupe un lugar de honor en la lista de nuestros servicios. El principal indicador de su rendimiento es su m\u00e1xima eficacia en t\u00e9rminos de \u00e9xito de las operaciones de FIV. Su personal es atento, competente y altamente cualificado.<\/p>\n\n\n\n<p><strong>Nosotros se lo organizamos:<\/strong><\/p>\n\n\n\n<ol><li>Recuperaci\u00f3n de \u00f3vulos.<\/li><li>Recogida de esperma.<\/li><li>Puesta a disposici\u00f3n de un banco de esperma. Si el hombre es est\u00e9ril o la mujer no tiene pareja sexual, puede recurrirse al semen de un donante.<\/li><li>ECO.<\/li><li>Transferencia de embriones. Es totalmente indolora y no requiere anestesia.<\/li><li>Seguimiento del embarazo, control hormonal.<\/li><li>El parto.<\/li><li>Gestaci\u00f3n subrogada. Puede utilizarse si la paciente tiene contraindicaciones para gestar un feto.<\/li><\/ol>\n\n\n\n<p>Al elegirnos, obtendr\u00e1 la garant\u00eda de un servicio de calidad y un apoyo informativo completo. Nos complace formar parte de un gran equipo que le conducir\u00e1 a su ansiado objetivo.<\/p>","protected":false},"excerpt":{"rendered":"<p>El proceso de inseminaci\u00f3n artificial es muy complicado y emocionante. Antes de decidirse a hacerlo, es importante saber qu\u00e9 esperar y qu\u00e9 no. Se trata de una oportunidad \u00fanica de continuar con su apellido para aquellos a los que la naturaleza ha privado de tal oportunidad. Hoy en d\u00eda, una de cada cinco parejas no puede dar a luz y tener un hijo por s\u00ed sola por medios naturales. Les ayudan las tecnolog\u00edas modernas, que directamente [...].<\/p>","protected":false},"author":1,"featured_media":250,"parent":0,"menu_order":0,"comment_status":"closed","ping_status":"closed","template":"","meta":{"site-sidebar-layout":"default","site-content-layout":"","ast-site-content-layout":"","site-content-style":"default","site-sidebar-style":"default","ast-global-header-display":"","ast-banner-title-visibility":"","ast-main-header-display":"","ast-hfb-above-header-display":"","ast-hfb-below-header-display":"","ast-hfb-mobile-header-display":"","site-post-title":"","ast-breadcrumbs-content":"","ast-featured-img":"","footer-sml-layout":"","theme-transparent-header-meta":"","adv-header-id-meta":"","stick-header-meta":"","header-above-stick-meta":"","header-main-stick-meta":"","header-below-stick-meta":"","astra-migrate-meta-layouts":"default","ast-page-background-enabled":"default","ast-page-background-meta":{"desktop":{"background-color":"var(--ast-global-color-4)","background-image":"","background-repeat":"repeat","background-position":"center center","background-size":"auto","background-attachment":"scroll","background-type":"","background-media":"","overlay-type":"","overlay-color":"","overlay-gradient":""},"tablet":{"background-color":"","background-image":"","background-repeat":"repeat","background-position":"center center","background-size":"auto","background-attachment":"scroll","background-type":"","background-media":"","overlay-type":"","overlay-color":"","overlay-gradient":""},"mobile":{"background-color":"","background-image":"","background-repeat":"repeat","background-position":"center center","background-size":"auto","background-attachment":"scroll","background-type":"","background-media":"","overlay-type":"","overlay-color":"","overlay-gradient":""}},"ast-content-background-meta":{"desktop":{"background-color":"var(--ast-global-color-5)","background-image":"","background-repeat":"repeat","background-position":"center center","background-size":"auto","background-attachment":"scroll","background-type":"","background-media":"","overlay-type":"","overlay-color":"","overlay-gradient":""},"tablet":{"background-color":"var(--ast-global-color-5)","background-image":"","background-repeat":"repeat","background-position":"center center","background-size":"auto","background-attachment":"scroll","background-type":"","background-media":"","overlay-type":"","overlay-color":"","overlay-gradient":""},"mobile":{"background-color":"var(--ast-global-color-5)","background-image":"","background-repeat":"repeat","background-position":"center center","background-size":"auto","background-attachment":"scroll","background-type":"","background-media":"","overlay-type":"","overlay-color":"","overlay-gradient":""}},"footnotes":""},"_links":{"self":[{"href":"https:\/\/canadamama.ca\/es\/wp-json\/wp\/v2\/pages\/249"}],"collection":[{"href":"https:\/\/canadamama.ca\/es\/wp-json\/wp\/v2\/pages"}],"about":[{"href":"https:\/\/canadamama.ca\/es\/wp-json\/wp\/v2\/types\/page"}],"author":[{"embeddable":true,"href":"https:\/\/canadamama.ca\/es\/wp-json\/wp\/v2\/users\/1"}],"replies":[{"embeddable":true,"href":"https:\/\/canadamama.ca\/es\/wp-json\/wp\/v2\/comments?post=249"}],"version-history":[{"count":2,"href":"https:\/\/canadamama.ca\/es\/wp-json\/wp\/v2\/pages\/249\/revisions"}],"predecessor-version":[{"id":560,"href":"https:\/\/canadamama.ca\/es\/wp-json\/wp\/v2\/pages\/249\/revisions\/560"}],"wp:featuredmedia":[{"embeddable":true,"href":"https:\/\/canadamama.ca\/es\/wp-json\/wp\/v2\/media\/250"}],"wp:attachment":[{"href":"https:\/\/canadamama.ca\/es\/wp-json\/wp\/v2\/media?parent=249"}],"curies":[{"name":"wp","href":"https:\/\/api.w.org\/{rel}","templated":true}]}}