{"id":242,"date":"2022-08-26T20:32:26","date_gmt":"2022-08-26T20:32:26","guid":{"rendered":"https:\/\/canadamama.ca\/?page_id=242"},"modified":"2022-09-03T08:21:16","modified_gmt":"2022-09-03T08:21:16","slug":"medicina-v-kanade","status":"publish","type":"page","link":"https:\/\/canadamama.ca\/es\/medicina-v-kanade\/","title":{"rendered":"Asistencia sanitaria en Canad\u00e1"},"content":{"rendered":"<p>Hoy en d\u00eda, el concepto de turismo m\u00e9dico est\u00e1 en boca de todos y su popularidad crece cada a\u00f1o. Un servicio brillante, la profesionalidad del personal, medicamentos altamente eficaces, el mejor equipamiento t\u00e9cnico de los centros m\u00e9dicos hacen que el tratamiento en Canad\u00e1 sea muy atractivo para los no residentes y los residentes de este pa\u00eds.<\/p>\n\n\n\n<p>Los canadienses figuran entre los terapeutas m\u00e1s destacados del mundo. Se les pueden atribuir innovaciones pioneras en este sector, por las que son reconocidos regularmente con premios internacionales (incluidos premios Nobel). Es muy natural que muchas personas acudan aqu\u00ed en busca de atenci\u00f3n m\u00e9dica de calidad. A veces, es la \u00fanica esperanza de salvaci\u00f3n. En otras palabras, sea cual sea el tipo de atenci\u00f3n m\u00e9dica que elija, el resultado ser\u00e1 igual de r\u00e1pido y productivo.<\/p>\n\n\n\n<p>\"Canada Mama Consulting\" es su gu\u00eda al mundo de la medicina eficaz de vanguardia. Estamos dispuestos a ocuparnos de todas las cuestiones organizativas para que pueda ponerse en las manos seguras de verdaderos profesionales.<\/p>\n\n\n\n<h2 class=\"wp-block-heading\">Principales \u00e1mbitos de tratamiento<\/h2>\n\n\n\n<figure class=\"wp-block-image size-full\"><img decoding=\"async\" width=\"810\" height=\"450\" src=\"https:\/\/canadamama.ca\/wp-content\/uploads\/2022\/08\/palata-gospitale-kanady.jpg\" alt=\"Una habitaci\u00f3n en un hospital de Canad\u00e1\" class=\"wp-image-127\" srcset=\"https:\/\/canadamama.ca\/wp-content\/uploads\/2022\/08\/palata-gospitale-kanady.jpg 810w, https:\/\/canadamama.ca\/wp-content\/uploads\/2022\/08\/palata-gospitale-kanady-710x394.jpg 710w, https:\/\/canadamama.ca\/wp-content\/uploads\/2022\/08\/palata-gospitale-kanady-768x427.jpg 768w\" sizes=\"(max-width: 810px) 100vw, 810px\" \/><\/figure>\n\n\n\n<h3 class=\"wp-block-heading\">Examen general<\/h3>\n\n\n\n<p>Tiene una excelente oportunidad para hacer un diagn\u00f3stico completo de su organismo y examinarlo para detectar la presencia de una u otra enfermedad (susceptibilidad a padecerla). Si en nuestra juventud ni siquiera pensamos en ello, a partir de los 30 a\u00f1os todos los sistemas vitales de nuestro cuerpo requieren mucha m\u00e1s atenci\u00f3n. Por eso las cl\u00ednicas locales han desarrollado programas especiales de cribado: teniendo en cuenta el sexo, la edad y las especificidades de cada categor\u00eda de poblaci\u00f3n.<\/p>\n\n\n\n<h3 class=\"wp-block-heading\">Trasplante<\/h3>\n\n\n\n<p>Si una pieza rota de un coche no puede repararse, se sustituye por otra nueva. Lo mismo ocurre con un ser humano. Los m\u00e9dicos locales tienen muchos a\u00f1os de pr\u00e1ctica en trasplantes de coraz\u00f3n, pulmones, h\u00edgado, intestino delgado, p\u00e1ncreas, ri\u00f1ones. El nivel de la cirug\u00eda de trasplantes aqu\u00ed es tan alto que casi todos los hospitales disponen de las herramientas necesarias para llevar a cabo este tipo de sesiones.<\/p>\n\n\n\n<h3 class=\"wp-block-heading\">Oncolog\u00eda<\/h3>\n\n\n\n<p>La eficacia de la lucha contra la oncolog\u00eda queda demostrada por estad\u00edsticas impresionantes. Si se cuenta con profesionales que han realizado miles de intervenciones quir\u00fargicas con \u00e9xito, esto ya supone la mitad del \u00e9xito. Existe la posibilidad de curarse del c\u00e1ncer incluso en las \u00faltimas fases.<\/p>\n\n\n\n<p><strong>Los m\u00e9todos m\u00e1s eficaces:<\/strong><\/p>\n\n\n\n<ul><li>Gamma knife. Elimina tumores cerebrales malignos. Concentra rayos de radiaci\u00f3n en el tumor, lo que provoca su reducci\u00f3n y desaparici\u00f3n. Externamente, el dispositivo se parece a un casco ordinario y puede utilizarse en cualquier lugar conveniente con comodidad para el cliente.<\/li><li>Terapia de protones. Afecta a las c\u00e9lulas cancerosas sin ning\u00fan efecto sobre el tejido sano. Es un tratamiento de eficacia probada y excelente reputaci\u00f3n.<\/li><li>Cyberknife: extirpaci\u00f3n de neoplasias mediante radiocirug\u00eda.<\/li><li>Nanotecnolog\u00eda.<\/li><li>Nanocuchillo. Una innovadora t\u00e9cnica radical que utiliza corriente el\u00e9ctrica. La ventaja es la ausencia de efectos secundarios y riesgos.<\/li><\/ul>\n\n\n\n<p>Antes de elegir una opci\u00f3n concreta, debe consultar siempre a su m\u00e9dico. Los onc\u00f3logos experimentados ofrecer\u00e1n la mejor soluci\u00f3n en funci\u00f3n de las caracter\u00edsticas individuales de cada paciente.<\/p>\n\n\n\n<h3 class=\"wp-block-heading\">Cirug\u00eda card\u00edaca<\/h3>\n\n\n\n<p>La cardiolog\u00eda es otro campo fruct\u00edfero para los cirujanos. Aqu\u00ed intentan utilizar la menor intervenci\u00f3n quir\u00fargica posible, lo que reduce el periodo de rehabilitaci\u00f3n.<\/p>\n\n\n\n<h3 class=\"wp-block-heading\">Neurocirug\u00eda<\/h3>\n\n\n\n<p>Un gran n\u00famero de personas se han resignado a condenas como la enfermedad de Parkinson, la par\u00e1lisis cerebral o la epilepsia. En la inmensa mayor\u00eda se consideran incurables, pero aqu\u00ed no. Los m\u00e9dicos canadienses tratan incluso las formas graves de estas dolencias.<\/p>\n\n\n\n<h3 class=\"wp-block-heading\">Ortopedia<\/h3>\n\n\n\n<p>Las patolog\u00edas de la columna vertebral y las lesiones deportivas no suponen ning\u00fan problema para nuestros traumat\u00f3logos. Son capaces de obrar milagros. Gracias a su profesionalidad y a sus pr\u00f3tesis endo y bioqu\u00edmicas de primera calidad, las personas con discapacidad llevan una vida plena.<\/p>\n\n\n\n<h3 class=\"wp-block-heading\">Cirug\u00eda pl\u00e1stica<\/h3>\n\n\n\n<p>Maple Leaf Country ha reunido a artesanos ejemplares que centran su experiencia, conocimientos y habilidades en resaltar sus puntos fuertes y eliminar sus defectos. Sus procedimientos est\u00e9ticos y reconstructivos despiertan siempre admiraci\u00f3n y respeto. Devuelven a los pacientes la confianza en s\u00ed mismos y les proporcionan un nuevo comienzo en la vida.<\/p>\n\n\n\n<h3 class=\"wp-block-heading\">Segunda opini\u00f3n<\/h3>\n\n\n\n<p>Si tiene dudas sobre un informe anterior, siempre puede volver a pedir que lo revisen. El m\u00e9dico le har\u00e1 recomendaciones bas\u00e1ndose en sus certificados y en la informaci\u00f3n facilitada, lo que aumentar\u00e1 considerablemente las probabilidades de una pronta recuperaci\u00f3n.<\/p>\n\n\n\n<h2 class=\"wp-block-heading\">Mantenimiento<\/h2>\n\n\n\n<figure class=\"wp-block-image size-full\"><img decoding=\"async\" width=\"810\" height=\"450\" src=\"https:\/\/canadamama.ca\/wp-content\/uploads\/2022\/08\/obsluzhivaniye-patsiyentov.jpg\" alt=\"Atenci\u00f3n al paciente\" class=\"wp-image-126\" srcset=\"https:\/\/canadamama.ca\/wp-content\/uploads\/2022\/08\/obsluzhivaniye-patsiyentov.jpg 810w, https:\/\/canadamama.ca\/wp-content\/uploads\/2022\/08\/obsluzhivaniye-patsiyentov-710x394.jpg 710w, https:\/\/canadamama.ca\/wp-content\/uploads\/2022\/08\/obsluzhivaniye-patsiyentov-768x427.jpg 768w\" sizes=\"(max-width: 810px) 100vw, 810px\" \/><\/figure>\n\n\n\n<p>Un diagn\u00f3stico preciso y oportuno le permite determinar la v\u00eda de recuperaci\u00f3n m\u00e1s eficaz. Los centros m\u00e9dicos canadienses le ofrecen una amplia gama de servicios, desde el diagn\u00f3stico de alta precisi\u00f3n hasta la rehabilitaci\u00f3n. Quedar\u00e1 impresionado por la actitud y las aptitudes de cada miembro del personal (incluidos enfermeros y cuidadores).<\/p>\n\n\n\n<h2 class=\"wp-block-heading\">Coste<\/h2>\n\n\n\n<figure class=\"wp-block-image size-full\"><img decoding=\"async\" width=\"810\" height=\"450\" src=\"https:\/\/canadamama.ca\/wp-content\/uploads\/2022\/08\/Stoimost-meditsinskogo-obsluzhivaniya-kanade.jpg\" alt=\"El coste de la asistencia sanitaria en Canad\u00e1\" class=\"wp-image-128\" srcset=\"https:\/\/canadamama.ca\/wp-content\/uploads\/2022\/08\/Stoimost-meditsinskogo-obsluzhivaniya-kanade.jpg 810w, https:\/\/canadamama.ca\/wp-content\/uploads\/2022\/08\/Stoimost-meditsinskogo-obsluzhivaniya-kanade-710x394.jpg 710w, https:\/\/canadamama.ca\/wp-content\/uploads\/2022\/08\/Stoimost-meditsinskogo-obsluzhivaniya-kanade-768x427.jpg 768w\" sizes=\"(max-width: 810px) 100vw, 810px\" \/><\/figure>\n\n\n\n<p>Tratarse en el extranjero no es barato, pero en muchos casos el coste merece la pena. La impresionante afluencia de fondos y la financiaci\u00f3n gubernamental contribuyen a mejorar la medicina en Canad\u00e1, manteni\u00e9ndola en los primeros puestos de la clasificaci\u00f3n mundial.<\/p>\n\n\n\n<p>El coste de los servicios se basa en las particularidades de cada situaci\u00f3n. Las consultas, la hospitalizaci\u00f3n, la anestesiolog\u00eda y los ex\u00e1menes especializados suelen cobrarse aparte. En general, es probable que una persona sin formaci\u00f3n desconozca muchos aspectos, por ejemplo, los costes del tratamiento en distintas cl\u00ednicas y provincias pueden variar significativamente. Nuestra empresa le ayudar\u00e1 en todos los aspectos relacionados. Coordinaremos el plan de acci\u00f3n, le proporcionaremos apoyo informativo, le ayudaremos con el transporte, el papeleo y el alquiler de alojamiento, lo que le ahorrar\u00e1 tiempo y dinero a largo plazo.<\/p>\n\n\n\n<p>Un microclima y unas condiciones favorables, la atenci\u00f3n del personal, una asistencia cualificada: todo esto es lo que obtendr\u00e1 cuando elija un tratamiento en Canad\u00e1 con Canada Mama Consulting.<\/p>\n\n\n\n<p><strong>A petici\u00f3n del cliente, se incluir\u00e1n cl\u00e1usulas adicionales en el contrato:<\/strong><\/p>\n\n\n\n<ul><li>Acompa\u00f1ado por una enfermera de habla rusa;<\/li><li>Traducci\u00f3n y certificaci\u00f3n notarial de documentos;<\/li><li>Puede obtener informaci\u00f3n m\u00e1s detallada poni\u00e9ndose en contacto con nuestros gestores.<\/li><\/ul>","protected":false},"excerpt":{"rendered":"<p>Hoy en d\u00eda, el concepto de turismo m\u00e9dico est\u00e1 en boca de todos y su popularidad crece cada a\u00f1o. El servicio brillante, la profesionalidad del personal, los medicamentos altamente eficaces, el mejor equipamiento t\u00e9cnico de los centros m\u00e9dicos hacen que el tratamiento en Canad\u00e1 sea muy atractivo para los no residentes y los residentes de este pa\u00eds. Los canadienses se encuentran entre los buques insignia de la terapia mundial. Sus m\u00e9ritos incluyen innovaciones avanzadas en este [...].<\/p>","protected":false},"author":1,"featured_media":243,"parent":0,"menu_order":0,"comment_status":"closed","ping_status":"closed","template":"","meta":{"site-sidebar-layout":"default","site-content-layout":"","ast-site-content-layout":"","site-content-style":"default","site-sidebar-style":"default","ast-global-header-display":"","ast-banner-title-visibility":"","ast-main-header-display":"","ast-hfb-above-header-display":"","ast-hfb-below-header-display":"","ast-hfb-mobile-header-display":"","site-post-title":"","ast-breadcrumbs-content":"","ast-featured-img":"","footer-sml-layout":"","theme-transparent-header-meta":"","adv-header-id-meta":"","stick-header-meta":"","header-above-stick-meta":"","header-main-stick-meta":"","header-below-stick-meta":"","astra-migrate-meta-layouts":"default","ast-page-background-enabled":"default","ast-page-background-meta":{"desktop":{"background-color":"var(--ast-global-color-4)","background-image":"","background-repeat":"repeat","background-position":"center center","background-size":"auto","background-attachment":"scroll","background-type":"","background-media":"","overlay-type":"","overlay-color":"","overlay-gradient":""},"tablet":{"background-color":"","background-image":"","background-repeat":"repeat","background-position":"center center","background-size":"auto","background-attachment":"scroll","background-type":"","background-media":"","overlay-type":"","overlay-color":"","overlay-gradient":""},"mobile":{"background-color":"","background-image":"","background-repeat":"repeat","background-position":"center center","background-size":"auto","background-attachment":"scroll","background-type":"","background-media":"","overlay-type":"","overlay-color":"","overlay-gradient":""}},"ast-content-background-meta":{"desktop":{"background-color":"var(--ast-global-color-5)","background-image":"","background-repeat":"repeat","background-position":"center center","background-size":"auto","background-attachment":"scroll","background-type":"","background-media":"","overlay-type":"","overlay-color":"","overlay-gradient":""},"tablet":{"background-color":"var(--ast-global-color-5)","background-image":"","background-repeat":"repeat","background-position":"center center","background-size":"auto","background-attachment":"scroll","background-type":"","background-media":"","overlay-type":"","overlay-color":"","overlay-gradient":""},"mobile":{"background-color":"var(--ast-global-color-5)","background-image":"","background-repeat":"repeat","background-position":"center center","background-size":"auto","background-attachment":"scroll","background-type":"","background-media":"","overlay-type":"","overlay-color":"","overlay-gradient":""}},"footnotes":""},"_links":{"self":[{"href":"https:\/\/canadamama.ca\/es\/wp-json\/wp\/v2\/pages\/242"}],"collection":[{"href":"https:\/\/canadamama.ca\/es\/wp-json\/wp\/v2\/pages"}],"about":[{"href":"https:\/\/canadamama.ca\/es\/wp-json\/wp\/v2\/types\/page"}],"author":[{"embeddable":true,"href":"https:\/\/canadamama.ca\/es\/wp-json\/wp\/v2\/users\/1"}],"replies":[{"embeddable":true,"href":"https:\/\/canadamama.ca\/es\/wp-json\/wp\/v2\/comments?post=242"}],"version-history":[{"count":3,"href":"https:\/\/canadamama.ca\/es\/wp-json\/wp\/v2\/pages\/242\/revisions"}],"predecessor-version":[{"id":559,"href":"https:\/\/canadamama.ca\/es\/wp-json\/wp\/v2\/pages\/242\/revisions\/559"}],"wp:featuredmedia":[{"embeddable":true,"href":"https:\/\/canadamama.ca\/es\/wp-json\/wp\/v2\/media\/243"}],"wp:attachment":[{"href":"https:\/\/canadamama.ca\/es\/wp-json\/wp\/v2\/media?parent=242"}],"curies":[{"name":"wp","href":"https:\/\/api.w.org\/{rel}","templated":true}]}}