{"id":239,"date":"2022-08-26T20:26:42","date_gmt":"2022-08-26T20:26:42","guid":{"rendered":"https:\/\/canadamama.ca\/?page_id=239"},"modified":"2023-08-16T17:38:10","modified_gmt":"2023-08-16T17:38:10","slug":"pediatriya","status":"publish","type":"page","link":"https:\/\/canadamama.ca\/es\/pediatriya\/","title":{"rendered":"Pediatras y especialistas infantiles"},"content":{"rendered":"<p>La cooperaci\u00f3n con Canada Mama Consulting es una gran oportunidad para confiar el cuidado de la salud de sus hijos a las mejores cl\u00ednicas canadienses, famosas por sus diagn\u00f3sticos precisos y m\u00e9todos eficaces.<\/p>\n\n\n\n<p>La salud es, sin exagerar, lo m\u00e1s importante en la vida, sobre todo cuando se trata de nuestros hijos. Es muy importante conservarla desde el nacimiento y mantenerla constantemente. En nuestra consulta tratamos cada caso con cuidado y responsabilidad y nos esforzamos por ofrecerle el mejor apoyo posible de profesionales m\u00e9dicos cualificados.<\/p>\n\n\n\n<p>El abanico de actividades de nuestra empresa no se limita a la organizaci\u00f3n de partos. A lo largo de los a\u00f1os, hemos desarrollado un enorme potencial en otros \u00e1mbitos, por lo que estamos preparados para prestar servicios m\u00e9dicos de calidad en una amplia gama de campos (desde la pediatr\u00eda y la fecundaci\u00f3n in vitro hasta la cirug\u00eda pl\u00e1stica). S\u00f3lo le ofreceremos centros m\u00e9dicos seleccionados con equipos innovadores y una cualificaci\u00f3n impecable de cada empleado.<\/p>\n\n\n\n<figure class=\"wp-block-image size-full\"><img decoding=\"async\" width=\"810\" height=\"450\" src=\"https:\/\/canadamama.ca\/wp-content\/uploads\/2022\/08\/pediatr-kanade.jpg\" alt=\"Pediatr\u00eda en Canad\u00e1\" class=\"wp-image-133\" srcset=\"https:\/\/canadamama.ca\/wp-content\/uploads\/2022\/08\/pediatr-kanade.jpg 810w, https:\/\/canadamama.ca\/wp-content\/uploads\/2022\/08\/pediatr-kanade-710x394.jpg 710w, https:\/\/canadamama.ca\/wp-content\/uploads\/2022\/08\/pediatr-kanade-768x427.jpg 768w\" sizes=\"(max-width: 810px) 100vw, 810px\" \/><\/figure>\n\n\n\n<p>La medicina canadiense est\u00e1 considerada como una de las m\u00e1s desarrolladas del mundo. Se trata de un hecho innegable que lleva mucho tiempo fuera de toda duda. Los profesionales locales diagnostican y predicen las enfermedades infantiles con perfecta exactitud, y determinan el curso m\u00e1s eficaz de la terapia y la rehabilitaci\u00f3n. Nuestros gestores le ayudar\u00e1n a conseguir cita con los pediatras m\u00e1s destacados del pa\u00eds, que tratar\u00e1n la par\u00e1lisis cerebral, el autismo, las amputaciones cong\u00e9nitas y otras dolencias. Todas las tecnolog\u00edas avanzadas y los avances de la medicina moderna tendr\u00e1n como objetivo devolverle la alegr\u00eda a usted y a la vida de su beb\u00e9.<\/p>\n\n\n\n<p><strong>Los servicios de Canada Mama Consulting incluyen:<\/strong><\/p>\n\n\n\n<ul>\n<li>Selecci\u00f3n de un especialista (en funci\u00f3n de las particularidades de su situaci\u00f3n);<\/li>\n\n\n\n<li>Concierte una cita a la hora que m\u00e1s le convenga;<\/li>\n\n\n\n<li>Apoyo para visados y transporte;<\/li>\n\n\n\n<li>Acompa\u00f1e a un int\u00e9rprete o a una enfermera que hable ruso;<\/li>\n\n\n\n<li>Trabajo de documentaci\u00f3n.<\/li>\n<\/ul>\n\n\n\n<h2 class=\"wp-block-heading\">Lo que debe llevar al hospital<\/h2>\n\n\n\n<p>El departamento de pediatr\u00eda de este hospital est\u00e1 dise\u00f1ado para atender a ni\u00f1os de 0 a 18 a\u00f1os. Aqu\u00ed, en casi cada esquina, encontrar\u00e1 personal de enfermer\u00eda siempre dispuesto a atenderle y a hablar con usted sobre sus preocupaciones.<\/p>\n\n\n\n<p>Se recomienda que lo lleve consigo durante su estancia en el hospital:<\/p>\n\n\n\n<ul>\n<li>Pijama o bata;<\/li>\n\n\n\n<li>Una muda de calzado (unas zapatillas antideslizantes bastar\u00e1n);<\/li>\n\n\n\n<li>Productos de higiene personal (pasta de dientes y cepillo, champ\u00fa, jab\u00f3n, peine).<\/li>\n<\/ul>\n\n\n\n<p>Lo que es mejor no tomar:<\/p>\n\n\n\n<ul>\n<li>Dinero;<\/li>\n\n\n\n<li>Joyas y objetos de valor;<\/li>\n\n\n\n<li>Tarjetas de cr\u00e9dito;<\/li>\n\n\n\n<li>Objetos peque\u00f1os y pelotas de goma;<\/li>\n\n\n\n<li>Aparatos el\u00e9ctricos.<\/li>\n<\/ul>\n\n\n\n<p>Para que su hijo se sienta c\u00f3modo, hay una amplia sala con una gran selecci\u00f3n de juguetes y libros. Todas las salas del hospital est\u00e1n equipadas con TV, DVD y videoconsolas. Seg\u00fan las normas de la casa, uno de los padres puede quedarse a dormir.<\/p>\n\n\n\n<p>Tras el alta, sus m\u00e9dicos le dar\u00e1n una lista completa de recomendaciones y recetas para los medicamentos que deber\u00e1 tomar durante el periodo de rehabilitaci\u00f3n.<\/p>","protected":false},"excerpt":{"rendered":"<p>La cooperaci\u00f3n con Canada Mama Consulting es una gran oportunidad para confiar el cuidado de la salud de sus hijos a las mejores cl\u00ednicas canadienses, reconocidas por sus diagn\u00f3sticos precisos y m\u00e9todos eficaces. La salud es, sin exagerar, lo m\u00e1s importante en la vida, especialmente cuando se trata de nuestros hijos. Es muy importante conservarla desde el nacimiento y mantenerla constantemente. Tratamos con cuidado y responsabilidad [...].<\/p>","protected":false},"author":1,"featured_media":240,"parent":0,"menu_order":0,"comment_status":"closed","ping_status":"closed","template":"","meta":{"site-sidebar-layout":"default","site-content-layout":"","ast-site-content-layout":"","site-content-style":"default","site-sidebar-style":"default","ast-global-header-display":"","ast-banner-title-visibility":"","ast-main-header-display":"","ast-hfb-above-header-display":"","ast-hfb-below-header-display":"","ast-hfb-mobile-header-display":"","site-post-title":"","ast-breadcrumbs-content":"","ast-featured-img":"","footer-sml-layout":"","theme-transparent-header-meta":"","adv-header-id-meta":"","stick-header-meta":"","header-above-stick-meta":"","header-main-stick-meta":"","header-below-stick-meta":"","astra-migrate-meta-layouts":"default","ast-page-background-enabled":"default","ast-page-background-meta":{"desktop":{"background-color":"var(--ast-global-color-4)","background-image":"","background-repeat":"repeat","background-position":"center center","background-size":"auto","background-attachment":"scroll","background-type":"","background-media":"","overlay-type":"","overlay-color":"","overlay-gradient":""},"tablet":{"background-color":"","background-image":"","background-repeat":"repeat","background-position":"center center","background-size":"auto","background-attachment":"scroll","background-type":"","background-media":"","overlay-type":"","overlay-color":"","overlay-gradient":""},"mobile":{"background-color":"","background-image":"","background-repeat":"repeat","background-position":"center center","background-size":"auto","background-attachment":"scroll","background-type":"","background-media":"","overlay-type":"","overlay-color":"","overlay-gradient":""}},"ast-content-background-meta":{"desktop":{"background-color":"var(--ast-global-color-5)","background-image":"","background-repeat":"repeat","background-position":"center center","background-size":"auto","background-attachment":"scroll","background-type":"","background-media":"","overlay-type":"","overlay-color":"","overlay-gradient":""},"tablet":{"background-color":"var(--ast-global-color-5)","background-image":"","background-repeat":"repeat","background-position":"center center","background-size":"auto","background-attachment":"scroll","background-type":"","background-media":"","overlay-type":"","overlay-color":"","overlay-gradient":""},"mobile":{"background-color":"var(--ast-global-color-5)","background-image":"","background-repeat":"repeat","background-position":"center center","background-size":"auto","background-attachment":"scroll","background-type":"","background-media":"","overlay-type":"","overlay-color":"","overlay-gradient":""}},"footnotes":""},"_links":{"self":[{"href":"https:\/\/canadamama.ca\/es\/wp-json\/wp\/v2\/pages\/239"}],"collection":[{"href":"https:\/\/canadamama.ca\/es\/wp-json\/wp\/v2\/pages"}],"about":[{"href":"https:\/\/canadamama.ca\/es\/wp-json\/wp\/v2\/types\/page"}],"author":[{"embeddable":true,"href":"https:\/\/canadamama.ca\/es\/wp-json\/wp\/v2\/users\/1"}],"replies":[{"embeddable":true,"href":"https:\/\/canadamama.ca\/es\/wp-json\/wp\/v2\/comments?post=239"}],"version-history":[{"count":3,"href":"https:\/\/canadamama.ca\/es\/wp-json\/wp\/v2\/pages\/239\/revisions"}],"predecessor-version":[{"id":1200,"href":"https:\/\/canadamama.ca\/es\/wp-json\/wp\/v2\/pages\/239\/revisions\/1200"}],"wp:featuredmedia":[{"embeddable":true,"href":"https:\/\/canadamama.ca\/es\/wp-json\/wp\/v2\/media\/240"}],"wp:attachment":[{"href":"https:\/\/canadamama.ca\/es\/wp-json\/wp\/v2\/media?parent=239"}],"curies":[{"name":"wp","href":"https:\/\/api.w.org\/{rel}","templated":true}]}}