{"id":235,"date":"2022-08-26T20:16:35","date_gmt":"2022-08-26T20:16:35","guid":{"rendered":"https:\/\/canadamama.ca\/?page_id=235"},"modified":"2022-09-02T21:50:35","modified_gmt":"2022-09-02T21:50:35","slug":"doula","status":"publish","type":"page","link":"https:\/\/canadamama.ca\/es\/doula\/","title":{"rendered":"Doula"},"content":{"rendered":"<p>Una mujer que espera el nacimiento de un hijo se encuentra en un estado mental y emocional especial. En ese momento es cuando m\u00e1s necesita cuidados y apoyo. Si todos los gastos materiales suelen correr a cargo del marido y los padres, y de la parte m\u00e9dica se encarga el personal del hospital, la Doula se convierte en una verdadera amiga. Su principal tarea es rodear a la parturienta de atenci\u00f3n y consuelo. Para la mayor\u00eda de los pa\u00edses postsovi\u00e9ticos se trata de un tipo de servicio completamente nuevo. En Estados Unidos y Canad\u00e1, hace tiempo que se ha convertido en una norma y una necesidad.<\/p>\n\n\n\n<h2 class=\"wp-block-heading\">\u00bfCu\u00e1les son las funciones de una Doula?<\/h2>\n\n\n\n<p>Se trata de una persona que cuidar\u00e1 de usted en todo momento y le proporcionar\u00e1 apoyo no m\u00e9dico completo. Puede ser un \"hombro en el que apoyarse\" en un pa\u00eds lejano. Puede dar un masaje a una joven madre, ayudarla a vestirse o desvestirse, llamar al m\u00e9dico y realizar cualquier tarea que se le encomiende.<\/p>\n\n\n\n<p>Se ha demostrado cient\u00edficamente que un trasfondo y una actitud positivos son esenciales para el \u00e9xito de una intervenci\u00f3n quir\u00fargica o un tratamiento. La presencia de un asistente de parto experimentado minimiza la probabilidad de depresi\u00f3n posparto, psicosis y complicaciones. Es una garant\u00eda de tranquilidad y comodidad para usted.<\/p>\n\n\n\n<h2 class=\"wp-block-heading\">\u00bfPor qu\u00e9 es mejor reservar los servicios de una Doula en Canad\u00e1 con nosotros?<\/h2>\n\n\n\n<ul><li>Nuestra amplia experiencia en cuestiones de organizaci\u00f3n y selecci\u00f3n del personal de acompa\u00f1amiento nos da una ventaja sobre otras empresas.<\/li><li>Entre nuestros socios s\u00f3lo se encuentran los mejores profesionales que conocen y aman su trabajo.<\/li><li>De guardia 24 horas al d\u00eda y 7 d\u00edas a la semana.<\/li><li>Siempre tenemos en cuenta las necesidades individuales del cliente y le proporcionamos absoluta comodidad.<\/li><li>Garantizamos un alto nivel de servicio.<\/li><\/ul>\n\n\n\n<p>\"Canada Mama Consulting\" ofrece parteras profesionales que han sido formadas y cuidadosamente seleccionadas. Estas personas nunca hacen preguntas innecesarias, no imponen sus consejos y lo entienden todo con media palabra. No critican a la parturienta, no controlan sus actos, no le hacen reproches y respetan todos sus caprichos.<\/p>\n\n\n\n<p>Nuestras Doulas son excelentes psic\u00f3logas con excelentes cualidades personales, siempre dispuestas a ponerse del lado de la clienta, a rodearla de comprensi\u00f3n, apoyo integral y un ambiente de confort hogare\u00f1o.<\/p>","protected":false},"excerpt":{"rendered":"<p>Una mujer que espera el nacimiento de un hijo se encuentra en un estado mental y emocional especial. En ese momento es cuando m\u00e1s necesita cuidados y apoyo. Si todos los gastos materiales suelen correr a cargo del marido y los padres, y de la parte m\u00e9dica se encarga el personal del hospital, la Doula se convierte en una verdadera amiga. Su principal tarea es rodear a la parturienta de atenci\u00f3n y consuelo. Para la mayor\u00eda [....]<\/p>","protected":false},"author":1,"featured_media":238,"parent":0,"menu_order":0,"comment_status":"closed","ping_status":"closed","template":"","meta":{"site-sidebar-layout":"default","site-content-layout":"","ast-site-content-layout":"","site-content-style":"default","site-sidebar-style":"default","ast-global-header-display":"","ast-banner-title-visibility":"","ast-main-header-display":"","ast-hfb-above-header-display":"","ast-hfb-below-header-display":"","ast-hfb-mobile-header-display":"","site-post-title":"","ast-breadcrumbs-content":"","ast-featured-img":"","footer-sml-layout":"","theme-transparent-header-meta":"","adv-header-id-meta":"","stick-header-meta":"","header-above-stick-meta":"","header-main-stick-meta":"","header-below-stick-meta":"","astra-migrate-meta-layouts":"default","ast-page-background-enabled":"default","ast-page-background-meta":{"desktop":{"background-color":"var(--ast-global-color-4)","background-image":"","background-repeat":"repeat","background-position":"center center","background-size":"auto","background-attachment":"scroll","background-type":"","background-media":"","overlay-type":"","overlay-color":"","overlay-gradient":""},"tablet":{"background-color":"","background-image":"","background-repeat":"repeat","background-position":"center center","background-size":"auto","background-attachment":"scroll","background-type":"","background-media":"","overlay-type":"","overlay-color":"","overlay-gradient":""},"mobile":{"background-color":"","background-image":"","background-repeat":"repeat","background-position":"center center","background-size":"auto","background-attachment":"scroll","background-type":"","background-media":"","overlay-type":"","overlay-color":"","overlay-gradient":""}},"ast-content-background-meta":{"desktop":{"background-color":"var(--ast-global-color-5)","background-image":"","background-repeat":"repeat","background-position":"center center","background-size":"auto","background-attachment":"scroll","background-type":"","background-media":"","overlay-type":"","overlay-color":"","overlay-gradient":""},"tablet":{"background-color":"var(--ast-global-color-5)","background-image":"","background-repeat":"repeat","background-position":"center center","background-size":"auto","background-attachment":"scroll","background-type":"","background-media":"","overlay-type":"","overlay-color":"","overlay-gradient":""},"mobile":{"background-color":"var(--ast-global-color-5)","background-image":"","background-repeat":"repeat","background-position":"center center","background-size":"auto","background-attachment":"scroll","background-type":"","background-media":"","overlay-type":"","overlay-color":"","overlay-gradient":""}},"footnotes":""},"_links":{"self":[{"href":"https:\/\/canadamama.ca\/es\/wp-json\/wp\/v2\/pages\/235"}],"collection":[{"href":"https:\/\/canadamama.ca\/es\/wp-json\/wp\/v2\/pages"}],"about":[{"href":"https:\/\/canadamama.ca\/es\/wp-json\/wp\/v2\/types\/page"}],"author":[{"embeddable":true,"href":"https:\/\/canadamama.ca\/es\/wp-json\/wp\/v2\/users\/1"}],"replies":[{"embeddable":true,"href":"https:\/\/canadamama.ca\/es\/wp-json\/wp\/v2\/comments?post=235"}],"version-history":[{"count":2,"href":"https:\/\/canadamama.ca\/es\/wp-json\/wp\/v2\/pages\/235\/revisions"}],"predecessor-version":[{"id":556,"href":"https:\/\/canadamama.ca\/es\/wp-json\/wp\/v2\/pages\/235\/revisions\/556"}],"wp:featuredmedia":[{"embeddable":true,"href":"https:\/\/canadamama.ca\/es\/wp-json\/wp\/v2\/media\/238"}],"wp:attachment":[{"href":"https:\/\/canadamama.ca\/es\/wp-json\/wp\/v2\/media?parent=235"}],"curies":[{"name":"wp","href":"https:\/\/api.w.org\/{rel}","templated":true}]}}