{"id":2,"date":"2022-07-04T22:19:00","date_gmt":"2022-07-04T22:19:00","guid":{"rendered":"https:\/\/canadamama.ca\/?page_id=2"},"modified":"2023-08-15T00:05:11","modified_gmt":"2023-08-15T00:05:11","slug":"home","status":"publish","type":"page","link":"https:\/\/canadamama.ca\/es\/","title":{"rendered":"Principal"},"content":{"rendered":"<div class=\"wp-block-cover alignfull is-light has-custom-content-position is-position-bottom-center home-slide\" style=\"padding-top:200px;padding-bottom:150px;min-height:80vh\"><span aria-hidden=\"true\" class=\"wp-block-cover__background has-background-dim-0 has-background-dim\"><\/span><img decoding=\"async\" width=\"1920\" height=\"935\" class=\"wp-block-cover__image-background wp-image-552\" alt=\"Parto y asistencia sanitaria en Canad\u00e1\" src=\"https:\/\/canadamama.ca\/wp-content\/uploads\/2022\/09\/giving-birth-in-canada.jpg\" style=\"object-position:34% 45%\" data-object-fit=\"cover\" data-object-position=\"34% 45%\" srcset=\"https:\/\/canadamama.ca\/wp-content\/uploads\/2022\/09\/giving-birth-in-canada.jpg 1920w, https:\/\/canadamama.ca\/wp-content\/uploads\/2022\/09\/giving-birth-in-canada-710x346.jpg 710w, https:\/\/canadamama.ca\/wp-content\/uploads\/2022\/09\/giving-birth-in-canada-768x374.jpg 768w, https:\/\/canadamama.ca\/wp-content\/uploads\/2022\/09\/giving-birth-in-canada-1536x748.jpg 1536w, https:\/\/canadamama.ca\/wp-content\/uploads\/2022\/09\/giving-birth-in-canada-18x9.jpg 18w\" sizes=\"(max-width: 1920px) 100vw, 1920px\" \/><div class=\"wp-block-cover__inner-container is-layout-flow wp-block-cover-is-layout-flow\">\n<h1 class=\"wp-block-heading has-text-align-left has-ast-global-color-8-color has-text-color has-large-font-size\">Parto y medicina en Canad\u00e1 por Canada Mama<\/h1>\n\n\n\n<p>Regale a su hijo no s\u00f3lo la vida, sino tambi\u00e9n el futuro. Descubra todas las ventajas de nuestros servicios<\/p>\n\n\n\n<div class=\"wp-block-buttons is-layout-flex wp-block-buttons-is-layout-flex\">\n<div class=\"wp-block-button has-custom-font-size\" style=\"font-size:16px\"><a class=\"wp-block-button__link wp-element-button\" href=\"#happyforms-466\" style=\"border-radius:30px\">Consulta gratuita<\/a><\/div>\n<\/div>\n<\/div><\/div>\n\n\n\n<div style=\"height:30px\" aria-hidden=\"true\" class=\"wp-block-spacer\"><\/div>\n\n\n\n<div class=\"wp-block-columns is-layout-flex wp-container-core-columns-layout-1 wp-block-columns-is-layout-flex\">\n<div class=\"wp-block-column is-layout-flow wp-block-column-is-layout-flow\" style=\"flex-basis:33.33%\">\n<div class=\"hmp-items-cont\">\n <div class=\"mps-item\">\n  <svg xmlns=\"https:\/\/www.w3.org\/2000\/svg\" width=\"42\" viewbox=\"0 0 334.8 276.48\">\n   <path d=\"M42.8,202c14.23,39.26,47.25,69,87.06,80.75a42.24,42.24,0,0,0,75.07,0c39.81-11.72,72.83-41.5,87.06-80.75a43.31,43.31,0,0,0,0-86.61C275.94,71.12,236,38.84,189.29,31a8.36,8.36,0,0,0-2.54-.56c-.59,0-1.21,0-1.81-.06a132.38,132.38,0,0,0-17.54-1.25c-55.77,0-106.08,35.16-124.6,86.25a43.31,43.31,0,0,0,0,86.61Zm98.5,24.81c0-4.6,10.41-11.54,26.09-11.54s26.1,6.94,26.1,11.54a4.88,4.88,0,0,1-1,2.53,42,42,0,0,0-50.19,0A4.85,4.85,0,0,1,141.3,226.83ZM175.76,288A26,26,0,1,1,161.42,238a23.91,23.91,0,0,1,12,0,26.06,26.06,0,0,1,16.54,12.4,25.79,25.79,0,0,1,3.58,12.94,25.3,25.3,0,0,1-.73,5.87A26.07,26.07,0,0,1,175.76,288ZM43.3,131.61a28.93,28.93,0,0,1,4,.33l6.89,1,2-6.67c9.86-32.3,34.05-58,64.47-71.17-6.79,15,2.43,33.59,17.8,40.82,19.16,9,50.15,10.18,63.22-9.42,5.89-8.83.66-20-6.47-26.06-10-8.46-24.47-9.66-36.31-5-9.59,3.81-5.42,19.48,4.31,15.62,7-2.79,13.45-3,20.21.71,9.27,5.1.73,10.92-5.75,12.78-12.08,3.47-29.91.64-39.35-7.84-11.93-10.7,3.43-22.85,12.94-26.17,10.3-3.61,21.62-4.41,32.52-4,44.07,6.28,81.78,37.25,94.73,79.71l2,6.67,6.9-1a28.57,28.57,0,0,1,4-.33,27.11,27.11,0,1,1,0,54.21,26.78,26.78,0,0,1-4-.33l-6.91-1-2,6.68c-10.32,33.85-36.42,60.38-68.89,72.95,0-.25,0-.49,0-.74a41.9,41.9,0,0,0-6.2-21.92c3.92-4.22,6.2-9.2,6.2-14.6,0-15.56-18.58-27.74-42.3-27.74s-42.3,12.18-42.3,27.74c0,5.4,2.28,10.38,6.19,14.6a42,42,0,0,0-6.19,21.92c0,.25,0,.49,0,.74C92.67,251.52,66.58,225,56.26,191.14l-2-6.68-6.91,1a27.09,27.09,0,1,1-4-53.88Z\" transform=\"translate(0 -29.16)\" fill=\"#d74928\"><\/path><path d=\"M133.2,174.69c13.92,0,13.92-21.6,0-21.6S119.27,174.69,133.2,174.69Z\" transform=\"translate(0 -29.16)\" fill=\"#d74928\"><\/path><path d=\"M201.6,173.34c13.93,0,13.93-21.6,0-21.6S187.67,173.34,201.6,173.34Z\" transform=\"translate(0 -29.16)\" fill=\"#d74928\"><\/path><\/svg>\n  <h3>Ni\u00f1os<\/h3>\n  <p>\n   <a href=\"https:\/\/canadamama.ca\/es\/rody-v-kanade\/\" title=\"El parto en Canad\u00e1\">El parto en Canad\u00e1<\/a>\n   <a href=\"https:\/\/canadamama.ca\/es\/doula\/\" title=\"\">Doula<\/a>\n   <a href=\"https:\/\/canadamama.ca\/es\/pediatriya\/\" title=\"Pediatr\u00eda en Canad\u00e1\">Pediatras y especialistas infantiles<\/a>\n  <\/p>\n <\/div>\n <div class=\"mps-item\">\n  <svg xmlns=\"https:\/\/www.w3.org\/2000\/svg\" width=\"42\" viewbox=\"0 0 512 512\"><path d=\"M508.14,56.78a10,10,0,0,0-8.6-1.8L452,67.07A94.64,94.64,0,0,1,428.57,70H358.75a45.25,45.25,0,0,0-45,38.64,25.36,25.36,0,0,1-25.21,21.66H286V109.41a58.83,58.83,0,1,0-60,0V130.3h-2.55a25.37,25.37,0,0,1-25.22-21.66,45.24,45.24,0,0,0-45-38.64H83.43A94.64,94.64,0,0,1,60,67.07L12.47,55A10,10,0,0,0,0,64.67a80.55,80.55,0,0,0,21.44,54.76A77.4,77.4,0,0,0,51,179.33l9.4,12.57a114.74,114.74,0,0,0,91.44,45.79A113.43,113.43,0,0,0,226,210.34V246h-9a64.69,64.69,0,0,0-56.67,95.83,10,10,0,1,0,17.52-9.65A44.68,44.68,0,0,1,217,266h9v89.33H202.5a47.84,47.84,0,0,0,0,95.67h27.81a258.11,258.11,0,0,0,16.63,54.94,10,10,0,0,0,9.19,6.06h0a10,10,0,0,0,9.19-6.09l.19-.47A258.6,258.6,0,0,0,281.81,451h11.36a20.5,20.5,0,1,1,0,41h-.68a10,10,0,0,0,0,20h.68a40.5,40.5,0,1,0,0-81h-8.52A259.81,259.81,0,0,0,286,404.47V375.34h6.67a64.67,64.67,0,0,0,0-129.34H286V210.34a113.45,113.45,0,0,0,74.16,27.35A114.74,114.74,0,0,0,451.6,191.9l9.4-12.57a77.36,77.36,0,0,0,29.56-59.9A80.5,80.5,0,0,0,512,64.67,10,10,0,0,0,508.14,56.78ZM218.08,190.46a93.61,93.61,0,0,1-66.24,27.23,94.64,94.64,0,0,1-60.53-22.07q3.76.38,7.63.38h16.74a10,10,0,0,0,0-20H98.94a57.61,57.61,0,0,1-54.51-39.2,80.21,80.21,0,0,0,36.39,8.7H101.5a10,10,0,0,0,0-20H80.82A61,61,0,0,1,21.45,77.9l33.67,8.56A115,115,0,0,0,83.43,90h69.82a25.36,25.36,0,0,1,25.21,21.66,45.26,45.26,0,0,0,45,38.64H226v32.33ZM202.5,431a27.84,27.84,0,0,1,0-55.67H226v28.54A260.23,260.23,0,0,0,227.42,431ZM266,404.47a238.17,238.17,0,0,1-9.91,68.21A238.05,238.05,0,0,1,246,403.87V375.33h20v29.14Zm0-49.14H246V116.8a58.57,58.57,0,0,0,20,0ZM292.67,266a44.67,44.67,0,0,1,0,89.33H286V266ZM256,97.66a38.83,38.83,0,1,1,38.83-38.83A38.88,38.88,0,0,1,256,97.66ZM431.18,125.5H410.5a10,10,0,0,0,0,20h20.69a80.4,80.4,0,0,0,36.39-8.7A57.61,57.61,0,0,1,413.07,176H396.32a10,10,0,1,0,0,20h16.75q3.85,0,7.62-.38a94.64,94.64,0,0,1-60.53,22.07,93.63,93.63,0,0,1-66.24-27.23L286,182.63V150.3h2.56a45.25,45.25,0,0,0,45-38.64A25.36,25.36,0,0,1,358.75,90h69.82a115.11,115.11,0,0,0,28.32-3.54l33.66-8.56A61,61,0,0,1,431.18,125.5Z\" transform=\"translate(0)\" fill=\"#d74928\"><\/path><path d=\"M223.07,494.93A10,10,0,1,0,226,502,10.08,10.08,0,0,0,223.07,494.93Z\" transform=\"translate(0)\" fill=\"#d74928\"><\/path><\/svg>\n  <h3>Medicina<\/h3>\n  <p>\n   <a href=\"https:\/\/canadamama.ca\/es\/medicina-v-kanade\/\">Asistencia m\u00e9dica<\/a>\n   <a href=\"\/es\/hospitals\/\" title=\"Hospitales de Toronto\">Hospitales<\/a>\n  <\/p>\n <\/div>\n <div class=\"mps-item\">\n  <svg xmlns=\"https:\/\/www.w3.org\/2000\/svg\" width=\"42\" viewbox=\"0 0 512 470.98\"><path d=\"M373.78,45.47a65.06,65.06,0,1,0,65.05,65.05A65.13,65.13,0,0,0,373.78,45.47Zm0,113.21a48.16,48.16,0,1,1,48.16-48.16A48.21,48.21,0,0,1,373.78,158.68Z\" transform=\"translate(0 -20.51)\" fill=\"#d74928\"><\/path><path d=\"M503.55,442.49h-7.22v-38a8.45,8.45,0,0,0-8.45-8.45H438.49V262.18a8.45,8.45,0,0,0-8.45-8.45H386.3V231.39a8.45,8.45,0,1,0-16.9,0v22.34H325.65a8.44,8.44,0,0,0-8.44,8.45v32.36H280.59a8.45,8.45,0,0,0-8.45,8.45V376.7A142.64,142.64,0,0,0,134,386.93l-4.88-179.69a29.34,29.34,0,0,0,2.95-57.31l-2.92-36.09a8.44,8.44,0,0,0-8.42-7.77h-1V29a8.45,8.45,0,0,0-16.9,0v77.11h-1a8.45,8.45,0,0,0-8.42,7.77l-2.92,36.09a29.34,29.34,0,0,0,3,57.31L87,442.49H8.45a8.45,8.45,0,1,0,0,16.9h495.1a8.45,8.45,0,0,0,0-16.9ZM212.24,380.44a124.22,124.22,0,0,1,72.2,22.88H140A124.16,124.16,0,0,1,212.24,380.44ZM109.58,123H113l2.09,26h-7.58Zm2.61,281.76a8.46,8.46,0,0,0-3.78,6.94v30.82H103.9l6.39-234.88h2l5.22,192.14C115.68,401.36,113.91,403,112.19,404.73ZM98,190.71a12.44,12.44,0,0,1,0-24.88H124.5a12.44,12.44,0,0,1,0,24.88ZM299.18,442.49H125.31V420.22H299.18Zm77.35-119.88H329.41a8.45,8.45,0,0,0,0,16.9h47.12v8.26H329.41a8.45,8.45,0,0,0,0,16.9h47.12v8.26H329.41a8.45,8.45,0,0,0,0,16.9h47.12v8.82H329.41a8.45,8.45,0,0,0,0,16.9h47.12v26.93H316.08V411.66a8.44,8.44,0,0,0-3.79-6.93,142.8,142.8,0,0,0-17.65-14.9h11.49a8.45,8.45,0,0,0,0-16.9H289v-8.26h17.09a8.45,8.45,0,0,0,0-16.9H289v-8.26h17.09a8.45,8.45,0,1,0,0-16.9H289V311.43h87.49v11.18Zm45.06-28.07H409a8.45,8.45,0,1,0,0,16.89h12.58v10.71H409a8.45,8.45,0,1,0,0,16.9h12.58v10.7H409a8.45,8.45,0,1,0,0,16.9h12.58v10.7H409a8.45,8.45,0,0,0,0,16.9h12.58v10.7H409a8.45,8.45,0,0,0,0,16.9h12.58v20.65H393.43V303a8.45,8.45,0,0,0-8.45-8.45H334.1V270.63h87.49v23.91Zm57.84,148H438.49V413h40.94Z\" transform=\"translate(0 -20.51)\" fill=\"#d74928\"><\/path><path d=\"M503.55,474.59H8.45a8.45,8.45,0,1,0,0,16.9h495.1a8.45,8.45,0,0,0,0-16.9Z\" transform=\"translate(0 -20.51)\" fill=\"#d74928\"><\/path><\/svg>\n  <h3>Canad\u00e1<\/h3>\n  <p>\n   <a href=\"https:\/\/canadamama.ca\/es\/viza-v-canadu\/\" title=\"Visado para Canad\u00e1\">Visados para Canad\u00e1<\/a>\n   <a href=\"https:\/\/canadamama.ca\/es\/oformlenie-vtorogo-grazhdanstva\/\" title=\"Registro de una segunda nacionalidad\">Registro de una segunda nacionalidad<\/a>\n   <a href=\"https:\/\/canadamama.ca\/es\/lease\/\" title=\"Alquilar una vivienda en Canad\u00e1\">Alquileres<\/a>\n   <a href=\"https:\/\/canadamama.ca\/es\/car\/\" title=\"Alquiler de coches en Canad\u00e1\">Alquiler de coches<\/a>\n  <\/p>\n <\/div>\n<\/div>\n<\/div>\n\n\n\n<div class=\"wp-block-column is-layout-constrained wp-block-column-is-layout-constrained\" style=\"flex-basis:66.66%\">\n<p style=\"font-size:18px\">Esperar un hijo va acompa\u00f1ado de agradables preocupaciones y alborotos. Al mismo tiempo, la elecci\u00f3n de la cl\u00ednica es un argumento de peso a favor de un resultado favorable, y el coste dista mucho de ser un factor determinante. Hoy en d\u00eda, el turismo de beb\u00e9s es muy popular, lo cual es bastante l\u00f3gico y natural. Al fin y al cabo, en pa\u00edses desarrollados como Canad\u00e1 o Estados Unidos, el nivel de la medicina es un orden de magnitud superior al de Rusia.<\/p>\n\n\n\n<p>Son muchos los criterios que gu\u00edan a las futuras madres: calidad del servicio, precio del tratamiento, puntuaci\u00f3n. A veces, el servicio y el derecho a conceder al beb\u00e9 la nacionalidad del pa\u00eds donde ha nacido desempe\u00f1an un papel decisivo. Por eso muchas parejas, a pesar del coste, eligen dar a luz en Canad\u00e1.<\/p>\n\n\n\n<p>\"Canada Mama Consulting\" le ofrece servicios integrales para organizar el nacimiento de su hijo de la A a la Z. Se trata de una empresa de \u00e9xito con amplia experiencia en el \u00e1mbito del turismo para beb\u00e9s. Por tu parte, se trata de una oportunidad para dar a luz en cl\u00ednicas y hospitales punteros bajo la supervisi\u00f3n de especialistas experimentados en un pa\u00eds progresista con una medicina muy avanzada. Incluso si no eres residente, al dar a luz aqu\u00ed abres grandes perspectivas para tu beb\u00e9 cuando obtenga la nacionalidad:<\/p>\n\n\n\n<ul class=\"colored-ul\">\n<li>educaci\u00f3n gratuita;<\/li>\n\n\n\n<li>asistencia sanitaria gratuita para los ciudadanos residentes en Canad\u00e1;<\/li>\n\n\n\n<li>empleo en empresas punteras;<\/li>\n\n\n\n<li>viajar sin fronteras.<\/li>\n<\/ul>\n\n\n\n<p>Para nosotros es importante no distraer a los padres de lo m\u00e1s importante en esta etapa de la vida. Nuestro objetivo es que el proceso de preparaci\u00f3n, tratamiento y rehabilitaci\u00f3n sea lo m\u00e1s c\u00f3modo posible, y que la joven madre y su hijo est\u00e9n rodeados del ambiente del hogar.<\/p>\n\n\n\n<p>Nuestro objetivo es ahorrarle tr\u00e1mites, visados, alojamiento, transporte y ofrecerle la mejor calidad.<\/p>\n\n\n\n<p>Dar a luz en Canad\u00e1 es lo mejor para ti y para el beb\u00e9.<\/p>\n<\/div>\n<\/div>\n\n\n\n<div style=\"height:100px\" aria-hidden=\"true\" class=\"wp-block-spacer top-gradient\"><\/div>\n\n\n\n<article class=\"list-with-icons why-us flex fww jcc has-text-align-center\">\n <header class=\"title-with-symbol flex fdcr\">\n  <h2>\u00bfPor qu\u00e9 dar a luz en Canad\u00e1 con nosotros?<\/h2>\n  <p class=\"title-descriptor\">Nuestras ventajas<\/p>\n <\/header>\n <section>\n  <h3>Cooperaci\u00f3n con hospitales canadienses<\/h3>\n  <p>Estamos oficialmente asociados con hospitales canadienses y se nos recomienda como empresa de apoyo integral al parto.<\/p>\n <\/section>\n <section>\n  <h3>Trabajamos oficialmente y bajo contrato<\/h3>\n  <p>Puede estar seguro de que la tramitaci\u00f3n de todos los documentos para el beb\u00e9 y los padres se har\u00e1 justo a tiempo. Todos los servicios se acuerdan incluso antes de la salida hacia Canad\u00e1.<\/p>\n <\/section>\n <section>\n  <h3>Asistencia y protecci\u00f3n las 24 horas del d\u00eda<\/h3>\n  <p>Le ofrecemos asistencia las 24 horas del d\u00eda y nos aseguramos de que se sienta protegido y ayudado en un pa\u00eds desconocido. La asistencia empieza incluso antes de que llegue.<\/p>\n <\/section>\n<section>\n  <h3>El precio m\u00e1s favorable y sin cambios<\/h3>\n  <p>Sin \"estrellas\" en el contrato ni recargos inesperados. Esto es una garant\u00eda de que no encontrar\u00e1 este nivel de servicio y profesionalidad en ning\u00fan otro sitio.<\/p>\n <\/section>\n<section>\n  <h3>Apoyo en el tratamiento de documentos<\/h3>\n  <p>Conocer\u00e1 todos los detalles sobre c\u00f3mo rellenar los papeles adecuados, solicitar la nacionalidad para un hijo y obtener un recorrido detallado por las leyes canadienses.<\/p>\n <\/section>\n<section>\n  <h3>Amplia experiencia en este campo de actividad<\/h3>\n  <p>Durante m\u00e1s de 5 a\u00f1os hemos dirigido decenas de partos con \u00e9xito. Usted puede leer sobre el alto nivel de nuestros servicios en los testimonios de nuestros clientes.<\/p>\n <\/section>\n<\/article>\n\n\n\n<div style=\"height:70px\" aria-hidden=\"true\" class=\"wp-block-spacer\"><\/div>\n\n\n\n<div style=\"height:35px\" aria-hidden=\"true\" class=\"wp-block-spacer\"><\/div>\n\n\n\n<div class=\"wp-block-cover alignfull is-light home-packages\" style=\"padding-top:8em;padding-bottom:8em\"><span aria-hidden=\"true\" class=\"wp-block-cover__background has-background-dim-0 has-background-dim\" style=\"background-color:#f9f6f3\"><\/span><img decoding=\"async\" width=\"1692\" height=\"669\" class=\"wp-block-cover__image-background wp-image-10\" alt=\"Beb\u00e9 Espalda Blanca\" src=\"https:\/\/canadamama.ca\/wp-content\/uploads\/2022\/07\/baby-white-back.jpg\" data-object-fit=\"cover\" srcset=\"https:\/\/canadamama.ca\/wp-content\/uploads\/2022\/07\/baby-white-back.jpg 1692w, https:\/\/canadamama.ca\/wp-content\/uploads\/2022\/07\/baby-white-back-710x281.jpg 710w, https:\/\/canadamama.ca\/wp-content\/uploads\/2022\/07\/baby-white-back-768x304.jpg 768w, https:\/\/canadamama.ca\/wp-content\/uploads\/2022\/07\/baby-white-back-1536x607.jpg 1536w\" sizes=\"(max-width: 1692px) 100vw, 1692px\" \/><div class=\"wp-block-cover__inner-container is-layout-flow wp-block-cover-is-layout-flow\">\n<article class=\"packages flex fww jcc has-text-align-center\">\n <header>\n  <h2>Paquetes para organizar el parto<\/h2>\n  <p>Consulte las tarifas, descripciones y otros detalles de cada curso o <a href=\"https:\/\/canadamama.ca\/es\/pack\/\" class=\"lightbox-link\" title=\"Comparar paquetes\">compare<\/a> para encontrar el mejor para usted.<\/p>\n <\/header>\n<section class=\"pack\">\n <h3 class=\"name\">Econom\u00eda<\/h3>\n <div class=\"price\">$16900<\/div>\n <div class=\"info\">\n <p class=\"description\">El conjunto m\u00ednimo de servicios que necesita<\/p>\n <a class=\"read lightbox-link\" href=\"https:\/\/canadamama.ca\/es\/pack\/econom\/\" title=\"Seguir leyendo\">M\u00e1s informaci\u00f3n sobre el paquete<\/a>\n <a class=\"btn br50\" href=\"#happyforms-466\">Inscr\u00edbete<\/a>\n <\/div>\n <\/section>\n<section class=\"pack active\">\n <h3 class=\"name\">\u00d3ptimo<\/h3>\n <div class=\"price\">$19900<\/div>\n <div class=\"info\">\n <p class=\"description\">La mejor combinaci\u00f3n de coste y calidad de servicio<\/p>\n <a class=\"read lightbox-link\" href=\"https:\/\/canadamama.ca\/es\/pack\/optima\/\" title=\"Seguir leyendo\">M\u00e1s informaci\u00f3n sobre el paquete<\/a>\n <a class=\"btn br50\" href=\"#happyforms-466\">Inscr\u00edbete<\/a>\n <\/div>\n <\/section>\n<section class=\"pack\">\n <h3 class=\"name\">Confort<\/h3>\n <div class=\"price\">$23900<\/div>\n <div class=\"info\">\n <p class=\"description\">Para los que aprecian el confort, la calidad y el servicio de conserjer\u00eda<\/p>\n <a class=\"read lightbox-link\" href=\"\/es\/pack\/comfort\/\" title=\"Seguir leyendo\">M\u00e1s informaci\u00f3n sobre el paquete<\/a>\n <a class=\"btn br50\" href=\"#happyforms-466\">Inscr\u00edbete<\/a>\n <\/div>\n <\/section>\n<\/article>\n<\/div><\/div>\n\n\n\n<div style=\"height:70px\" aria-hidden=\"true\" class=\"wp-block-spacer\"><\/div>\n\n\n\n<article class=\"list-with-icons advantages flex fww jcc has-text-align-center\">\n <header class=\"title-with-symbol flex fdcr\">\n  <h2>Orden de trabajo<\/h2>\n  <p class=\"title-descriptor\">C\u00f3mo interactuamos con el cliente<\/p>\n <\/header>\n<figure class=\"wp-block-image size-full\"><img decoding=\"async\" src=\"\/wp-content\/uploads\/2022\/08\/icon-application.png\" alt=\"Solicitud por tel\u00e9fono\" class=\"wp-image-11\"><figcaption>Solicitar en l\u00ednea o por tel\u00e9fono<\/figcaption><\/figure>\n<figure class=\"wp-block-image size-full\"><img decoding=\"async\" src=\"\/wp-content\/uploads\/2022\/08\/icon-operator.png\" alt=\"Trabajar con un gestor\" class=\"wp-image-11\"><figcaption>El gerente aclara todos los detalles y le prepara para su llegada<\/figcaption><\/figure>\n<figure class=\"wp-block-image size-full\"><img decoding=\"async\" src=\"\/wp-content\/uploads\/2022\/08\/icon-flight.png\" alt=\"Recogida en el aeropuerto\" class=\"wp-image-11\"><figcaption>Nos reunimos con usted tras su vuelo y le ayudamos a instalarse<\/figcaption><\/figure>\n<figure class=\"wp-block-image size-full\"><img decoding=\"async\" src=\"\/wp-content\/uploads\/2022\/08\/icon-baby.png\" alt=\"Visitas al m\u00e9dico y parto\" class=\"wp-image-11\"><figcaption>Acompa\u00f1arla a las citas con el m\u00e9dico antes y despu\u00e9s del parto<\/figcaption><\/figure>\n<figure class=\"wp-block-image size-full\"><img decoding=\"async\" src=\"\/wp-content\/uploads\/2022\/08\/icon-canada.png\" alt=\"Adquirir la nacionalidad canadiense\" class=\"wp-image-11\"><figcaption>Le ayudamos a tramitar la nacionalidad del beb\u00e9<\/figcaption><\/figure>\n<figure class=\"wp-block-image size-full\"><img decoding=\"async\" src=\"\/wp-content\/uploads\/2022\/08\/icon-taxi.png\" alt=\"Traslado y alojamiento\" class=\"wp-image-11\"><figcaption>Organizamos un c\u00f3modo acompa\u00f1amiento al aeropuerto<\/figcaption><\/figure>\n<figure class=\"wp-block-image size-full\"><img decoding=\"async\" src=\"\/wp-content\/uploads\/2022\/08\/icon-toronto.png\" alt=\"Excursiones en Canad\u00e1\" class=\"wp-image-11\"><figcaption>Le llevamos de visita guiada por las atracciones locales<\/figcaption><\/figure>\n<\/article>","protected":false},"excerpt":{"rendered":"<p>Ni\u00f1os Parto en Canad\u00e1 Doula Pediatras y especialistas en ni\u00f1os Medicina Atenci\u00f3n sanitaria Hospitales Canad\u00e1 Visados a Canad\u00e1 Segunda nacionalidad Alquiler de viviendas Alquiler de coches La espera de un hijo va acompa\u00f1ada de agradables preocupaciones y alborotos. Al mismo tiempo, la elecci\u00f3n de la cl\u00ednica es un argumento de peso a favor de un resultado favorable, y el coste dista mucho de ser un factor determinante. Hoy en d\u00eda es muy popular el turismo para beb\u00e9s, que [...].<\/p>","protected":false},"author":1,"featured_media":0,"parent":0,"menu_order":0,"comment_status":"closed","ping_status":"open","template":"","meta":{"site-sidebar-layout":"no-sidebar","site-content-layout":"plain-container","ast-site-content-layout":"","site-content-style":"default","site-sidebar-style":"default","ast-global-header-display":"","ast-banner-title-visibility":"","ast-main-header-display":"","ast-hfb-above-header-display":"","ast-hfb-below-header-display":"","ast-hfb-mobile-header-display":"","site-post-title":"disabled","ast-breadcrumbs-content":"disabled","ast-featured-img":"","footer-sml-layout":"","theme-transparent-header-meta":"enabled","adv-header-id-meta":"","stick-header-meta":"","header-above-stick-meta":"","header-main-stick-meta":"","header-below-stick-meta":"","astra-migrate-meta-layouts":"default","ast-page-background-enabled":"default","ast-page-background-meta":{"desktop":{"background-color":"var(--ast-global-color-4)","background-image":"","background-repeat":"repeat","background-position":"center center","background-size":"auto","background-attachment":"scroll","background-type":"","background-media":"","overlay-type":"","overlay-color":"","overlay-gradient":""},"tablet":{"background-color":"","background-image":"","background-repeat":"repeat","background-position":"center center","background-size":"auto","background-attachment":"scroll","background-type":"","background-media":"","overlay-type":"","overlay-color":"","overlay-gradient":""},"mobile":{"background-color":"","background-image":"","background-repeat":"repeat","background-position":"center center","background-size":"auto","background-attachment":"scroll","background-type":"","background-media":"","overlay-type":"","overlay-color":"","overlay-gradient":""}},"ast-content-background-meta":{"desktop":{"background-color":"var(--ast-global-color-5)","background-image":"","background-repeat":"repeat","background-position":"center center","background-size":"auto","background-attachment":"scroll","background-type":"","background-media":"","overlay-type":"","overlay-color":"","overlay-gradient":""},"tablet":{"background-color":"var(--ast-global-color-5)","background-image":"","background-repeat":"repeat","background-position":"center center","background-size":"auto","background-attachment":"scroll","background-type":"","background-media":"","overlay-type":"","overlay-color":"","overlay-gradient":""},"mobile":{"background-color":"var(--ast-global-color-5)","background-image":"","background-repeat":"repeat","background-position":"center center","background-size":"auto","background-attachment":"scroll","background-type":"","background-media":"","overlay-type":"","overlay-color":"","overlay-gradient":""}},"footnotes":""},"_links":{"self":[{"href":"https:\/\/canadamama.ca\/es\/wp-json\/wp\/v2\/pages\/2"}],"collection":[{"href":"https:\/\/canadamama.ca\/es\/wp-json\/wp\/v2\/pages"}],"about":[{"href":"https:\/\/canadamama.ca\/es\/wp-json\/wp\/v2\/types\/page"}],"author":[{"embeddable":true,"href":"https:\/\/canadamama.ca\/es\/wp-json\/wp\/v2\/users\/1"}],"replies":[{"embeddable":true,"href":"https:\/\/canadamama.ca\/es\/wp-json\/wp\/v2\/comments?post=2"}],"version-history":[{"count":73,"href":"https:\/\/canadamama.ca\/es\/wp-json\/wp\/v2\/pages\/2\/revisions"}],"predecessor-version":[{"id":1193,"href":"https:\/\/canadamama.ca\/es\/wp-json\/wp\/v2\/pages\/2\/revisions\/1193"}],"wp:attachment":[{"href":"https:\/\/canadamama.ca\/es\/wp-json\/wp\/v2\/media?parent=2"}],"curies":[{"name":"wp","href":"https:\/\/api.w.org\/{rel}","templated":true}]}}