{"id":196,"date":"2022-08-24T13:19:27","date_gmt":"2022-08-24T13:19:27","guid":{"rendered":"https:\/\/canadamama.ca\/?page_id=196"},"modified":"2024-02-13T16:28:53","modified_gmt":"2024-02-13T16:28:53","slug":"rody-v-kanade","status":"publish","type":"page","link":"https:\/\/canadamama.ca\/es\/rody-v-kanade\/","title":{"rendered":"El parto en Canad\u00e1"},"content":{"rendered":"<p>El nacimiento de un hijo es quiz\u00e1 el acontecimiento m\u00e1s importante en la vida de toda familia. Por eso muchos padres prefieren no ahorrar dinero en la salud de su beb\u00e9 y planean dar a luz en el extranjero. A menudo, la elecci\u00f3n recae siempre en Canad\u00e1, \u00bfpor qu\u00e9? Dar a luz en Canad\u00e1 es la opci\u00f3n m\u00e1s segura para el beb\u00e9 y la futura mam\u00e1.<\/p>\n\n\n\n<p>El parto con Canada Mama Consulting es una preparaci\u00f3n atenta y reverente para el parto y la recuperaci\u00f3n posterior de la mam\u00e1, y una gran responsabilidad para contigo.<\/p>\n\n\n\n<figure class=\"wp-block-image size-full\"><img decoding=\"async\" width=\"810\" height=\"450\" src=\"https:\/\/canadamama.ca\/wp-content\/uploads\/2022\/08\/rody-kanade-palata-gospitale.jpg\" alt=\"El parto en Canad\u00e1 y un ejemplo de habitaci\u00f3n de hospital\" class=\"wp-image-201\" srcset=\"https:\/\/canadamama.ca\/wp-content\/uploads\/2022\/08\/rody-kanade-palata-gospitale.jpg 810w, https:\/\/canadamama.ca\/wp-content\/uploads\/2022\/08\/rody-kanade-palata-gospitale-710x394.jpg 710w, https:\/\/canadamama.ca\/wp-content\/uploads\/2022\/08\/rody-kanade-palata-gospitale-768x427.jpg 768w\" sizes=\"(max-width: 810px) 100vw, 810px\" \/><\/figure>\n\n\n\n<h2 class=\"wp-block-heading\">Las ventajas de dar a luz en Canad\u00e1:<\/h2>\n\n\n\n<ul>\n<li>Personal m\u00e9dico altamente cualificado;<\/li>\n\n\n\n<li>Centros m\u00e9dicos seleccionados con el servicio m\u00e1s profesional;<\/li>\n\n\n\n<li>Disponibilidad de equipos modernos, m\u00e1ximo equipamiento de las salas de parto y posparto;<\/li>\n\n\n\n<li>Su situaci\u00f3n geogr\u00e1fica \u00fanica, con tres oc\u00e9anos, el Pac\u00edfico, el Atl\u00e1ntico y el \u00c1rtico, crea un clima muy fruct\u00edfero, con una primavera floreciente, veranos templados, oto\u00f1os gloriosos e inviernos largos pero c\u00e1lidos;<\/li>\n\n\n\n<li>Aqu\u00ed se est\u00e1 a gusto, sea cual sea la \u00e9poca del a\u00f1o o la marca del calendario;<\/li>\n\n\n\n<li>Lo m\u00e1s importante, <strong>el ni\u00f1o obtendr\u00e1 la nacionalidad canadiense<\/strong>Esto abrir\u00e1 la puerta a la atenci\u00f3n m\u00e9dica gratuita, la educaci\u00f3n y la posibilidad de viajar a muchos pa\u00edses del mundo sin visado, trabajar y residir oficialmente en este pa\u00eds.<\/li>\n<\/ul>\n\n\n\n<h2 class=\"wp-block-heading\">\u00bfD\u00f3nde es mejor dar a luz, en EE.UU. o en Canad\u00e1?<\/h2>\n\n\n\n<p>El parto en Canad\u00e1 interesa a casi tantas personas como el parto en Estados Unidos; es m\u00e1s, a menudo se trata de las mismas personas. Despu\u00e9s de todo, la raz\u00f3n por la que la gente va a estos pa\u00edses para el parto es bastante simple y no es un secreto para nadie - es un alto nivel de la medicina y el servicio para la madre y el ni\u00f1o.<\/p>\n\n\n\n<figure class=\"wp-block-embed is-type-video is-provider-youtube wp-block-embed-youtube wp-embed-aspect-16-9 wp-has-aspect-ratio\"><div class=\"wp-block-embed__wrapper\">\n<div class=\"ast-oembed-container\" style=\"height: 100%;\"><iframe title=\"Diferencias entre el parto en Estados Unidos y Canad\u00e1\" width=\"500\" height=\"281\" src=\"https:\/\/www.youtube.com\/embed\/hIm-hZzoiOc?feature=oembed\" frameborder=\"0\" allow=\"accelerometer; autoplay; clipboard-write; encrypted-media; gyroscope; picture-in-picture; web-share\" allowfullscreen><\/iframe><\/div>\n<\/div><\/figure>\n\n\n\n<p>Recientemente ha entrado en vigor en Estados Unidos la prohibici\u00f3n del turismo de maternidad. La Patrulla de Fronteras tiene todo el derecho a denegar la entrada incluso a personas con visado. As\u00ed que dar a luz en Estados Unidos es ahora muy problem\u00e1tico. En Canad\u00e1 no hay problemas con ello, ya que antes por derecho de suelo, el ni\u00f1o nacido en el territorio de Canad\u00e1 recibe un pasaporte de este pa\u00eds y muchos privilegios. En contraste con los EE.UU. es mucho m\u00e1s r\u00e1pido para los padres del ni\u00f1o para obtener la ciudadan\u00eda - s\u00f3lo en 3 a\u00f1os.<\/p>\n\n\n\n<p>Estados Unidos tiene un clima m\u00e1s suave que Canad\u00e1, y rara vez ver\u00e1 grandes ventisqueros o viento. Sin embargo, por cuarto a\u00f1o consecutivo, Canad\u00e1 ocupa el primer puesto en calidad de vida, estabilidad pol\u00edtica, mercado laboral, seguridad y buen sistema educativo.<\/p>\n\n\n\n<p>Los ciudadanos de ambos pa\u00edses tienen acceso a muchos pa\u00edses del mundo sin necesidad de visado.<\/p>\n\n\n\n<figure class=\"wp-block-embed is-type-video is-provider-youtube wp-block-embed-youtube wp-embed-aspect-16-9 wp-has-aspect-ratio\"><div class=\"wp-block-embed__wrapper\">\n<div class=\"ast-oembed-container\" style=\"height: 100%;\"><iframe title=\"6 razones para dar a luz en Canad\u00e1\" width=\"500\" height=\"281\" src=\"https:\/\/www.youtube.com\/embed\/V6M_bQnPh6Q?feature=oembed\" frameborder=\"0\" allow=\"accelerometer; autoplay; clipboard-write; encrypted-media; gyroscope; picture-in-picture; web-share\" allowfullscreen><\/iframe><\/div>\n<\/div><\/figure>\n\n\n\n<p>Si a\u00fan tienes dudas sobre qu\u00e9 pa\u00eds elegir para el nacimiento de tu beb\u00e9, puedes leer m\u00e1s sobre las diferencias entre Estados Unidos y Canad\u00e1 en este art\u00edculo. <a href=\"https:\/\/canadamama.ca\/es\/us-government-has-restricted-maternity-tourism\/\" data-type=\"URL\" data-id=\"https:\/\/canadamama.ca\/us-government-has-restricted-maternity-tourism\/\">art\u00edculo<\/a>.<\/p>\n\n\n\n<h2 class=\"wp-block-heading\">Coste del parto<\/h2>\n\n\n\n<p>El sistema sanitario de Canad\u00e1 es una de las muchas cosas de las que los residentes de este pa\u00eds se sienten especialmente orgullosos. Los residentes disfrutan de servicios sanitarios de alta calidad que son gratuitos para todos los titulares de un seguro p\u00fablico.<\/p>\n\n\n\n<p>Para los turistas y no residentes, dar a luz en Canad\u00e1 tendr\u00e1 un coste. Por ejemplo, un parto natural en un hospital puede costarle $5000-$8000, y una ces\u00e1rea $10000-$12000.<\/p>\n\n\n\n<p>En los EE.UU., el precio depender\u00e1 del estado elegido. Por ejemplo, en Nueva York o Los \u00c1ngeles el coste del parto no ser\u00e1 inferior a $20000, en Miami - $7000-$10000. Si tenemos en cuenta el coste de un parto \"llave en mano\" en EE.UU. y Canad\u00e1, el coste medio ser\u00e1 de aproximadamente $20000.<\/p>\n\n\n\n<p><a href=\"https:\/\/canadamama.ca\/es\/pack\/\" data-type=\"page\" data-id=\"33\">El coste de nuestros paquetes de servicios<\/a>Puede ver su comparaci\u00f3n y los costes adicionales en la secci\u00f3n de precios.<\/p>\n\n\n\n<h3 class=\"wp-block-heading\">\u00bfQu\u00e9 hay que hacer para organizar un parto y por qu\u00e9 acudir a un especialista?<\/h3>\n\n\n\n<p>Cuando vueles a Canad\u00e1 para dar a luz, te sentir\u00e1s relajada. Te recibir\u00e1n en el aeropuerto, te proporcionar\u00e1n un servicio de transporte a tu piso y te ayudar\u00e1n con tus pertenencias y asuntos cotidianos. No tendr\u00e1 que preocuparse de buscar alojamiento, coche y otros aspectos importantes de su estancia en el pa\u00eds.<\/p>\n\n\n\n<p>Cada paquete incluye los servicios de un obstetra, todas las visitas m\u00e9dicas, el parto en presencia de un int\u00e9rprete m\u00e9dico y una visita posparto. Tras el parto, permanecer\u00e1s en planta otras 24 horas bajo supervisi\u00f3n m\u00e9dica.<\/p>\n\n\n\n<p>Si tiene alguna duda, siempre puede llamarnos a cualquier hora del d\u00eda. Y despu\u00e9s de que su beb\u00e9 venga al mundo, resolveremos r\u00e1pidamente todas las cuestiones legales con la documentaci\u00f3n: prepararemos el certificado de nacimiento del ni\u00f1o, el registro de la nacionalidad canadiense y el pa\u00eds de residencia actual.<\/p>\n\n\n\n<figure class=\"wp-block-embed is-type-video is-provider-youtube wp-block-embed-youtube wp-embed-aspect-16-9 wp-has-aspect-ratio\"><div class=\"wp-block-embed__wrapper\">\n<div class=\"ast-oembed-container\" style=\"height: 100%;\"><iframe title=\"El parto en Canad\u00e1 | Promo\" width=\"500\" height=\"281\" src=\"https:\/\/www.youtube.com\/embed\/SLJpVE-_DvE?feature=oembed\" frameborder=\"0\" allow=\"accelerometer; autoplay; clipboard-write; encrypted-media; gyroscope; picture-in-picture; web-share\" allowfullscreen><\/iframe><\/div>\n<\/div><\/figure>\n\n\n\n<h3 class=\"wp-block-heading\">\u00bfC\u00f3mo es el parto en Canad\u00e1?<\/h3>\n\n\n\n<p>Antes del parto, un especialista de nuestra empresa te har\u00e1 una visita completa del hospital que hayas elegido. As\u00ed, el d\u00eda \"x\" ya estar\u00e1s familiarizada con el entorno y podr\u00e1s relajarte en una c\u00f3moda habitaci\u00f3n separada con absolutamente todo (aseo, ducha, televisor, silla plegable, pelotas de gimnasia, gas hilarante e incluso un jacuzzi). Esta es la sala de partos, donde la mujer permanece hasta el parto propiamente dicho. Colaboramos con los mejores hospitales. <\/p>\n\n\n\n<p>Tras el nacimiento de su beb\u00e9, ser\u00e1 trasladada a la sala postnatal. Durante este tiempo, un miembro de nuestro personal estar\u00e1 a su disposici\u00f3n para ayudarle en cualquier momento. El hospital ofrece 3 comidas al d\u00eda, con un men\u00fa variado para todos los gustos. El alta se efect\u00faa 1 d\u00eda despu\u00e9s del parto.<\/p>\n\n\n\n<p>Todas las mujeres que dan a luz con Canada Mama Consulting s\u00f3lo tienen los recuerdos m\u00e1s reverentes y hermosos del parto, como lo demuestran los comentarios positivos de nuestros clientes.<\/p>\n\n\n\n<figure class=\"wp-block-embed is-type-video is-provider-youtube wp-block-embed-youtube wp-embed-aspect-16-9 wp-has-aspect-ratio\"><div class=\"wp-block-embed__wrapper\">\n<div class=\"ast-oembed-container\" style=\"height: 100%;\"><iframe title=\"C\u00f3mo di a luz en Canad\u00e1. Mi experiencia\" width=\"500\" height=\"281\" src=\"https:\/\/www.youtube.com\/embed\/ZpeYCcI4Ggg?feature=oembed\" frameborder=\"0\" allow=\"accelerometer; autoplay; clipboard-write; encrypted-media; gyroscope; picture-in-picture; web-share\" allowfullscreen><\/iframe><\/div>\n<\/div><figcaption class=\"wp-element-caption\"><em>Testimonio de nuestra clienta de Ucrania: Elena.<br>Lena y su marido volaron para darnos a luz desde la ciudad de Kremenchug y dijeron que \u00a1no ser\u00eda la \u00faltima vez! El equipo de Canada Mama Consulting har\u00e1 todo e incluso m\u00e1s para que nuestras mam\u00e1s sean felices, se sientan cuidadas y seguras, \u00a1incluso en un pa\u00eds extra\u00f1o!<br>Puede ver m\u00e1s informaci\u00f3n y v\u00eddeos en nuestro canal de YouTube y en las redes sociales<\/em><\/figcaption><\/figure>\n\n\n\n<h3 class=\"wp-block-heading\">Consideremos las etapas de la cooperaci\u00f3n con nosotros<\/h3>\n\n\n\n<ol>\n<li>Concluimos el contrato, preparamos la salida (le diremos lo que necesitar\u00e1 en Canad\u00e1 y lo que no necesita llevar);<\/li>\n\n\n\n<li>Conseguimos visados, buscamos y reservamos alojamiento, tramitamos documentos;<\/li>\n\n\n\n<li>Le recibiremos en el aeropuerto (le llevaremos a su alojamiento, le indicaremos d\u00f3nde est\u00e1n las tiendas, los transportes, los bancos);<\/li>\n\n\n\n<li>Te llevaremos a visitar el hospital de tu elecci\u00f3n, elegiremos juntos el m\u00e9dico con el que dar\u00e1s a luz, te inscribiremos en un pediatra (te llevaremos a ecograf\u00edas, an\u00e1lisis de sangre, pruebas);<\/li>\n\n\n\n<li>Organizamos cursos y clases para embarazadas, as\u00ed como sesiones fotogr\u00e1ficas, rodajes de v\u00eddeo y excursiones;<\/li>\n\n\n\n<li>Te acompa\u00f1amos en el parto, resolvemos todas las dudas con los m\u00e9dicos (la barrera del idioma no es un problema, tambi\u00e9n podemos resolverla);<\/li>\n\n\n\n<li>Organizar el alta de la maternidad, tramitar todos los documentos y facturas del alta. Recibir el certificado de nacimiento;<\/li>\n\n\n\n<li>Si es necesario, organizamos la contrataci\u00f3n de personal dom\u00e9stico, ni\u00f1era, ch\u00f3fer personal;<\/li>\n\n\n\n<li>Expedir un pasaporte a un ciudadano canadiense (segunda nacionalidad para un hijo);<\/li>\n\n\n\n<li>Despedida. Organizaremos la salida, \u00a1te llevaremos al aeropuerto! \u00a1Con Canada Mama Consulting tendr\u00e1s una aventura inolvidable y un mar de emociones positivas del parto en Canad\u00e1!<\/li>\n<\/ol>\n\n\n\n<h2 class=\"wp-block-heading\">\u00bfCu\u00e1l es el mejor momento para volar a Canad\u00e1?<\/h2>\n\n\n\n<p>Se tardan unas 11 horas en llegar a Canad\u00e1 en un vuelo directo desde Mosc\u00fa. Durante el periodo de nuestro trabajo, las chicas llegaron a horas muy distintas.<\/p>\n\n\n\n<p><strong>Es posible:<\/strong> Semanas 24-25: volar, instalarse, pasear, viajar.<br><strong>\u00d3ptimo:<\/strong> 30-34 semanas de embarazo.<br><strong>Es arriesgado:<\/strong> a las 35-37 semanas de embarazo, puede dar a luz la v\u00edspera de su vuelo.<\/p>\n\n\n\n<h2 class=\"wp-block-heading\">Si decides dar a luz por tu cuenta en Canad\u00e1 y qu\u00e9 dificultades seguro que encuentras<\/h2>\n\n\n\n<p>Nervios, incomprensi\u00f3n de las normas de otro pa\u00eds, enormes cantidades en facturas de hospital, largos tr\u00e1mites, problemas con el alquiler de alojamientos, organizaci\u00f3n independiente de actividades de ocio bas\u00e1ndose en rese\u00f1as de Internet... s\u00f3lo una peque\u00f1a parte de todo lo que puede esperar al inexperto beb\u00e9-turista.<\/p>\n\n\n\n<p>Se pueden enumerar todos los aspectos en detalle, pero dif\u00edcilmente se puede discutir el hecho de que es mucho m\u00e1s agradable confiar en personas que no s\u00f3lo tienen experiencia en la organizaci\u00f3n de partos, sino que llevan muchos a\u00f1os viviendo en Canad\u00e1. Puede estar segura de que recibir\u00e1 atenci\u00f3n y asistencia las 24 horas del d\u00eda.<\/p>\n\n\n\n<p>Para nosotros es importante que las preocupaciones no distraigan a los padres de lo m\u00e1s importante en esta etapa de la vida. Nuestro objetivo es que la joven madre y su hijo est\u00e9n rodeados de un ambiente de confort hogare\u00f1o.<\/p>","protected":false},"excerpt":{"rendered":"<p>El nacimiento de un hijo es quiz\u00e1 el acontecimiento m\u00e1s importante en la vida de toda familia. Por eso muchos padres prefieren no ahorrar dinero en la salud de su beb\u00e9 y planean dar a luz en el extranjero. A menudo, la elecci\u00f3n recae siempre en Canad\u00e1, \u00bfpor qu\u00e9? Dar a luz en Canad\u00e1 es la opci\u00f3n m\u00e1s segura para el beb\u00e9 y la futura mam\u00e1. Parir con Canada Mama Consulting es [...].<\/p>","protected":false},"author":1,"featured_media":234,"parent":0,"menu_order":0,"comment_status":"closed","ping_status":"closed","template":"","meta":{"site-sidebar-layout":"default","site-content-layout":"","ast-site-content-layout":"default","site-content-style":"default","site-sidebar-style":"default","ast-global-header-display":"","ast-banner-title-visibility":"","ast-main-header-display":"","ast-hfb-above-header-display":"","ast-hfb-below-header-display":"","ast-hfb-mobile-header-display":"","site-post-title":"","ast-breadcrumbs-content":"","ast-featured-img":"disabled","footer-sml-layout":"","theme-transparent-header-meta":"","adv-header-id-meta":"","stick-header-meta":"","header-above-stick-meta":"","header-main-stick-meta":"","header-below-stick-meta":"","astra-migrate-meta-layouts":"set","ast-page-background-enabled":"default","ast-page-background-meta":{"desktop":{"background-color":"var(--ast-global-color-4)","background-image":"","background-repeat":"repeat","background-position":"center center","background-size":"auto","background-attachment":"scroll","background-type":"","background-media":"","overlay-type":"","overlay-color":"","overlay-gradient":""},"tablet":{"background-color":"","background-image":"","background-repeat":"repeat","background-position":"center center","background-size":"auto","background-attachment":"scroll","background-type":"","background-media":"","overlay-type":"","overlay-color":"","overlay-gradient":""},"mobile":{"background-color":"","background-image":"","background-repeat":"repeat","background-position":"center center","background-size":"auto","background-attachment":"scroll","background-type":"","background-media":"","overlay-type":"","overlay-color":"","overlay-gradient":""}},"ast-content-background-meta":{"desktop":{"background-color":"var(--ast-global-color-5)","background-image":"","background-repeat":"repeat","background-position":"center center","background-size":"auto","background-attachment":"scroll","background-type":"","background-media":"","overlay-type":"","overlay-color":"","overlay-gradient":""},"tablet":{"background-color":"var(--ast-global-color-5)","background-image":"","background-repeat":"repeat","background-position":"center center","background-size":"auto","background-attachment":"scroll","background-type":"","background-media":"","overlay-type":"","overlay-color":"","overlay-gradient":""},"mobile":{"background-color":"var(--ast-global-color-5)","background-image":"","background-repeat":"repeat","background-position":"center center","background-size":"auto","background-attachment":"scroll","background-type":"","background-media":"","overlay-type":"","overlay-color":"","overlay-gradient":""}},"footnotes":""},"_links":{"self":[{"href":"https:\/\/canadamama.ca\/es\/wp-json\/wp\/v2\/pages\/196"}],"collection":[{"href":"https:\/\/canadamama.ca\/es\/wp-json\/wp\/v2\/pages"}],"about":[{"href":"https:\/\/canadamama.ca\/es\/wp-json\/wp\/v2\/types\/page"}],"author":[{"embeddable":true,"href":"https:\/\/canadamama.ca\/es\/wp-json\/wp\/v2\/users\/1"}],"replies":[{"embeddable":true,"href":"https:\/\/canadamama.ca\/es\/wp-json\/wp\/v2\/comments?post=196"}],"version-history":[{"count":15,"href":"https:\/\/canadamama.ca\/es\/wp-json\/wp\/v2\/pages\/196\/revisions"}],"predecessor-version":[{"id":1427,"href":"https:\/\/canadamama.ca\/es\/wp-json\/wp\/v2\/pages\/196\/revisions\/1427"}],"wp:featuredmedia":[{"embeddable":true,"href":"https:\/\/canadamama.ca\/es\/wp-json\/wp\/v2\/media\/234"}],"wp:attachment":[{"href":"https:\/\/canadamama.ca\/es\/wp-json\/wp\/v2\/media?parent=196"}],"curies":[{"name":"wp","href":"https:\/\/api.w.org\/{rel}","templated":true}]}}