{"id":1414,"date":"2024-01-02T22:19:43","date_gmt":"2024-01-02T22:19:43","guid":{"rendered":"https:\/\/canadamama.ca\/?page_id=1414"},"modified":"2024-01-02T22:57:04","modified_gmt":"2024-01-02T22:57:04","slug":"hockey-academies-in-canada","status":"publish","type":"page","link":"https:\/\/canadamama.ca\/es\/hockey-academies-in-canada\/","title":{"rendered":"Academias de hockey en Canad\u00e1"},"content":{"rendered":"<p>Canada Mama Consulting organizar\u00e1 la llegada y el alojamiento en el campamento de hockey de Toronto.<\/p>\n\n\n\n<p>&nbsp;Su hijo tendr\u00e1 una oportunidad \u00fanica de ampliar su perspectiva cultural, mejorar su ingl\u00e9s y practicar su deporte favorito bajo la supervisi\u00f3n de reputados entrenadores canadienses.<\/p>\n\n\n\n<p>Para no dejarse confundir por la variedad de informaci\u00f3n, nuestros experimentados gestores le ayudar\u00e1n no s\u00f3lo en la selecci\u00f3n de establecimientos, sino tambi\u00e9n en la preparaci\u00f3n de documentos, visados y transporte.&nbsp;<\/p>\n\n\n\n<p>Somos representantes directos de academias, escuelas y otras instituciones educativas extranjeras de todo el mundo:<\/p>\n\n\n\n<p><strong>Academia Blyth<\/strong><strong>&nbsp;- es el camino hacia la Liga de Hockey Juvenil de Ontario.<\/strong><\/p>\n\n\n\n<p>Es una de las escuelas m\u00e1s grandes del pa\u00eds de la hoja de arce, con 14 sedes en todo Canad\u00e1, as\u00ed como tres sedes en Estados Unidos e Italia. Una caracter\u00edstica especial de esta escuela es el programa de entrenamiento de hockey para alumnos de 6\u00ba a 12\u00ba curso.<\/p>\n\n\n\n<p><strong>Academia Everest<\/strong><\/p>\n\n\n\n<p>Un instituto de Ontario que permite a los estudiantes combinar con \u00e9xito la educaci\u00f3n secundaria con la formaci\u00f3n en su deporte favorito. Las edades de los alumnos oscilan entre los 9 y los 18 a\u00f1os. La escuela est\u00e1 situada en The Pavilion, uno de los mayores complejos deportivos de Canad\u00e1, con una superficie de 150.000 metros cuadrados.<\/p>\n\n\n\n<p><strong>Academia HILL<\/strong><\/p>\n\n\n\n<p>Las instalaciones de entrenamiento de Hill Academy est\u00e1n situadas en Vaughan Sport's Village, Ontario, e incluyen 4 pistas est\u00e1ndar de la NHL.<\/p>\n\n\n\n<p>La escuela ofrece programas individuales para equilibrar el desarrollo acad\u00e9mico, deportivo y personal, adaptados espec\u00edficamente a las necesidades de los estudiantes-deportistas.<\/p>\n\n\n\n<p><strong>Escuela de \u00e9lite Instituto de formaci\u00f3n de hockey para chicos y chicas<\/strong><\/p>\n\n\n\n<p>La Academia HTI (Mulmur, Ontario) ofrece una gran variedad de programas de hockey para chicos y chicas. Entre ellos:<\/p>\n\n\n\n<ul>\n<li>Un programa para chicos con nivel A Junior (14-20 a\u00f1os).<\/li>\n\n\n\n<li>Un programa para chicas de nivel sub20 (14-20 a\u00f1os).<\/li>\n<\/ul>\n\n\n\n<p><strong>Academia SISEC<\/strong><\/p>\n\n\n\n<p>Hoy estudian en SISEC jugadores de todo el mundo, incluidos Austria, Rusia, Ucrania, Nueva Zelanda, Suiza, Noruega, Dinamarca, Eslovenia, Pa\u00edses Bajos, Estados Unidos y Canad\u00e1.<\/p>\n\n\n\n<p>Los alumnos de la escuela se entrenan en la modern\u00edsima pista de hielo del Winsport Arena, donde el equipo canadiense de hockey se prepara para los Juegos Ol\u00edmpicos y los Campeonatos del Mundo.<\/p>\n\n\n\n<p><strong>Academia Banff<\/strong><\/p>\n\n\n\n<p>Los alumnos de 7\u00ba a 12\u00ba curso reciben su educaci\u00f3n secundaria en The Banff Community High School. Esta escuela ofrece un programa acad\u00e9mico muy completo que incluye franc\u00e9s como segunda lengua, m\u00fasica instrumental, arte y CTS (Career &amp; Technology Studies) - estudios profesionales y tecnol\u00f3gicos dise\u00f1ados para que los estudiantes de secundaria exploren sus intereses y opciones profesionales.<\/p>\n\n\n\n<p><strong>Escuela Prestige<\/strong><\/p>\n\n\n\n<p>ofrece un entorno de aprendizaje \u00fanico, con clases reducidas que proporcionan atenci\u00f3n individual a cada estudiante.<\/p>\n\n\n\n<p>Todos los estudiantes pueden beneficiarse:<\/p>\n\n\n\n<ul>\n<li>Cursos preparatorios para la universidad<\/li>\n\n\n\n<li>Laboratorios inform\u00e1ticos y cient\u00edficos<\/li>\n\n\n\n<li>Horario individual<\/li>\n\n\n\n<li>Servicios de tutor\u00eda<\/li>\n\n\n\n<li>Programas de medios de comunicaci\u00f3n y arte<\/li>\n\n\n\n<li>Programas de ingl\u00e9s como segunda lengua<\/li>\n\n\n\n<li>Participar en el voluntariado durante el a\u00f1o<\/li>\n\n\n\n<li>Participar en concursos anuales de matem\u00e1ticas y otros<\/li>\n<\/ul>\n\n\n\n<p>Puede obtener m\u00e1s informaci\u00f3n sobre cada academia y el coste en nuestro sitio web.<\/p>\n\n\n\n<p>\u00a1Pase sus vacaciones de verano en beneficio de su hijo y de usted mismo!<\/p>\n\n\n\n<p>\u00bfQuiere saber m\u00e1s sobre los campamentos para ni\u00f1os en Canad\u00e1? Formule sus preguntas y estaremos encantados de responderle.<\/p>","protected":false},"excerpt":{"rendered":"<p>Canada Mama Consulting organizar\u00e1 la llegada y estancia de su hijo en un campamento de hockey en Toronto.  Su hijo tendr\u00e1 una oportunidad \u00fanica de ampliar su perspectiva cultural, mejorar su ingl\u00e9s y practicar su deporte favorito bajo la supervisi\u00f3n de reputados entrenadores canadienses. Para no dejarse confundir por la variedad de informaci\u00f3n, nuestros experimentados gestores le ayudar\u00e1n no s\u00f3lo con la selecci\u00f3n de instalaciones, sino tambi\u00e9n [...].<\/p>","protected":false},"author":1,"featured_media":1416,"parent":0,"menu_order":0,"comment_status":"closed","ping_status":"closed","template":"","meta":{"site-sidebar-layout":"default","site-content-layout":"","ast-site-content-layout":"default","site-content-style":"default","site-sidebar-style":"default","ast-global-header-display":"","ast-banner-title-visibility":"","ast-main-header-display":"","ast-hfb-above-header-display":"","ast-hfb-below-header-display":"","ast-hfb-mobile-header-display":"","site-post-title":"","ast-breadcrumbs-content":"","ast-featured-img":"","footer-sml-layout":"","theme-transparent-header-meta":"","adv-header-id-meta":"","stick-header-meta":"","header-above-stick-meta":"","header-main-stick-meta":"","header-below-stick-meta":"","astra-migrate-meta-layouts":"set","ast-page-background-enabled":"default","ast-page-background-meta":{"desktop":{"background-color":"var(--ast-global-color-4)","background-image":"","background-repeat":"repeat","background-position":"center center","background-size":"auto","background-attachment":"scroll","background-type":"","background-media":"","overlay-type":"","overlay-color":"","overlay-gradient":""},"tablet":{"background-color":"","background-image":"","background-repeat":"repeat","background-position":"center center","background-size":"auto","background-attachment":"scroll","background-type":"","background-media":"","overlay-type":"","overlay-color":"","overlay-gradient":""},"mobile":{"background-color":"","background-image":"","background-repeat":"repeat","background-position":"center center","background-size":"auto","background-attachment":"scroll","background-type":"","background-media":"","overlay-type":"","overlay-color":"","overlay-gradient":""}},"ast-content-background-meta":{"desktop":{"background-color":"var(--ast-global-color-5)","background-image":"","background-repeat":"repeat","background-position":"center center","background-size":"auto","background-attachment":"scroll","background-type":"","background-media":"","overlay-type":"","overlay-color":"","overlay-gradient":""},"tablet":{"background-color":"var(--ast-global-color-5)","background-image":"","background-repeat":"repeat","background-position":"center center","background-size":"auto","background-attachment":"scroll","background-type":"","background-media":"","overlay-type":"","overlay-color":"","overlay-gradient":""},"mobile":{"background-color":"var(--ast-global-color-5)","background-image":"","background-repeat":"repeat","background-position":"center center","background-size":"auto","background-attachment":"scroll","background-type":"","background-media":"","overlay-type":"","overlay-color":"","overlay-gradient":""}},"footnotes":""},"_links":{"self":[{"href":"https:\/\/canadamama.ca\/es\/wp-json\/wp\/v2\/pages\/1414"}],"collection":[{"href":"https:\/\/canadamama.ca\/es\/wp-json\/wp\/v2\/pages"}],"about":[{"href":"https:\/\/canadamama.ca\/es\/wp-json\/wp\/v2\/types\/page"}],"author":[{"embeddable":true,"href":"https:\/\/canadamama.ca\/es\/wp-json\/wp\/v2\/users\/1"}],"replies":[{"embeddable":true,"href":"https:\/\/canadamama.ca\/es\/wp-json\/wp\/v2\/comments?post=1414"}],"version-history":[{"count":3,"href":"https:\/\/canadamama.ca\/es\/wp-json\/wp\/v2\/pages\/1414\/revisions"}],"predecessor-version":[{"id":1419,"href":"https:\/\/canadamama.ca\/es\/wp-json\/wp\/v2\/pages\/1414\/revisions\/1419"}],"wp:featuredmedia":[{"embeddable":true,"href":"https:\/\/canadamama.ca\/es\/wp-json\/wp\/v2\/media\/1416"}],"wp:attachment":[{"href":"https:\/\/canadamama.ca\/es\/wp-json\/wp\/v2\/media?parent=1414"}],"curies":[{"name":"wp","href":"https:\/\/api.w.org\/{rel}","templated":true}]}}